{"id":284,"date":"2021-01-19T10:44:45","date_gmt":"2021-01-19T10:44:45","guid":{"rendered":"https:\/\/new.dantza.com\/?page_id=284"},"modified":"2025-11-26T14:35:33","modified_gmt":"2025-11-26T14:35:33","slug":"privacy-policy","status":"publish","type":"page","link":"https:\/\/www.dantza.com\/en\/privacy-policy\/","title":{"rendered":"Info LOPD"},"content":{"rendered":"<div class=\"fusion-fullwidth fullwidth-box fusion-builder-row-1 fusion-flex-container nonhundred-percent-fullwidth non-hundred-percent-height-scrolling\" style=\"--awb-border-radius-top-left:0px;--awb-border-radius-top-right:0px;--awb-border-radius-bottom-right:0px;--awb-border-radius-bottom-left:0px;--awb-padding-top:90px;--awb-padding-bottom:90px;--awb-flex-wrap:wrap;\" ><div class=\"fusion-builder-row fusion-row fusion-flex-align-items-flex-start fusion-flex-content-wrap\" style=\"max-width:1248px;margin-left: calc(-4% \/ 2 );margin-right: calc(-4% \/ 2 );\"><div class=\"fusion-layout-column fusion_builder_column fusion-builder-column-0 fusion_builder_column_1_1 1_1 fusion-flex-column fusion-animated\" style=\"--awb-padding-right:90px;--awb-padding-right-small:0px;--awb-bg-size:cover;--awb-width-large:100%;--awb-margin-top-large:0px;--awb-spacing-right-large:1.92%;--awb-margin-bottom-large:20px;--awb-spacing-left-large:1.92%;--awb-width-medium:100%;--awb-order-medium:0;--awb-spacing-right-medium:1.92%;--awb-spacing-left-medium:1.92%;--awb-width-small:100%;--awb-order-small:0;--awb-spacing-right-small:1.92%;--awb-spacing-left-small:1.92%;\" data-animationtype=\"fadeInUp\" data-animationduration=\"1.0\" data-animationoffset=\"top-into-view\"><div class=\"fusion-column-wrapper fusion-column-has-shadow fusion-flex-justify-content-flex-start fusion-content-layout-column\"><div class=\"fusion-title title fusion-title-1 fusion-sep-none fusion-title-text fusion-title-size-two\" style=\"--awb-margin-top-small:0px;--awb-margin-bottom-small:10px;--awb-font-size:var(--awb-typography1-font-size);\"><h2 class=\"fusion-title-heading title-heading-left sm-text-align-center fusion-responsive-typography-calculated\" style=\"font-family:var(--awb-typography1-font-family);font-weight:var(--awb-typography1-font-weight);font-style:var(--awb-typography1-font-style);margin:0;letter-spacing:var(--awb-typography1-letter-spacing);text-transform:var(--awb-typography1-text-transform);font-size:1em;--fontSize:60;line-height:var(--awb-typography1-line-height);\">EXTENDED INFORMATION CONSENT AND ASSIGNMENT CLAUSE LOPD<\/h2><\/div><div class=\"fusion-text fusion-text-1 sm-text-align-center\"><h5><strong><u>Extended information clause:<\/u><\/strong><\/h5>\n<ol>\n<li class=\"translation-block\">The personal data provided by you will be processed by DANTZA, List of the information with activity details. Contact information of our Data Protection Officer:\u00a0<a href=\"mailto:dpd@grupoan.com\" target=\"_self\" rel=\"noopener\">dpd@grupoan.com<\/a><\/li>\n<li>In this regard, please note that the legal basis for processing your personal data is: the consent that you have given us or the fulfilment of a service provision contract.<\/li>\n<li>The period for which your personal data will be retained will be as long as there is a legal obligation. This period shall be at least the same as the statute of limitations provided for legal actions established by the Law in each case, and the period which in all cases may be provided by special laws or regulations for the professional statute of the Data Controller or Data Processor.<\/li>\n<li>Puede ejercitar sus derechos de acceso, rectificaci\u00f3n, cancelaci\u00f3n, limitaci\u00f3n, portabilidad y oposici\u00f3n ante el Delegado de Protecci\u00f3n de Datos de DANTZA mediante env\u00edo de correo electr\u00f3nico a dpd@datnza.com o por correo postal dirigi\u00e9ndose a Campo de Tajonar s\/n \u2013 31192 Tajonar (Navarra) (A\/A. Delegado de Protecci\u00f3n de Datos), en cualquier caso mediante solicitud escrita suficientemente acreditada.<\/li>\n<li>Note also that you are entitled to file a claim with the control authority.<\/li>\n<li>This consent can be revoked at any time by writing to the above address by any means for which correct receipt can be certified. In this regard, please note that such revocation will not affect the validity and \/ or legality of the processing and \/ or assignment performed prior to you withdrawing your consent.<\/li>\n<\/ol>\n<p>All of this information is provided in accordance with the provisions of the European General Personal Data Protection Regulation.<\/p>\n<\/div><\/div><\/div><\/div><\/div>","protected":false},"excerpt":{"rendered":"","protected":false},"author":1,"featured_media":0,"parent":0,"menu_order":0,"comment_status":"closed","ping_status":"closed","template":"100-width.php","meta":{"footnotes":""},"class_list":["post-284","page","type-page","status-publish","hentry"],"_links":{"self":[{"href":"https:\/\/www.dantza.com\/en\/wp-json\/wp\/v2\/pages\/284","targetHints":{"allow":["GET"]}}],"collection":[{"href":"https:\/\/www.dantza.com\/en\/wp-json\/wp\/v2\/pages"}],"about":[{"href":"https:\/\/www.dantza.com\/en\/wp-json\/wp\/v2\/types\/page"}],"author":[{"embeddable":true,"href":"https:\/\/www.dantza.com\/en\/wp-json\/wp\/v2\/users\/1"}],"replies":[{"embeddable":true,"href":"https:\/\/www.dantza.com\/en\/wp-json\/wp\/v2\/comments?post=284"}],"version-history":[{"count":5,"href":"https:\/\/www.dantza.com\/en\/wp-json\/wp\/v2\/pages\/284\/revisions"}],"predecessor-version":[{"id":4229,"href":"https:\/\/www.dantza.com\/en\/wp-json\/wp\/v2\/pages\/284\/revisions\/4229"}],"wp:attachment":[{"href":"https:\/\/www.dantza.com\/en\/wp-json\/wp\/v2\/media?parent=284"}],"curies":[{"name":"wp","href":"https:\/\/api.w.org\/{rel}","templated":true}]}}