{"id":1099,"date":"2023-05-06T10:26:01","date_gmt":"2023-05-06T10:26:01","guid":{"rendered":"https:\/\/new.dantza.com\/?post_type=product&#038;p=1099"},"modified":"2025-12-18T06:03:12","modified_gmt":"2025-12-18T06:03:12","slug":"esparrago-igp-navarra-frasco-m-580","status":"publish","type":"product","link":"https:\/\/www.dantza.com\/en\/product\/esparrago-igp-navarra-frasco-m-580\/","title":{"rendered":"White Asparagus PGI Navarra Jar M-580"},"content":{"rendered":"<p data-start=\"667\" data-end=\"951\">Nuestro <strong data-start=\"675\" data-end=\"710\">Esp\u00e1rrago IGP Navarra en frasco<\/strong> cuenta con la <strong data-start=\"725\" data-end=\"768\">Indicaci\u00f3n Geogr\u00e1fica Protegida Navarra<\/strong>, sello que garantiza su <strong data-start=\"793\" data-end=\"843\">procedencia, calidad y elaboraci\u00f3n tradicional<\/strong>. Se cultiva exclusivamente en huertas navarras y se somete a los controles del Consejo Regulador de la IGP.<\/p>\n<p data-start=\"953\" data-end=\"1186\">Estos <a href=\"https:\/\/www.dantza.com\/en\/productos\/esparrago-do-navarra-extra\/\"><strong data-start=\"959\" data-end=\"996\">esp\u00e1rragos blancos de Navarra IGP<\/strong><\/a> se recolectan manualmente, se pelan cuidadosamente y se envasan en <strong data-start=\"1064\" data-end=\"1085\">frasco de cristal<\/strong>, lo que permite apreciar visualmente su <strong data-start=\"1126\" data-end=\"1185\">color blanco uniforme, calibre y excelente presentaci\u00f3n<\/strong>.<\/p>\n<p data-start=\"1188\" data-end=\"1420\">El <strong data-start=\"1191\" data-end=\"1215\">formato frasco M-580<\/strong> ofrece una cantidad mayor, ideal para <strong data-start=\"1254\" data-end=\"1299\">familias, restauraci\u00f3n o mesas especiales<\/strong>, manteniendo intactas la <strong data-start=\"1325\" data-end=\"1371\">textura tierna y el sabor suave y delicado<\/strong> caracter\u00edsticos del aut\u00e9ntico esp\u00e1rrago navarro.<\/p>\n<h4 data-start=\"1422\" data-end=\"1454\">Caracter\u00edsticas principales<\/h4>\n<ul data-start=\"1455\" data-end=\"1664\">\n<li data-start=\"1455\" data-end=\"1486\">\n<p data-start=\"1457\" data-end=\"1486\"><strong data-start=\"1457\" data-end=\"1486\">Esp\u00e1rrago con IGP Navarra<\/strong><\/p>\n<\/li>\n<li data-start=\"1487\" data-end=\"1521\">\n<p data-start=\"1489\" data-end=\"1521\">Esp\u00e1rrago blanco de alta calidad<\/p>\n<\/li>\n<li data-start=\"1522\" data-end=\"1553\">\n<p data-start=\"1524\" data-end=\"1553\">Envasado en frasco de cristal<\/p>\n<\/li>\n<li data-start=\"1554\" data-end=\"1574\">\n<p data-start=\"1556\" data-end=\"1574\">Recolecci\u00f3n manual<\/p>\n<\/li>\n<li data-start=\"1575\" data-end=\"1603\">\n<p data-start=\"1577\" data-end=\"1603\">Textura tierna y homog\u00e9nea<\/p>\n<\/li>\n<li data-start=\"1604\" data-end=\"1631\">\n<p data-start=\"1606\" data-end=\"1631\">Sabor suave y equilibrado<\/p>\n<\/li>\n<li data-start=\"1632\" data-end=\"1664\">\n<p data-start=\"1634\" data-end=\"1664\">Formato M-580, mayor capacidad<\/p>\n<\/li>\n<\/ul>\n<h4 data-start=\"1666\" data-end=\"1683\">Ingredients<\/h4>\n<p data-start=\"1684\" data-end=\"1730\">Esp\u00e1rrago blanco de Navarra (IGP), agua y sal.<\/p>\n<h4 data-start=\"1732\" data-end=\"1751\">Modo de empleo<\/h4>\n<p data-start=\"1752\" data-end=\"1902\">Producto listo para consumir. Ideal para servir en fr\u00edo como entrante, con aceite de oliva, mayonesa o vinagreta, o como guarnici\u00f3n en platos gourmet.<\/p>\n<h4 data-start=\"1904\" data-end=\"1921\">Conservaci\u00f3n<\/h4>\n<p data-start=\"1922\" data-end=\"2023\">Conservar en lugar fresco y seco. Una vez abierto, mantener refrigerado y consumir antes de 48 horas.<\/p>","protected":false},"excerpt":{"rendered":"<h5>White Asparagus PGI Navarra Jar M-580 (5\/8 &amp; 8-10)<\/h5>\n<p><strong>White Asparagus PGI Navarra<\/strong><br \/>\nWhite Asparagus PGI Navarra are a worldwide reference and an emblematic product of the fertile land of the Ebro River Valley. Our white Asparagus are cultivated and handled carefully. They are white, which means that they had no exposure to the sun and smooth in texture, fibre-free and with a perfect balance of smoothness and bitterness on the palate.<\/p>","protected":false},"featured_media":3052,"template":"","meta":[],"product_brand":[],"product_cat":[42,41],"product_tag":[],"class_list":{"0":"post-1099","1":"product","2":"type-product","3":"status-publish","4":"has-post-thumbnail","6":"product_cat-entero-extra-igp-navarra","7":"product_cat-esparrago-de-navarra","9":"first","10":"instock","11":"shipping-taxable","12":"product-type-simple"},"_links":{"self":[{"href":"https:\/\/www.dantza.com\/en\/wp-json\/wp\/v2\/product\/1099","targetHints":{"allow":["GET"]}}],"collection":[{"href":"https:\/\/www.dantza.com\/en\/wp-json\/wp\/v2\/product"}],"about":[{"href":"https:\/\/www.dantza.com\/en\/wp-json\/wp\/v2\/types\/product"}],"wp:featuredmedia":[{"embeddable":true,"href":"https:\/\/www.dantza.com\/en\/wp-json\/wp\/v2\/media\/3052"}],"wp:attachment":[{"href":"https:\/\/www.dantza.com\/en\/wp-json\/wp\/v2\/media?parent=1099"}],"wp:term":[{"taxonomy":"product_brand","embeddable":true,"href":"https:\/\/www.dantza.com\/en\/wp-json\/wp\/v2\/product_brand?post=1099"},{"taxonomy":"product_cat","embeddable":true,"href":"https:\/\/www.dantza.com\/en\/wp-json\/wp\/v2\/product_cat?post=1099"},{"taxonomy":"product_tag","embeddable":true,"href":"https:\/\/www.dantza.com\/en\/wp-json\/wp\/v2\/product_tag?post=1099"}],"curies":[{"name":"wp","href":"https:\/\/api.w.org\/{rel}","templated":true}]}}