{"id":1102,"date":"2023-05-06T10:26:01","date_gmt":"2023-05-06T10:26:01","guid":{"rendered":"https:\/\/new.dantza.com\/?post_type=product&#038;p=1102"},"modified":"2025-12-18T06:08:03","modified_gmt":"2025-12-18T06:08:03","slug":"piquillo-lata-fiesta","status":"publish","type":"product","link":"https:\/\/www.dantza.com\/en\/product\/piquillo-lata-fiesta\/","title":{"rendered":"Piquillo Peppers Flat Tin"},"content":{"rendered":"<p data-start=\"571\" data-end=\"835\">Nuestro <strong data-start=\"579\" data-end=\"599\">Piquillo en lata<\/strong> en <strong data-start=\"603\" data-end=\"626\">formato Lata Fiesta<\/strong> est\u00e1 elaborado a partir de <a href=\"https:\/\/www.dantza.com\/en\/productos\/pimiento-de-piquillo\/\"><strong data-start=\"654\" data-end=\"709\">pimientos del piquillo cuidadosamente seleccionados<\/strong><\/a>, pensados para ofrecer una <strong data-start=\"737\" data-end=\"762\">presentaci\u00f3n especial<\/strong> y una calidad \u00f3ptima en <strong data-start=\"787\" data-end=\"834\">celebraciones, comidas familiares y eventos<\/strong>.<\/p>\n<p data-start=\"837\" data-end=\"1063\">Los pimientos del piquillo se asan y se conservan con esmero para mantener su <strong data-start=\"915\" data-end=\"988\">color rojo intenso, textura carnosa y sabor suave y ligeramente dulce<\/strong>, caracter\u00edstico de este producto tan apreciado en la gastronom\u00eda espa\u00f1ola.<\/p>\n<p data-start=\"1065\" data-end=\"1220\">La <strong data-start=\"1068\" data-end=\"1083\">Lata Fiesta<\/strong> es ideal para compartir, para restauraci\u00f3n o para ocasiones donde se necesita una mayor cantidad de producto sin renunciar a la calidad.<\/p>\n<h4 data-start=\"1222\" data-end=\"1254\">Caracter\u00edsticas principales<\/h4>\n<ul data-start=\"1255\" data-end=\"1438\">\n<li data-start=\"1255\" data-end=\"1291\">\n<p data-start=\"1257\" data-end=\"1291\">Pimientos del piquillo en conserva<\/p>\n<\/li>\n<li data-start=\"1292\" data-end=\"1326\">\n<p data-start=\"1294\" data-end=\"1326\"><strong data-start=\"1294\" data-end=\"1326\">Formato especial Lata Fiesta<\/strong><\/p>\n<\/li>\n<li data-start=\"1327\" data-end=\"1352\">\n<p data-start=\"1329\" data-end=\"1352\">Textura carnosa y suave<\/p>\n<\/li>\n<li data-start=\"1353\" data-end=\"1380\">\n<p data-start=\"1355\" data-end=\"1380\">Sabor dulce y equilibrado<\/p>\n<\/li>\n<li data-start=\"1381\" data-end=\"1401\">\n<p data-start=\"1383\" data-end=\"1401\">Color rojo intenso<\/p>\n<\/li>\n<li data-start=\"1402\" data-end=\"1438\">\n<p data-start=\"1404\" data-end=\"1438\">Ideal para celebraciones y eventos<\/p>\n<\/li>\n<\/ul>\n<h4 data-start=\"1440\" data-end=\"1457\">Ingredients<\/h4>\n<p data-start=\"1458\" data-end=\"1492\">Pimiento del piquillo, agua y sal.<\/p>\n<h4 data-start=\"1494\" data-end=\"1513\">Modo de empleo<\/h4>\n<p data-start=\"1514\" data-end=\"1668\">Producto listo para consumir. Perfecto para servir en fr\u00edo con aceite de oliva, como entrante, guarnici\u00f3n, relleno o acompa\u00f1amiento de platos principales.<\/p>\n<h4 data-start=\"1670\" data-end=\"1687\">Conservaci\u00f3n<\/h4>\n<p data-start=\"1688\" data-end=\"1789\">Conservar en lugar fresco y seco. Una vez abierto, mantener refrigerado y consumir antes de 48 horas.<\/p>","protected":false},"excerpt":{"rendered":"<h5>Piquillo Peppers Flat Tin<\/h5>\n<p><strong>Piquillo Pepper<\/strong><br \/>\nThey are elaborated in a very delicate and artisanal way. They are delicious and perfect to stuff with other ingredients.<\/p>","protected":false},"featured_media":1273,"template":"","meta":[],"product_brand":[],"product_cat":[45,44],"product_tag":[],"class_list":{"0":"post-1102","1":"product","2":"type-product","3":"status-publish","4":"has-post-thumbnail","6":"product_cat-navarra","7":"product_cat-pimiento-de-piquillo","9":"first","10":"instock","11":"shipping-taxable","12":"product-type-simple"},"_links":{"self":[{"href":"https:\/\/www.dantza.com\/en\/wp-json\/wp\/v2\/product\/1102","targetHints":{"allow":["GET"]}}],"collection":[{"href":"https:\/\/www.dantza.com\/en\/wp-json\/wp\/v2\/product"}],"about":[{"href":"https:\/\/www.dantza.com\/en\/wp-json\/wp\/v2\/types\/product"}],"wp:featuredmedia":[{"embeddable":true,"href":"https:\/\/www.dantza.com\/en\/wp-json\/wp\/v2\/media\/1273"}],"wp:attachment":[{"href":"https:\/\/www.dantza.com\/en\/wp-json\/wp\/v2\/media?parent=1102"}],"wp:term":[{"taxonomy":"product_brand","embeddable":true,"href":"https:\/\/www.dantza.com\/en\/wp-json\/wp\/v2\/product_brand?post=1102"},{"taxonomy":"product_cat","embeddable":true,"href":"https:\/\/www.dantza.com\/en\/wp-json\/wp\/v2\/product_cat?post=1102"},{"taxonomy":"product_tag","embeddable":true,"href":"https:\/\/www.dantza.com\/en\/wp-json\/wp\/v2\/product_tag?post=1102"}],"curies":[{"name":"wp","href":"https:\/\/api.w.org\/{rel}","templated":true}]}}