{"id":1106,"date":"2023-05-06T10:26:02","date_gmt":"2023-05-06T10:26:02","guid":{"rendered":"https:\/\/new.dantza.com\/?post_type=product&#038;p=1106"},"modified":"2025-12-18T05:24:54","modified_gmt":"2025-12-18T05:24:54","slug":"piquillo-de-lodosa-lata-fiesta","status":"publish","type":"product","link":"https:\/\/www.dantza.com\/en\/product\/piquillo-de-lodosa-lata-fiesta\/","title":{"rendered":"Piquillo Peppers Flat Tin"},"content":{"rendered":"","protected":false},"excerpt":{"rendered":"<h5>Piquillo Peppers Flat Tin<\/h5>\n<p data-start=\"576\" data-end=\"903\">Nuestro <strong data-start=\"584\" data-end=\"606\">Piquillo de Lodosa<\/strong> cuenta con <strong data-start=\"618\" data-end=\"654\">Denominaci\u00f3n de Origen Protegida<\/strong>, garant\u00eda de autenticidad, origen y calidad. Se cultiva exclusivamente en el entorno de la localidad navarra de Lodosa, donde el clima, el suelo y el saber hacer tradicional dan lugar a uno de los pimientos m\u00e1s valorados de la gastronom\u00eda espa\u00f1ola.<\/p>\n<p data-start=\"905\" data-end=\"1238\">Los <a href=\"https:\/\/www.dantza.com\/en\/productos\/pimiento-de-piquillo\/\"><strong data-start=\"909\" data-end=\"950\">pimientos del piquillo de Lodosa D.O.<\/strong><\/a> se recolectan manualmente en su punto \u00f3ptimo de maduraci\u00f3n, se asan directamente con llama, se pelan uno a uno sin agua para no perder sabor y se conservan cuidadosamente para mantener su textura carnosa, su color rojo intenso y su caracter\u00edstico sabor dulce con un ligero toque ahumado.<\/p>\n<h4 data-start=\"1240\" data-end=\"1272\">Caracter\u00edsticas principales<\/h4>\n<ul data-start=\"1273\" data-end=\"1524\">\n<li data-start=\"1273\" data-end=\"1334\">\n<p data-start=\"1275\" data-end=\"1334\"><strong data-start=\"1275\" data-end=\"1334\">Piquillo de Lodosa con Denominaci\u00f3n de Origen Protegida<\/strong><\/p>\n<\/li>\n<li data-start=\"1335\" data-end=\"1367\">\n<p data-start=\"1337\" data-end=\"1367\">Cultivo tradicional en Navarra<\/p>\n<\/li>\n<li data-start=\"1368\" data-end=\"1388\">\n<p data-start=\"1370\" data-end=\"1388\">Recolecci\u00f3n manual<\/p>\n<\/li>\n<li data-start=\"1389\" data-end=\"1414\">\n<p data-start=\"1391\" data-end=\"1414\">Asado con llama directa<\/p>\n<\/li>\n<li data-start=\"1415\" data-end=\"1442\">\n<p data-start=\"1417\" data-end=\"1442\">Pelado artesanal sin agua<\/p>\n<\/li>\n<li data-start=\"1443\" data-end=\"1481\">\n<p data-start=\"1445\" data-end=\"1481\">Sabor dulce, textura firme y carnosa<\/p>\n<\/li>\n<li data-start=\"1482\" data-end=\"1524\">\n<p data-start=\"1484\" data-end=\"1524\">Producto vegetal de alta calidad gourmet<\/p>\n<\/li>\n<\/ul>\n<h4 data-start=\"1526\" data-end=\"1543\">Ingredients<\/h4>\n<p data-start=\"1544\" data-end=\"1595\">Pimiento del piquillo de Lodosa (D.O.), agua y sal.<\/p>\n<h4 data-start=\"1597\" data-end=\"1616\">Modo de empleo<\/h4>\n<p data-start=\"1617\" data-end=\"1798\">Listos para consumir. Ideales para servir en fr\u00edo con aceite de oliva, como acompa\u00f1amiento de carnes y pescados, en ensaladas, rellenos o recetas tradicionales de la cocina navarra.<\/p>\n<h4 data-start=\"1800\" data-end=\"1817\">Conservaci\u00f3n<\/h4>\n<p data-start=\"1818\" data-end=\"1920\">Almacenar en lugar fresco y seco. Una vez abierto, conservar refrigerado y consumir antes de 48 horas.<\/p>","protected":false},"featured_media":3057,"template":"","meta":[],"product_brand":[],"product_cat":[47,44],"product_tag":[],"class_list":{"0":"post-1106","1":"product","2":"type-product","3":"status-publish","4":"has-post-thumbnail","6":"product_cat-lodosa-extra","7":"product_cat-pimiento-de-piquillo","9":"first","10":"instock","11":"shipping-taxable","12":"product-type-simple"},"_links":{"self":[{"href":"https:\/\/www.dantza.com\/en\/wp-json\/wp\/v2\/product\/1106","targetHints":{"allow":["GET"]}}],"collection":[{"href":"https:\/\/www.dantza.com\/en\/wp-json\/wp\/v2\/product"}],"about":[{"href":"https:\/\/www.dantza.com\/en\/wp-json\/wp\/v2\/types\/product"}],"wp:featuredmedia":[{"embeddable":true,"href":"https:\/\/www.dantza.com\/en\/wp-json\/wp\/v2\/media\/3057"}],"wp:attachment":[{"href":"https:\/\/www.dantza.com\/en\/wp-json\/wp\/v2\/media?parent=1106"}],"wp:term":[{"taxonomy":"product_brand","embeddable":true,"href":"https:\/\/www.dantza.com\/en\/wp-json\/wp\/v2\/product_brand?post=1106"},{"taxonomy":"product_cat","embeddable":true,"href":"https:\/\/www.dantza.com\/en\/wp-json\/wp\/v2\/product_cat?post=1106"},{"taxonomy":"product_tag","embeddable":true,"href":"https:\/\/www.dantza.com\/en\/wp-json\/wp\/v2\/product_tag?post=1106"}],"curies":[{"name":"wp","href":"https:\/\/api.w.org\/{rel}","templated":true}]}}