{"id":1111,"date":"2023-05-06T10:26:02","date_gmt":"2023-05-06T10:26:02","guid":{"rendered":"https:\/\/new.dantza.com\/?post_type=product&#038;p=1111"},"modified":"2025-12-18T05:38:28","modified_gmt":"2025-12-18T05:38:28","slug":"garbanzos","status":"publish","type":"product","link":"https:\/\/www.dantza.com\/en\/product\/garbanzos\/","title":{"rendered":"Chickpeas"},"content":{"rendered":"<h3 data-start=\"458\" data-end=\"498\">Garbanzos cocidos \u2013 Conserva natural<\/h3>\n<p data-start=\"500\" data-end=\"776\">Nuestros <strong data-start=\"509\" data-end=\"522\">garbanzos<\/strong> est\u00e1n cuidadosamente seleccionados y <strong data-start=\"560\" data-end=\"590\">cocidos en su punto \u00f3ptimo<\/strong> para ofrecer una textura tierna, piel fina y un sabor suave y natural. Se conservan de forma sencilla para mantener sus propiedades nutricionales y facilitar su uso en la cocina diaria.<\/p>\n<p data-start=\"778\" data-end=\"990\">Los <strong data-start=\"782\" data-end=\"815\">garbanzos cocidos en conserva<\/strong> son una opci\u00f3n pr\u00e1ctica y saludable, ideales para preparar guisos tradicionales, potajes, hummus, ensaladas o platos r\u00e1pidos sin renunciar a la calidad de una buena legumbre.<\/p>\n<h4 data-start=\"992\" data-end=\"1024\">Caracter\u00edsticas principales<\/h4>\n<ul data-start=\"1025\" data-end=\"1218\">\n<li data-start=\"1025\" data-end=\"1060\">\n<p data-start=\"1027\" data-end=\"1060\">Garbanzos cocidos de alta calidad<\/p>\n<\/li>\n<li data-start=\"1061\" data-end=\"1089\">\n<p data-start=\"1063\" data-end=\"1089\">Textura tierna y piel fina<\/p>\n<\/li>\n<li data-start=\"1090\" data-end=\"1113\">\n<p data-start=\"1092\" data-end=\"1113\">Sabor suave y natural<\/p>\n<\/li>\n<li data-start=\"1114\" data-end=\"1136\">\n<p data-start=\"1116\" data-end=\"1136\">Listos para consumir<\/p>\n<\/li>\n<li data-start=\"1137\" data-end=\"1187\">\n<p data-start=\"1139\" data-end=\"1187\">Ideales para guisos, ensaladas y recetas caseras<\/p>\n<\/li>\n<li data-start=\"1188\" data-end=\"1218\">\n<p data-start=\"1190\" data-end=\"1218\">Producto vegetal en conserva<\/p>\n<\/li>\n<\/ul>\n<h4 data-start=\"1220\" data-end=\"1237\">Ingredients<\/h4>\n<p data-start=\"1238\" data-end=\"1260\">Garbanzos, agua y sal.<\/p>\n<h4 data-start=\"1262\" data-end=\"1281\">Modo de empleo<\/h4>\n<p data-start=\"1282\" data-end=\"1425\">Producto listo para usar. Pueden consumirse directamente o calentarse y a\u00f1adirse a potajes, cocidos, ensaladas, cremas o recetas tradicionales.<\/p>\n<h4 data-start=\"1427\" data-end=\"1444\">Conservaci\u00f3n<\/h4>\n<p data-start=\"1445\" data-end=\"1546\">Conservar en lugar fresco y seco. Una vez abierto, mantener refrigerado y consumir antes de 48 horas.<\/p>","protected":false},"excerpt":{"rendered":"<p style=\"text-align: right;\"><a>BACK<\/a><\/p>\n<h5>Chickpeas<\/h5>\n<p><strong>Legumes<\/strong><br \/>\nElaborated carefully to avoid losing its flavour and maintain al its properties without preservatives.<\/p>","protected":false},"featured_media":3086,"template":"","meta":[],"product_brand":[],"product_cat":[49],"product_tag":[],"class_list":{"0":"post-1111","1":"product","2":"type-product","3":"status-publish","4":"has-post-thumbnail","6":"product_cat-legumbre","8":"first","9":"instock","10":"shipping-taxable","11":"product-type-simple"},"_links":{"self":[{"href":"https:\/\/www.dantza.com\/en\/wp-json\/wp\/v2\/product\/1111","targetHints":{"allow":["GET"]}}],"collection":[{"href":"https:\/\/www.dantza.com\/en\/wp-json\/wp\/v2\/product"}],"about":[{"href":"https:\/\/www.dantza.com\/en\/wp-json\/wp\/v2\/types\/product"}],"wp:featuredmedia":[{"embeddable":true,"href":"https:\/\/www.dantza.com\/en\/wp-json\/wp\/v2\/media\/3086"}],"wp:attachment":[{"href":"https:\/\/www.dantza.com\/en\/wp-json\/wp\/v2\/media?parent=1111"}],"wp:term":[{"taxonomy":"product_brand","embeddable":true,"href":"https:\/\/www.dantza.com\/en\/wp-json\/wp\/v2\/product_brand?post=1111"},{"taxonomy":"product_cat","embeddable":true,"href":"https:\/\/www.dantza.com\/en\/wp-json\/wp\/v2\/product_cat?post=1111"},{"taxonomy":"product_tag","embeddable":true,"href":"https:\/\/www.dantza.com\/en\/wp-json\/wp\/v2\/product_tag?post=1111"}],"curies":[{"name":"wp","href":"https:\/\/api.w.org\/{rel}","templated":true}]}}