{"id":1112,"date":"2023-05-06T10:26:02","date_gmt":"2023-05-06T10:26:02","guid":{"rendered":"https:\/\/new.dantza.com\/?post_type=product&#038;p=1112"},"modified":"2025-12-18T05:51:51","modified_gmt":"2025-12-18T05:51:51","slug":"lentejas","status":"publish","type":"product","link":"https:\/\/www.dantza.com\/en\/product\/lentejas\/","title":{"rendered":"Lentils"},"content":{"rendered":"<p data-start=\"507\" data-end=\"791\">Nuestras <strong data-start=\"516\" data-end=\"528\">lentejas<\/strong> est\u00e1n seleccionadas cuidadosamente y <strong data-start=\"566\" data-end=\"596\">cocidas en su punto \u00f3ptimo<\/strong> para ofrecer una textura tierna, sabor equilibrado y una piel suave que no se desprende. Se conservan de forma natural para mantener todas sus propiedades y facilitar su uso en la cocina diaria.<\/p>\n<p data-start=\"793\" data-end=\"1045\">Las <strong data-start=\"797\" data-end=\"829\">lentejas cocidas en conserva<\/strong> son una soluci\u00f3n pr\u00e1ctica y saludable para preparar platos tradicionales y recetas r\u00e1pidas, sin necesidad de remojo ni largos tiempos de cocci\u00f3n. Ideales para guisos, ensaladas templadas, cremas y platos de cuchara.<\/p>\n<h4 data-start=\"1047\" data-end=\"1079\">Caracter\u00edsticas principales<\/h4>\n<ul data-start=\"1080\" data-end=\"1272\">\n<li data-start=\"1080\" data-end=\"1114\">\n<p data-start=\"1082\" data-end=\"1114\">Lentejas cocidas de alta calidad<\/p>\n<\/li>\n<li data-start=\"1115\" data-end=\"1143\">\n<p data-start=\"1117\" data-end=\"1143\">Textura tierna y homog\u00e9nea<\/p>\n<\/li>\n<li data-start=\"1144\" data-end=\"1167\">\n<p data-start=\"1146\" data-end=\"1167\">Sabor suave y natural<\/p>\n<\/li>\n<li data-start=\"1168\" data-end=\"1190\">\n<p data-start=\"1170\" data-end=\"1190\">Listas para consumir<\/p>\n<\/li>\n<li data-start=\"1191\" data-end=\"1241\">\n<p data-start=\"1193\" data-end=\"1241\">Ideales para guisos, ensaladas y recetas caseras<\/p>\n<\/li>\n<li data-start=\"1242\" data-end=\"1272\">\n<p data-start=\"1244\" data-end=\"1272\">Producto vegetal en conserva<\/p>\n<\/li>\n<\/ul>\n<h4 data-start=\"1274\" data-end=\"1291\">Ingredients<\/h4>\n<p data-start=\"1292\" data-end=\"1313\">Lentejas, agua y sal.<\/p>\n<h4 data-start=\"1315\" data-end=\"1334\">Modo de empleo<\/h4>\n<p data-start=\"1335\" data-end=\"1473\">Producto listo para usar. Se pueden consumir directamente o calentar y a\u00f1adir a guisos, potajes, ensaladas, cremas o platos tradicionales.<\/p>\n<h4 data-start=\"1475\" data-end=\"1492\">Conservaci\u00f3n<\/h4>\n<p data-start=\"1493\" data-end=\"1594\">Conservar en lugar fresco y seco. Una vez abierto, mantener refrigerado y consumir antes de 48 horas.<\/p>","protected":false},"excerpt":{"rendered":"<h5>Lentils<\/h5>\n<p><strong>Legumes<\/strong><br \/>\nElaborated carefully to avoid losing its flavour and maintain al its properties without preservatives.<\/p>","protected":false},"featured_media":3638,"template":"","meta":[],"product_brand":[],"product_cat":[49],"product_tag":[],"class_list":{"0":"post-1112","1":"product","2":"type-product","3":"status-publish","4":"has-post-thumbnail","6":"product_cat-legumbre","8":"first","9":"instock","10":"shipping-taxable","11":"product-type-simple"},"_links":{"self":[{"href":"https:\/\/www.dantza.com\/en\/wp-json\/wp\/v2\/product\/1112","targetHints":{"allow":["GET"]}}],"collection":[{"href":"https:\/\/www.dantza.com\/en\/wp-json\/wp\/v2\/product"}],"about":[{"href":"https:\/\/www.dantza.com\/en\/wp-json\/wp\/v2\/types\/product"}],"wp:featuredmedia":[{"embeddable":true,"href":"https:\/\/www.dantza.com\/en\/wp-json\/wp\/v2\/media\/3638"}],"wp:attachment":[{"href":"https:\/\/www.dantza.com\/en\/wp-json\/wp\/v2\/media?parent=1112"}],"wp:term":[{"taxonomy":"product_brand","embeddable":true,"href":"https:\/\/www.dantza.com\/en\/wp-json\/wp\/v2\/product_brand?post=1112"},{"taxonomy":"product_cat","embeddable":true,"href":"https:\/\/www.dantza.com\/en\/wp-json\/wp\/v2\/product_cat?post=1112"},{"taxonomy":"product_tag","embeddable":true,"href":"https:\/\/www.dantza.com\/en\/wp-json\/wp\/v2\/product_tag?post=1112"}],"curies":[{"name":"wp","href":"https:\/\/api.w.org\/{rel}","templated":true}]}}