{"id":1130,"date":"2023-05-06T10:26:05","date_gmt":"2023-05-06T10:26:05","guid":{"rendered":"https:\/\/new.dantza.com\/?post_type=product&#038;p=1130"},"modified":"2025-12-18T09:01:40","modified_gmt":"2025-12-18T09:01:40","slug":"judia-verde-plana","status":"publish","type":"product","link":"https:\/\/www.dantza.com\/en\/product\/judia-verde-plana\/","title":{"rendered":"Flat Green Beans"},"content":{"rendered":"<p data-start=\"590\" data-end=\"799\">Nuestra <strong data-start=\"598\" data-end=\"619\">jud\u00eda verde plana<\/strong> est\u00e1 elaborada a partir de <strong data-start=\"647\" data-end=\"686\">jud\u00edas cuidadosamente seleccionadas<\/strong>, limpiadas y cocidas en su punto \u00f3ptimo para conservar su <strong data-start=\"745\" data-end=\"798\">textura tierna, color verde natural y sabor suave<\/strong>.<\/p>\n<p data-start=\"801\" data-end=\"1097\">La <strong data-start=\"804\" data-end=\"837\">jud\u00eda verde plana en conserva<\/strong> se caracteriza por su <strong data-start=\"860\" data-end=\"883\">forma ancha y plana<\/strong>, muy apreciada en la cocina tradicional por su <strong data-start=\"931\" data-end=\"972\">carne m\u00e1s fina y agradable al paladar<\/strong>. Es una opci\u00f3n pr\u00e1ctica y saludable para disfrutar de esta verdura durante todo el a\u00f1o, sin necesidad de preparaci\u00f3n previa.<\/p>\n<p data-start=\"1099\" data-end=\"1232\">Lista para usar, la jud\u00eda verde plana Dantza es ideal como <strong data-start=\"1158\" data-end=\"1172\">guarnici\u00f3n<\/strong>, para salteados, guisos, menestras o recetas tradicionales.<\/p>\n<h4 data-start=\"1234\" data-end=\"1266\">Caracter\u00edsticas principales<\/h4>\n<ul data-start=\"1267\" data-end=\"1448\">\n<li data-start=\"1267\" data-end=\"1290\">\n<p data-start=\"1269\" data-end=\"1290\"><strong data-start=\"1269\" data-end=\"1290\">Jud\u00eda verde plana<\/strong><\/p>\n<\/li>\n<li data-start=\"1291\" data-end=\"1323\">\n<p data-start=\"1293\" data-end=\"1323\">Verdura cocida de alta calidad<\/p>\n<\/li>\n<li data-start=\"1324\" data-end=\"1352\">\n<p data-start=\"1326\" data-end=\"1352\">Textura tierna y agradable<\/p>\n<\/li>\n<li data-start=\"1353\" data-end=\"1376\">\n<p data-start=\"1355\" data-end=\"1376\">Sabor suave y natural<\/p>\n<\/li>\n<li data-start=\"1377\" data-end=\"1398\">\n<p data-start=\"1379\" data-end=\"1398\">Lista para consumir<\/p>\n<\/li>\n<li data-start=\"1399\" data-end=\"1448\">\n<p data-start=\"1401\" data-end=\"1448\">Ideal para guarniciones y recetas tradicionales<\/p>\n<\/li>\n<\/ul>\n<h4 data-start=\"1450\" data-end=\"1467\">Ingredients<\/h4>\n<p data-start=\"1468\" data-end=\"1498\">Jud\u00eda verde plana, agua y sal.<\/p>\n<h4 data-start=\"1500\" data-end=\"1519\">Modo de empleo<\/h4>\n<p data-start=\"1520\" data-end=\"1689\">Producto listo para usar. Puede consumirse directamente o calentarse y utilizarse en salteados, menestras, guisos, revueltos o como acompa\u00f1amiento de platos principales.<\/p>\n<h4 data-start=\"1691\" data-end=\"1708\">Conservaci\u00f3n<\/h4>\n<p data-start=\"1709\" data-end=\"1810\">Conservar en lugar fresco y seco. Una vez abierto, mantener refrigerado y consumir antes de 48 horas.<\/p>","protected":false},"excerpt":{"rendered":"<h5>Flat Green Beans<\/h5>\n<p><strong>Vegetables from our farm<\/strong><br \/>\nOur vegetables come from our farms in the Ebro Valley. They are elaborated very carefully to enjoy its entire flavour.<\/p>","protected":false},"featured_media":3064,"template":"","meta":[],"product_brand":[],"product_cat":[55,50],"product_tag":[],"class_list":{"0":"post-1130","1":"product","2":"type-product","3":"status-publish","4":"has-post-thumbnail","6":"product_cat-tradicion","7":"product_cat-verdura","9":"first","10":"instock","11":"shipping-taxable","12":"product-type-simple"},"_links":{"self":[{"href":"https:\/\/www.dantza.com\/en\/wp-json\/wp\/v2\/product\/1130","targetHints":{"allow":["GET"]}}],"collection":[{"href":"https:\/\/www.dantza.com\/en\/wp-json\/wp\/v2\/product"}],"about":[{"href":"https:\/\/www.dantza.com\/en\/wp-json\/wp\/v2\/types\/product"}],"wp:featuredmedia":[{"embeddable":true,"href":"https:\/\/www.dantza.com\/en\/wp-json\/wp\/v2\/media\/3064"}],"wp:attachment":[{"href":"https:\/\/www.dantza.com\/en\/wp-json\/wp\/v2\/media?parent=1130"}],"wp:term":[{"taxonomy":"product_brand","embeddable":true,"href":"https:\/\/www.dantza.com\/en\/wp-json\/wp\/v2\/product_brand?post=1130"},{"taxonomy":"product_cat","embeddable":true,"href":"https:\/\/www.dantza.com\/en\/wp-json\/wp\/v2\/product_cat?post=1130"},{"taxonomy":"product_tag","embeddable":true,"href":"https:\/\/www.dantza.com\/en\/wp-json\/wp\/v2\/product_tag?post=1130"}],"curies":[{"name":"wp","href":"https:\/\/api.w.org\/{rel}","templated":true}]}}