{"id":1135,"date":"2023-05-06T10:26:06","date_gmt":"2023-05-06T10:26:06","guid":{"rendered":"https:\/\/new.dantza.com\/?post_type=product&#038;p=1135"},"modified":"2025-12-18T06:54:35","modified_gmt":"2025-12-18T06:54:35","slug":"tomate-entero","status":"publish","type":"product","link":"https:\/\/www.dantza.com\/en\/product\/tomate-entero\/","title":{"rendered":"Whole Tomato"},"content":{"rendered":"<p data-start=\"553\" data-end=\"756\">Nuestro <strong data-start=\"561\" data-end=\"578\">tomate entero<\/strong> est\u00e1 elaborado a partir de <strong data-start=\"606\" data-end=\"654\">tomates maduros cuidadosamente seleccionados<\/strong>, <strong data-start=\"656\" data-end=\"689\">pelados y conservados enteros<\/strong>, para mantener su <strong data-start=\"708\" data-end=\"755\">forma natural, sabor fresco y textura firme<\/strong>.<\/p>\n<p data-start=\"758\" data-end=\"957\">El <strong data-start=\"761\" data-end=\"790\">tomate entero en conserva<\/strong> es ideal para recetas donde se desea trabajar el tomate desde su estado m\u00e1s natural, permitiendo <strong data-start=\"888\" data-end=\"934\">trocearlo, triturarlo o cocinarlo al gusto<\/strong>, seg\u00fan la preparaci\u00f3n.<\/p>\n<p data-start=\"959\" data-end=\"1144\">Gracias a su formato, el tomate entero Dantza es una base vers\u00e1til para <strong data-start=\"1031\" data-end=\"1100\">salsas caseras, guisos, sofritos, arroces y recetas tradicionales<\/strong>, conservando el aut\u00e9ntico sabor del tomate.<\/p>\n<h4 data-start=\"1146\" data-end=\"1178\">Caracter\u00edsticas principales<\/h4>\n<ul data-start=\"1179\" data-end=\"1365\">\n<li data-start=\"1179\" data-end=\"1205\">\n<p data-start=\"1181\" data-end=\"1205\"><strong data-start=\"1181\" data-end=\"1205\">Tomate entero pelado<\/strong><\/p>\n<\/li>\n<li data-start=\"1206\" data-end=\"1245\">\n<p data-start=\"1208\" data-end=\"1245\">Tomates seleccionados de alta calidad<\/p>\n<\/li>\n<li data-start=\"1246\" data-end=\"1275\">\n<p data-start=\"1248\" data-end=\"1275\">Conservado de forma natural<\/p>\n<\/li>\n<li data-start=\"1276\" data-end=\"1305\">\n<p data-start=\"1278\" data-end=\"1305\">Textura firme y consistente<\/p>\n<\/li>\n<li data-start=\"1306\" data-end=\"1334\">\n<p data-start=\"1308\" data-end=\"1334\">Sabor fresco y equilibrado<\/p>\n<\/li>\n<li data-start=\"1335\" data-end=\"1365\">\n<p data-start=\"1337\" data-end=\"1365\">Ideal como base para cocinar<\/p>\n<\/li>\n<\/ul>\n<h4 data-start=\"1441\" data-end=\"1460\">Modo de empleo<\/h4>\n<p data-start=\"1461\" data-end=\"1619\">Producto listo para usar. Puede trocearse, triturarse o cocinarse directamente para preparar salsas, sofritos, guisos, arroces, pastas y platos tradicionales.<\/p>\n<h4 data-start=\"1621\" data-end=\"1638\">Conservaci\u00f3n<\/h4>\n<p data-start=\"1639\" data-end=\"1740\">Conservar en lugar fresco y seco. Una vez abierto, mantener refrigerado y consumir antes de 3\u20135 d\u00edas.<\/p>","protected":false},"excerpt":{"rendered":"<h5>Whole Tomato (5Kg, 3 Kg, 1 Kg, 1\/2 Kg)<\/h5>\n<p><strong>Tomato 100% natural<\/strong><br \/>\n\u00cdntegramente producido por los agricultores socios y en cuya elaboraci\u00f3n se combina perfectamente la tradici\u00f3n y la tecnolog\u00eda m\u00e1s moderna. Un producto 100% natural de sabor excepcional y disponible en una amplia variedad de gama: tomate entero pelado, triturado, troceado y frito.<\/p>","protected":false},"featured_media":3471,"template":"","meta":[],"product_brand":[],"product_cat":[57],"product_tag":[],"class_list":{"0":"post-1135","1":"product","2":"type-product","3":"status-publish","4":"has-post-thumbnail","6":"product_cat-entero","8":"first","9":"instock","10":"shipping-taxable","11":"product-type-simple"},"_links":{"self":[{"href":"https:\/\/www.dantza.com\/en\/wp-json\/wp\/v2\/product\/1135","targetHints":{"allow":["GET"]}}],"collection":[{"href":"https:\/\/www.dantza.com\/en\/wp-json\/wp\/v2\/product"}],"about":[{"href":"https:\/\/www.dantza.com\/en\/wp-json\/wp\/v2\/types\/product"}],"wp:featuredmedia":[{"embeddable":true,"href":"https:\/\/www.dantza.com\/en\/wp-json\/wp\/v2\/media\/3471"}],"wp:attachment":[{"href":"https:\/\/www.dantza.com\/en\/wp-json\/wp\/v2\/media?parent=1135"}],"wp:term":[{"taxonomy":"product_brand","embeddable":true,"href":"https:\/\/www.dantza.com\/en\/wp-json\/wp\/v2\/product_brand?post=1135"},{"taxonomy":"product_cat","embeddable":true,"href":"https:\/\/www.dantza.com\/en\/wp-json\/wp\/v2\/product_cat?post=1135"},{"taxonomy":"product_tag","embeddable":true,"href":"https:\/\/www.dantza.com\/en\/wp-json\/wp\/v2\/product_tag?post=1135"}],"curies":[{"name":"wp","href":"https:\/\/api.w.org\/{rel}","templated":true}]}}