{"id":1137,"date":"2023-05-06T10:26:06","date_gmt":"2023-05-06T10:26:06","guid":{"rendered":"https:\/\/new.dantza.com\/?post_type=product&#038;p=1137"},"modified":"2025-12-18T06:44:15","modified_gmt":"2025-12-18T06:44:15","slug":"tomate-frito-frasco-cristal","status":"publish","type":"product","link":"https:\/\/www.dantza.com\/en\/product\/tomate-frito-frasco-cristal\/","title":{"rendered":"Tomato Sauce Glass Jar"},"content":{"rendered":"<p data-start=\"576\" data-end=\"814\">Nuestro <strong data-start=\"584\" data-end=\"621\">tomate frito en frasco de cristal<\/strong> est\u00e1 elaborado siguiendo una <strong data-start=\"651\" data-end=\"673\">receta tradicional<\/strong>, a partir de <strong data-start=\"687\" data-end=\"712\">tomates seleccionados<\/strong>, cocinados lentamente para conseguir una salsa de sabor intenso, textura equilibrada y color natural.<\/p>\n<p data-start=\"816\" data-end=\"1083\">El <strong data-start=\"819\" data-end=\"840\">frasco de cristal<\/strong> permite conservar mejor el producto y apreciar su calidad, manteniendo intacto el aroma y el sabor del aut\u00e9ntico tomate frito. Es ideal tanto para el consumo dom\u00e9stico como para quienes buscan una salsa vers\u00e1til y natural en su cocina diaria.<\/p>\n<h4 data-start=\"1085\" data-end=\"1117\">Caracter\u00edsticas principales<\/h4>\n<ul data-start=\"1118\" data-end=\"1304\">\n<li data-start=\"1118\" data-end=\"1157\">\n<p data-start=\"1120\" data-end=\"1157\"><strong data-start=\"1120\" data-end=\"1157\">Tomate frito en frasco de cristal<\/strong><\/p>\n<\/li>\n<li data-start=\"1158\" data-end=\"1183\">\n<p data-start=\"1160\" data-end=\"1183\">Elaboraci\u00f3n tradicional<\/p>\n<\/li>\n<li data-start=\"1184\" data-end=\"1209\">\n<p data-start=\"1186\" data-end=\"1209\">Sabor intenso y natural<\/p>\n<\/li>\n<li data-start=\"1210\" data-end=\"1237\">\n<p data-start=\"1212\" data-end=\"1237\">Textura suave y homog\u00e9nea<\/p>\n<\/li>\n<li data-start=\"1238\" data-end=\"1277\">\n<p data-start=\"1240\" data-end=\"1277\">Salsa vers\u00e1til para m\u00faltiples recetas<\/p>\n<\/li>\n<li data-start=\"1278\" data-end=\"1304\">\n<p data-start=\"1280\" data-end=\"1304\">Producto listo para usar<\/p>\n<\/li>\n<\/ul>\n<h4 data-start=\"1306\" data-end=\"1323\">Ingredients<\/h4>\n<p data-start=\"1324\" data-end=\"1353\">Tomate, aceite, az\u00facar y sal.<\/p>\n<p data-start=\"1355\" data-end=\"1398\"><em data-start=\"1355\" data-end=\"1398\">(Ajustar ingredientes exactos si procede)<\/em><\/p>\n<h4 data-start=\"1400\" data-end=\"1419\">Modo de empleo<\/h4>\n<p data-start=\"1420\" data-end=\"1555\">Producto listo para consumir. Ideal para acompa\u00f1ar pastas, arroces, huevos, carnes, pescados, pizzas, sofritos y recetas tradicionales.<\/p>\n<h4 data-start=\"1557\" data-end=\"1574\">Conservaci\u00f3n<\/h4>\n<p data-start=\"1575\" data-end=\"1674\">Conservar en lugar fresco y seco. Una vez abierto, mantener refrigerado y consumir antes de 5 d\u00edas.<\/p>","protected":false},"excerpt":{"rendered":"<h5>Tomato Sauce Glass Jar<\/h5>\n<p><strong>Tomato 100% natural<\/strong><br \/>\n\u00cdntegramente producido por los agricultores socios y en cuya elaboraci\u00f3n se combina perfectamente la tradici\u00f3n y la tecnolog\u00eda m\u00e1s moderna. Un producto 100% natural de sabor excepcional y disponible en una amplia variedad de gama: tomate entero pelado, triturado, troceado y frito.<\/p>","protected":false},"featured_media":3082,"template":"","meta":[],"product_brand":[],"product_cat":[58],"product_tag":[],"class_list":{"0":"post-1137","1":"product","2":"type-product","3":"status-publish","4":"has-post-thumbnail","6":"product_cat-frito","8":"first","9":"instock","10":"shipping-taxable","11":"product-type-simple"},"_links":{"self":[{"href":"https:\/\/www.dantza.com\/en\/wp-json\/wp\/v2\/product\/1137","targetHints":{"allow":["GET"]}}],"collection":[{"href":"https:\/\/www.dantza.com\/en\/wp-json\/wp\/v2\/product"}],"about":[{"href":"https:\/\/www.dantza.com\/en\/wp-json\/wp\/v2\/types\/product"}],"wp:featuredmedia":[{"embeddable":true,"href":"https:\/\/www.dantza.com\/en\/wp-json\/wp\/v2\/media\/3082"}],"wp:attachment":[{"href":"https:\/\/www.dantza.com\/en\/wp-json\/wp\/v2\/media?parent=1137"}],"wp:term":[{"taxonomy":"product_brand","embeddable":true,"href":"https:\/\/www.dantza.com\/en\/wp-json\/wp\/v2\/product_brand?post=1137"},{"taxonomy":"product_cat","embeddable":true,"href":"https:\/\/www.dantza.com\/en\/wp-json\/wp\/v2\/product_cat?post=1137"},{"taxonomy":"product_tag","embeddable":true,"href":"https:\/\/www.dantza.com\/en\/wp-json\/wp\/v2\/product_tag?post=1137"}],"curies":[{"name":"wp","href":"https:\/\/api.w.org\/{rel}","templated":true}]}}