{"id":1143,"date":"2023-05-06T10:26:06","date_gmt":"2023-05-06T10:26:06","guid":{"rendered":"https:\/\/new.dantza.com\/?post_type=product&#038;p=1143"},"modified":"2025-12-18T08:52:19","modified_gmt":"2025-12-18T08:52:19","slug":"piperrada-fritada","status":"publish","type":"product","link":"https:\/\/www.dantza.com\/en\/product\/piperrada-fritada\/","title":{"rendered":"Piperade"},"content":{"rendered":"<p data-start=\"566\" data-end=\"786\">Nuestra <strong data-start=\"574\" data-end=\"595\">piperrada fritada<\/strong> est\u00e1 elaborada siguiendo la <strong data-start=\"624\" data-end=\"646\">receta tradicional<\/strong>, a base de <strong data-start=\"658\" data-end=\"689\">pimientos, tomate y cebolla<\/strong>, cuidadosamente fritados para conseguir una <strong data-start=\"734\" data-end=\"785\">textura melosa y un sabor intenso y equilibrado<\/strong>.<\/p>\n<p data-start=\"788\" data-end=\"1035\">La <strong data-start=\"791\" data-end=\"816\">piperrada en conserva<\/strong> es un plato t\u00edpico de la cocina vasco-navarra, ideal para disfrutar de forma r\u00e1pida y c\u00f3moda sin renunciar al aut\u00e9ntico sabor casero. Perfecta como <strong data-start=\"965\" data-end=\"992\">plato principal vegetal<\/strong>, guarnici\u00f3n o base para m\u00faltiples recetas.<\/p>\n<p data-start=\"1037\" data-end=\"1171\">Gracias a su elaboraci\u00f3n lenta y cuidada, la piperrada Dantza mantiene el car\u00e1cter y la esencia de una fritada tradicional bien hecha.<\/p>\n<h4 data-start=\"1173\" data-end=\"1202\">Ingredientes principales<\/h4>\n<ul data-start=\"1203\" data-end=\"1238\">\n<li data-start=\"1203\" data-end=\"1215\">\n<p data-start=\"1205\" data-end=\"1215\">Pimiento<\/p>\n<\/li>\n<li data-start=\"1216\" data-end=\"1226\">\n<p data-start=\"1218\" data-end=\"1226\">Tomato<\/p>\n<\/li>\n<li data-start=\"1227\" data-end=\"1238\">\n<p data-start=\"1229\" data-end=\"1238\">Cebolla<\/p>\n<\/li>\n<\/ul>\n<p data-start=\"1240\" data-end=\"1292\"><em data-start=\"1240\" data-end=\"1292\">(Ajustar ingredientes exactos seg\u00fan ficha t\u00e9cnica)<\/em><\/p>\n<h4 data-start=\"1294\" data-end=\"1326\">Caracter\u00edsticas principales<\/h4>\n<ul data-start=\"1327\" data-end=\"1515\">\n<li data-start=\"1327\" data-end=\"1362\">\n<p data-start=\"1329\" data-end=\"1362\"><strong data-start=\"1329\" data-end=\"1362\">Piperrada fritada tradicional<\/strong><\/p>\n<\/li>\n<li data-start=\"1363\" data-end=\"1393\">\n<p data-start=\"1365\" data-end=\"1393\">Verduras fritadas lentamente<\/p>\n<\/li>\n<li data-start=\"1394\" data-end=\"1418\">\n<p data-start=\"1396\" data-end=\"1418\">Textura suave y melosa<\/p>\n<\/li>\n<li data-start=\"1419\" data-end=\"1444\">\n<p data-start=\"1421\" data-end=\"1444\">Sabor intenso y natural<\/p>\n<\/li>\n<li data-start=\"1445\" data-end=\"1480\">\n<p data-start=\"1447\" data-end=\"1480\">Plato vegetal listo para consumir<\/p>\n<\/li>\n<li data-start=\"1481\" data-end=\"1515\">\n<p data-start=\"1483\" data-end=\"1515\">Ideal para recetas tradicionales<\/p>\n<\/li>\n<\/ul>\n<h4 data-start=\"1594\" data-end=\"1613\">Modo de empleo<\/h4>\n<p data-start=\"1614\" data-end=\"1795\">Producto listo para consumir. Puede calentarse y servirse directamente, acompa\u00f1ar huevos, carnes o pescados, o utilizarse como base para tortillas, revueltos y platos tradicionales.<\/p>\n<h4 data-start=\"1797\" data-end=\"1814\">Conservaci\u00f3n<\/h4>\n<p data-start=\"1815\" data-end=\"1916\">Conservar en lugar fresco y seco. Una vez abierto, mantener refrigerado y consumir antes de 48 horas.<\/p>","protected":false},"excerpt":{"rendered":"<h5>Piperade<\/h5>\n<p><strong>Sauces<\/strong><br \/>\nEnjoy our tomato based sauces inspired in the Spanish gastronomy which will spice up all your dishes.<\/p>","protected":false},"featured_media":3536,"template":"","meta":[],"product_brand":[],"product_cat":[63],"product_tag":[],"class_list":{"0":"post-1143","1":"product","2":"type-product","3":"status-publish","4":"has-post-thumbnail","6":"product_cat-tradicionales","8":"first","9":"instock","10":"shipping-taxable","11":"product-type-simple"},"_links":{"self":[{"href":"https:\/\/www.dantza.com\/en\/wp-json\/wp\/v2\/product\/1143","targetHints":{"allow":["GET"]}}],"collection":[{"href":"https:\/\/www.dantza.com\/en\/wp-json\/wp\/v2\/product"}],"about":[{"href":"https:\/\/www.dantza.com\/en\/wp-json\/wp\/v2\/types\/product"}],"wp:featuredmedia":[{"embeddable":true,"href":"https:\/\/www.dantza.com\/en\/wp-json\/wp\/v2\/media\/3536"}],"wp:attachment":[{"href":"https:\/\/www.dantza.com\/en\/wp-json\/wp\/v2\/media?parent=1143"}],"wp:term":[{"taxonomy":"product_brand","embeddable":true,"href":"https:\/\/www.dantza.com\/en\/wp-json\/wp\/v2\/product_brand?post=1143"},{"taxonomy":"product_cat","embeddable":true,"href":"https:\/\/www.dantza.com\/en\/wp-json\/wp\/v2\/product_cat?post=1143"},{"taxonomy":"product_tag","embeddable":true,"href":"https:\/\/www.dantza.com\/en\/wp-json\/wp\/v2\/product_tag?post=1143"}],"curies":[{"name":"wp","href":"https:\/\/api.w.org\/{rel}","templated":true}]}}