{"id":1145,"date":"2023-05-06T10:26:06","date_gmt":"2023-05-06T10:26:06","guid":{"rendered":"https:\/\/new.dantza.com\/?post_type=product&#038;p=1145"},"modified":"2025-12-18T07:02:39","modified_gmt":"2025-12-18T07:02:39","slug":"espinaca-bio","status":"publish","type":"product","link":"https:\/\/www.dantza.com\/en\/product\/espinaca-bio\/","title":{"rendered":"Organic spinach"},"content":{"rendered":"<p data-start=\"551\" data-end=\"850\">Nuestras <strong data-start=\"560\" data-end=\"573\">espinacas<\/strong> proceden de <strong data-start=\"586\" data-end=\"611\">agricultura ecol\u00f3gica<\/strong>, cultivadas siguiendo pr\u00e1cticas respetuosas con el medio ambiente y <strong data-start=\"680\" data-end=\"714\">certificadas como producto BIO<\/strong>. Se recolectan en su punto \u00f3ptimo y se cocinan cuidadosamente para conservar su <strong data-start=\"795\" data-end=\"849\">color verde intenso, sabor natural y textura suave<\/strong>.<\/p>\n<p data-start=\"852\" data-end=\"1092\">Las <strong data-start=\"856\" data-end=\"892\">espinacas ecol\u00f3gicas en conserva<\/strong> son una opci\u00f3n saludable y pr\u00e1ctica para la cocina diaria, ideales para quienes buscan una alimentaci\u00f3n equilibrada, natural y de calidad, sin renunciar a la comodidad de un producto listo para usar.<\/p>\n<h4 data-start=\"1094\" data-end=\"1126\">Caracter\u00edsticas principales<\/h4>\n<ul data-start=\"1127\" data-end=\"1309\">\n<li data-start=\"1127\" data-end=\"1159\">\n<p data-start=\"1129\" data-end=\"1159\"><strong data-start=\"1129\" data-end=\"1159\">Espinacas BIO certificadas<\/strong><\/p>\n<\/li>\n<li data-start=\"1160\" data-end=\"1198\">\n<p data-start=\"1162\" data-end=\"1198\">Procedentes de agricultura ecol\u00f3gica<\/p>\n<\/li>\n<li data-start=\"1199\" data-end=\"1227\">\n<p data-start=\"1201\" data-end=\"1227\">Textura tierna y homog\u00e9nea<\/p>\n<\/li>\n<li data-start=\"1228\" data-end=\"1251\">\n<p data-start=\"1230\" data-end=\"1251\">Sabor suave y natural<\/p>\n<\/li>\n<li data-start=\"1252\" data-end=\"1274\">\n<p data-start=\"1254\" data-end=\"1274\">Listas para consumir<\/p>\n<\/li>\n<li data-start=\"1275\" data-end=\"1309\">\n<p data-start=\"1277\" data-end=\"1309\">Producto vegetal de alta calidad<\/p>\n<\/li>\n<\/ul>\n<h4 data-start=\"1386\" data-end=\"1405\">Modo de empleo<\/h4>\n<p data-start=\"1406\" data-end=\"1545\">Producto listo para usar. Perfectas para salteados, cremas, pur\u00e9s, guisos, tortillas, rellenos o como acompa\u00f1amiento de platos principales.<\/p>\n<h4 data-start=\"1547\" data-end=\"1564\">Conservaci\u00f3n<\/h4>\n<p data-start=\"1565\" data-end=\"1666\">Conservar en lugar fresco y seco. Una vez abierto, mantener refrigerado y consumir antes de 48 horas.<\/p>","protected":false},"excerpt":{"rendered":"<h5>Organic spinach<\/h5>\n<p><strong>100% ORGANIC<\/strong><br \/>\nWe take care of environment and we care about our customers with our new line of BIO products free from additives.<\/p>","protected":false},"featured_media":3528,"template":"","meta":[],"product_brand":[],"product_cat":[65],"product_tag":[],"class_list":{"0":"post-1145","1":"product","2":"type-product","3":"status-publish","4":"has-post-thumbnail","6":"product_cat-verdura-bio","8":"first","9":"instock","10":"shipping-taxable","11":"product-type-simple"},"_links":{"self":[{"href":"https:\/\/www.dantza.com\/en\/wp-json\/wp\/v2\/product\/1145","targetHints":{"allow":["GET"]}}],"collection":[{"href":"https:\/\/www.dantza.com\/en\/wp-json\/wp\/v2\/product"}],"about":[{"href":"https:\/\/www.dantza.com\/en\/wp-json\/wp\/v2\/types\/product"}],"wp:featuredmedia":[{"embeddable":true,"href":"https:\/\/www.dantza.com\/en\/wp-json\/wp\/v2\/media\/3528"}],"wp:attachment":[{"href":"https:\/\/www.dantza.com\/en\/wp-json\/wp\/v2\/media?parent=1145"}],"wp:term":[{"taxonomy":"product_brand","embeddable":true,"href":"https:\/\/www.dantza.com\/en\/wp-json\/wp\/v2\/product_brand?post=1145"},{"taxonomy":"product_cat","embeddable":true,"href":"https:\/\/www.dantza.com\/en\/wp-json\/wp\/v2\/product_cat?post=1145"},{"taxonomy":"product_tag","embeddable":true,"href":"https:\/\/www.dantza.com\/en\/wp-json\/wp\/v2\/product_tag?post=1145"}],"curies":[{"name":"wp","href":"https:\/\/api.w.org\/{rel}","templated":true}]}}