{"id":1146,"date":"2023-05-06T10:26:06","date_gmt":"2023-05-06T10:26:06","guid":{"rendered":"https:\/\/new.dantza.com\/?post_type=product&#038;p=1146"},"modified":"2025-12-18T06:55:27","modified_gmt":"2025-12-18T06:55:27","slug":"piquillo-3kg","status":"publish","type":"product","link":"https:\/\/www.dantza.com\/en\/product\/piquillo-3kg\/","title":{"rendered":"Piquillo pepper 3 Kg"},"content":{"rendered":"<p data-start=\"661\" data-end=\"889\">Nuestro <strong data-start=\"669\" data-end=\"681\">piquillo<\/strong> en <strong data-start=\"685\" data-end=\"711\">formato grande de 3 kg<\/strong> est\u00e1 elaborado con <strong data-start=\"731\" data-end=\"786\">pimientos del piquillo cuidadosamente seleccionados<\/strong>, pensados para ofrecer <strong data-start=\"810\" data-end=\"846\">calidad, rendimiento y comodidad<\/strong> en cocinas profesionales y colectividades.<\/p>\n<p data-start=\"891\" data-end=\"1123\">Los <strong data-start=\"895\" data-end=\"933\">pimientos del piquillo en conserva<\/strong> se elaboran para mantener su <strong data-start=\"963\" data-end=\"1036\">color rojo intenso, textura carnosa y sabor suave y ligeramente dulce<\/strong>, convirti\u00e9ndose en un ingrediente vers\u00e1til y muy apreciado en la gastronom\u00eda espa\u00f1ola.<\/p>\n<p data-start=\"1125\" data-end=\"1333\">El <strong data-start=\"1128\" data-end=\"1147\">formato de 3 kg<\/strong> es ideal para <strong data-start=\"1162\" data-end=\"1210\">hosteler\u00eda, restauraci\u00f3n, catering y eventos<\/strong>, as\u00ed como para elaboraciones que requieren gran volumen de producto sin renunciar a una presentaci\u00f3n y sabor consistentes.<\/p>\n<h4 data-start=\"1335\" data-end=\"1367\">Caracter\u00edsticas principales<\/h4>\n<ul data-start=\"1368\" data-end=\"1559\">\n<li data-start=\"1368\" data-end=\"1408\">\n<p data-start=\"1370\" data-end=\"1408\"><strong data-start=\"1370\" data-end=\"1408\">Pimientos del piquillo en conserva<\/strong><\/p>\n<\/li>\n<li data-start=\"1409\" data-end=\"1442\">\n<p data-start=\"1411\" data-end=\"1442\">Formato profesional de <strong data-start=\"1434\" data-end=\"1442\">3 kg<\/strong><\/p>\n<\/li>\n<li data-start=\"1443\" data-end=\"1471\">\n<p data-start=\"1445\" data-end=\"1471\">Textura carnosa y uniforme<\/p>\n<\/li>\n<li data-start=\"1472\" data-end=\"1499\">\n<p data-start=\"1474\" data-end=\"1499\">Sabor suave y equilibrado<\/p>\n<\/li>\n<li data-start=\"1500\" data-end=\"1520\">\n<p data-start=\"1502\" data-end=\"1520\">Color rojo intenso<\/p>\n<\/li>\n<li data-start=\"1521\" data-end=\"1559\">\n<p data-start=\"1523\" data-end=\"1559\">Ideal para hosteler\u00eda y restauraci\u00f3n<\/p>\n<\/li>\n<\/ul>\n<h4 data-start=\"1561\" data-end=\"1578\">Ingredients<\/h4>\n<p data-start=\"1579\" data-end=\"1613\">Pimiento del piquillo, agua y sal.<\/p>\n<h4 data-start=\"1615\" data-end=\"1634\">Modo de empleo<\/h4>\n<p data-start=\"1635\" data-end=\"1806\">Producto listo para consumir. Perfecto para servir en fr\u00edo con aceite de oliva, utilizar en rellenos, ensaladas, guarniciones, pintxos o platos preparados de gran volumen.<\/p>\n<h4 data-start=\"1808\" data-end=\"1825\">Conservaci\u00f3n<\/h4>\n<p data-start=\"1826\" data-end=\"1927\">Conservar en lugar fresco y seco. Una vez abierto, mantener refrigerado y consumir antes de 48 horas.<\/p>","protected":false},"excerpt":{"rendered":"<h5>Piquillo pepper 3 Kg<\/h5>\n<p><strong>Special Foodservice<\/strong><br \/>\nThe best of our orchard directly served to your business. Special sizes with the same product.<\/p>","protected":false},"featured_media":3424,"template":"","meta":[],"product_brand":[],"product_cat":[67],"product_tag":[],"class_list":{"0":"post-1146","1":"product","2":"type-product","3":"status-publish","4":"has-post-thumbnail","6":"product_cat-piquillo","8":"first","9":"instock","10":"shipping-taxable","11":"product-type-simple"},"_links":{"self":[{"href":"https:\/\/www.dantza.com\/en\/wp-json\/wp\/v2\/product\/1146","targetHints":{"allow":["GET"]}}],"collection":[{"href":"https:\/\/www.dantza.com\/en\/wp-json\/wp\/v2\/product"}],"about":[{"href":"https:\/\/www.dantza.com\/en\/wp-json\/wp\/v2\/types\/product"}],"wp:featuredmedia":[{"embeddable":true,"href":"https:\/\/www.dantza.com\/en\/wp-json\/wp\/v2\/media\/3424"}],"wp:attachment":[{"href":"https:\/\/www.dantza.com\/en\/wp-json\/wp\/v2\/media?parent=1146"}],"wp:term":[{"taxonomy":"product_brand","embeddable":true,"href":"https:\/\/www.dantza.com\/en\/wp-json\/wp\/v2\/product_brand?post=1146"},{"taxonomy":"product_cat","embeddable":true,"href":"https:\/\/www.dantza.com\/en\/wp-json\/wp\/v2\/product_cat?post=1146"},{"taxonomy":"product_tag","embeddable":true,"href":"https:\/\/www.dantza.com\/en\/wp-json\/wp\/v2\/product_tag?post=1146"}],"curies":[{"name":"wp","href":"https:\/\/api.w.org\/{rel}","templated":true}]}}