{"id":1157,"date":"2023-05-06T10:26:09","date_gmt":"2023-05-06T10:26:09","guid":{"rendered":"https:\/\/new.dantza.com\/?post_type=product&#038;p=1157"},"modified":"2025-12-18T10:16:21","modified_gmt":"2025-12-18T10:16:21","slug":"cardo-2","status":"publish","type":"product","link":"https:\/\/www.dantza.com\/en\/product\/cardo-2\/","title":{"rendered":"Cardoon"},"content":{"rendered":"<p data-start=\"430\" data-end=\"721\">Nuestro <strong data-start=\"438\" data-end=\"459\">cardo en conserva<\/strong> se elabora a partir de <strong data-start=\"483\" data-end=\"522\">cardos cuidadosamente seleccionados<\/strong>, limpiados y preparados para conservar su <strong data-start=\"565\" data-end=\"614\">textura tierna, sabor suave y calidad natural<\/strong>. Un producto tradicional de la cocina espa\u00f1ola, especialmente valorado en recetas cl\u00e1sicas y de temporada.<\/p>\n<p data-start=\"723\" data-end=\"887\">Este <strong data-start=\"728\" data-end=\"749\">cardo en conserva<\/strong> es una soluci\u00f3n pr\u00e1ctica que permite disfrutar de esta verdura durante todo el a\u00f1o, sin renunciar a su autenticidad ni a sus propiedades.<\/p>\n<h3 data-start=\"1315\" data-end=\"1336\">Usos recomendados<\/h3>\n<ul data-start=\"1337\" data-end=\"1484\">\n<li data-start=\"1337\" data-end=\"1360\">\n<p data-start=\"1339\" data-end=\"1360\">Cardo con almendras<\/p>\n<\/li>\n<li data-start=\"1361\" data-end=\"1380\">\n<p data-start=\"1363\" data-end=\"1380\">Cardo con jam\u00f3n<\/p>\n<\/li>\n<li data-start=\"1381\" data-end=\"1418\">\n<p data-start=\"1383\" data-end=\"1418\">Guarnici\u00f3n para carnes y pescados<\/p>\n<\/li>\n<li data-start=\"1419\" data-end=\"1454\">\n<p data-start=\"1421\" data-end=\"1454\">Platos tradicionales de Navidad<\/p>\n<\/li>\n<li data-start=\"1455\" data-end=\"1484\">\n<p data-start=\"1457\" data-end=\"1484\">Cocina casera y profesional<\/p>\n<\/li>\n<\/ul>\n<h3 data-start=\"1491\" data-end=\"1507\">Conservaci\u00f3n<\/h3>\n<p data-start=\"1508\" data-end=\"1619\">Conservar en lugar fresco y seco. Una vez abierto el envase, mantener refrigerado y consumir antes de 48 horas.<\/p>","protected":false},"excerpt":{"rendered":"<h5>Cardoon<\/h5>\n<p class=\"translation-block\"><strong>Gold Range: The most delightful selection<\/strong><br>\nGold Range was developed in order to provide the best quality and surpass our already high quality standard. We pursue excellence in order to satisfy the tastes of the most demanding palates. Our selection will delight the most discerning enthusiast. Some of the products have denomination of origin and all of them are harvested from farmers who belong to our cooperative.<br>\nWhite Asparagus PGI Navarra, Artickokes PGI Tudela, Piquillo Peppers DO Lodosa and other delicacies such as our wonderful peach or Extra Virgin Olive Oil.<\/p>","protected":false},"featured_media":3046,"template":"","meta":[],"product_brand":[],"product_cat":[68,72],"product_tag":[],"class_list":{"0":"post-1157","1":"product","2":"type-product","3":"status-publish","4":"has-post-thumbnail","6":"product_cat-serie-oro","7":"product_cat-verdura-serie-oro","9":"first","10":"instock","11":"shipping-taxable","12":"product-type-simple"},"_links":{"self":[{"href":"https:\/\/www.dantza.com\/en\/wp-json\/wp\/v2\/product\/1157","targetHints":{"allow":["GET"]}}],"collection":[{"href":"https:\/\/www.dantza.com\/en\/wp-json\/wp\/v2\/product"}],"about":[{"href":"https:\/\/www.dantza.com\/en\/wp-json\/wp\/v2\/types\/product"}],"wp:featuredmedia":[{"embeddable":true,"href":"https:\/\/www.dantza.com\/en\/wp-json\/wp\/v2\/media\/3046"}],"wp:attachment":[{"href":"https:\/\/www.dantza.com\/en\/wp-json\/wp\/v2\/media?parent=1157"}],"wp:term":[{"taxonomy":"product_brand","embeddable":true,"href":"https:\/\/www.dantza.com\/en\/wp-json\/wp\/v2\/product_brand?post=1157"},{"taxonomy":"product_cat","embeddable":true,"href":"https:\/\/www.dantza.com\/en\/wp-json\/wp\/v2\/product_cat?post=1157"},{"taxonomy":"product_tag","embeddable":true,"href":"https:\/\/www.dantza.com\/en\/wp-json\/wp\/v2\/product_tag?post=1157"}],"curies":[{"name":"wp","href":"https:\/\/api.w.org\/{rel}","templated":true}]}}