{"id":1158,"date":"2023-05-06T10:26:09","date_gmt":"2023-05-06T10:26:09","guid":{"rendered":"https:\/\/new.dantza.com\/?post_type=product&#038;p=1158"},"modified":"2025-12-18T10:14:56","modified_gmt":"2025-12-18T10:14:56","slug":"menestra-2","status":"publish","type":"product","link":"https:\/\/www.dantza.com\/en\/product\/menestra-2\/","title":{"rendered":"Vegetable stew"},"content":{"rendered":"<p data-start=\"433\" data-end=\"655\">Nuestra <strong data-start=\"441\" data-end=\"465\">menestra de verduras<\/strong> se elabora a partir de una <strong data-start=\"493\" data-end=\"538\">selecci\u00f3n equilibrada de verduras frescas<\/strong>, recolectadas en su punto \u00f3ptimo y conservadas cuidadosamente para mantener su <strong data-start=\"618\" data-end=\"654\">sabor natural, textura y calidad<\/strong>.<\/p>\n<p data-start=\"657\" data-end=\"898\">Esta <strong data-start=\"662\" data-end=\"686\">menestra en conserva<\/strong> es un producto pr\u00e1ctico y vers\u00e1til, ideal para quienes buscan una soluci\u00f3n r\u00e1pida y saludable sin renunciar al aut\u00e9ntico sabor de las verduras. Perfecta tanto para consumo dom\u00e9stico como para cocina profesional.<\/p>\n<h3 data-start=\"1412\" data-end=\"1433\">Usos recomendados<\/h3>\n<ul data-start=\"1434\" data-end=\"1589\">\n<li data-start=\"1434\" data-end=\"1460\">\n<p data-start=\"1436\" data-end=\"1460\">Plato principal ligero<\/p>\n<\/li>\n<li data-start=\"1461\" data-end=\"1498\">\n<p data-start=\"1463\" data-end=\"1498\">Guarnici\u00f3n para carnes y pescados<\/p>\n<\/li>\n<li data-start=\"1499\" data-end=\"1524\">\n<p data-start=\"1501\" data-end=\"1524\">Salteados y revueltos<\/p>\n<\/li>\n<li data-start=\"1525\" data-end=\"1559\">\n<p data-start=\"1527\" data-end=\"1559\">Bases para menestras rehogadas<\/p>\n<\/li>\n<li data-start=\"1560\" data-end=\"1589\">\n<p data-start=\"1562\" data-end=\"1589\">Cocina casera y profesional<\/p>\n<\/li>\n<\/ul>\n<h3 data-start=\"1596\" data-end=\"1612\">Conservaci\u00f3n<\/h3>\n<p data-start=\"1613\" data-end=\"1724\">Conservar en lugar fresco y seco. Una vez abierto el envase, mantener refrigerado y consumir antes de 48 horas.<\/p>","protected":false},"excerpt":{"rendered":"<h5>Vegetable stew<\/h5>\n<p class=\"translation-block\"><strong>Gold Range: The most delightful selection<\/strong><br>\nGold Range was developed in order to provide the best quality and surpass our already high quality standard. We pursue excellence in order to satisfy the tastes of the most demanding palates. Our selection will delight the most discerning enthusiast. Some of the products have denomination of origin and all of them are harvested from farmers who belong to our cooperative.<br>\nWhite Asparagus PGI Navarra, Artickokes PGI Tudela, Piquillo Peppers DO Lodosa and other delicacies such as our wonderful peach or Extra Virgin Olive Oil.<\/p>","protected":false},"featured_media":3466,"template":"","meta":[],"product_brand":[],"product_cat":[68,72],"product_tag":[],"class_list":{"0":"post-1158","1":"product","2":"type-product","3":"status-publish","4":"has-post-thumbnail","6":"product_cat-serie-oro","7":"product_cat-verdura-serie-oro","9":"first","10":"instock","11":"shipping-taxable","12":"product-type-simple"},"_links":{"self":[{"href":"https:\/\/www.dantza.com\/en\/wp-json\/wp\/v2\/product\/1158","targetHints":{"allow":["GET"]}}],"collection":[{"href":"https:\/\/www.dantza.com\/en\/wp-json\/wp\/v2\/product"}],"about":[{"href":"https:\/\/www.dantza.com\/en\/wp-json\/wp\/v2\/types\/product"}],"wp:featuredmedia":[{"embeddable":true,"href":"https:\/\/www.dantza.com\/en\/wp-json\/wp\/v2\/media\/3466"}],"wp:attachment":[{"href":"https:\/\/www.dantza.com\/en\/wp-json\/wp\/v2\/media?parent=1158"}],"wp:term":[{"taxonomy":"product_brand","embeddable":true,"href":"https:\/\/www.dantza.com\/en\/wp-json\/wp\/v2\/product_brand?post=1158"},{"taxonomy":"product_cat","embeddable":true,"href":"https:\/\/www.dantza.com\/en\/wp-json\/wp\/v2\/product_cat?post=1158"},{"taxonomy":"product_tag","embeddable":true,"href":"https:\/\/www.dantza.com\/en\/wp-json\/wp\/v2\/product_tag?post=1158"}],"curies":[{"name":"wp","href":"https:\/\/api.w.org\/{rel}","templated":true}]}}