{"id":1164,"date":"2023-05-06T10:26:10","date_gmt":"2023-05-06T10:26:10","guid":{"rendered":"https:\/\/new.dantza.com\/?post_type=product&#038;p=1164"},"modified":"2025-12-18T10:03:08","modified_gmt":"2025-12-18T10:03:08","slug":"tomate-frito-frasco-cristal-2","status":"publish","type":"product","link":"https:\/\/www.dantza.com\/en\/product\/tomate-frito-frasco-cristal-2\/","title":{"rendered":"Tomato Sauce Glass Jar"},"content":{"rendered":"<p data-start=\"414\" data-end=\"741\">Nuestro <strong data-start=\"422\" data-end=\"459\">tomate frito en frasco de cristal<\/strong> est\u00e1 elaborado con <strong data-start=\"479\" data-end=\"512\">tomates maduros seleccionados<\/strong>, cocinados lentamente siguiendo una receta tradicional para conseguir un sabor equilibrado y natural. El envasado en <strong data-start=\"630\" data-end=\"651\">frasco de cristal<\/strong> permite conservar mejor las propiedades del producto, sin alterar su aroma ni su textura.<\/p>\n<p data-start=\"743\" data-end=\"996\">Este <strong data-start=\"748\" data-end=\"775\">tomate frito de calidad<\/strong> es ideal para quienes buscan una conserva natural, pr\u00e1ctica y vers\u00e1til, perfecta para el d\u00eda a d\u00eda en la cocina. El cristal garantiza una conservaci\u00f3n \u00f3ptima y es una opci\u00f3n m\u00e1s sostenible frente a otros tipos de envase.<\/p>\n<h3 data-start=\"1439\" data-end=\"1460\">Usos recomendados<\/h3>\n<ul data-start=\"1461\" data-end=\"1594\">\n<li data-start=\"1461\" data-end=\"1480\">\n<p data-start=\"1463\" data-end=\"1480\">Pasta y arroces<\/p>\n<\/li>\n<li data-start=\"1481\" data-end=\"1501\">\n<p data-start=\"1483\" data-end=\"1501\">Pizzas y lasa\u00f1as<\/p>\n<\/li>\n<li data-start=\"1502\" data-end=\"1531\">\n<p data-start=\"1504\" data-end=\"1531\">Huevos fritos y tortillas<\/p>\n<\/li>\n<li data-start=\"1532\" data-end=\"1564\">\n<p data-start=\"1534\" data-end=\"1564\">Bases para guisos y sofritos<\/p>\n<\/li>\n<li data-start=\"1565\" data-end=\"1594\">\n<p data-start=\"1567\" data-end=\"1594\">Cocina casera y profesional<\/p>\n<\/li>\n<\/ul>\n<h3 data-start=\"1601\" data-end=\"1617\">Conservaci\u00f3n<\/h3>\n<p data-start=\"1618\" data-end=\"1742\">Conservar en lugar fresco y seco. Una vez abierto el <strong data-start=\"1671\" data-end=\"1692\">frasco de cristal<\/strong>, mantener refrigerado y consumir antes de 5 d\u00edas.<\/p>","protected":false},"excerpt":{"rendered":"<h5>Tomato Sauce Glass Jar<\/h5>\n<p><strong>Sauces<\/strong><br \/>\nEnjoy our tomato based sauces inspired in the Spanish gastronomy which will spice up all your dishes.<\/p>","protected":false},"featured_media":3082,"template":"","meta":[],"product_brand":[],"product_cat":[63],"product_tag":[],"class_list":{"0":"post-1164","1":"product","2":"type-product","3":"status-publish","4":"has-post-thumbnail","6":"product_cat-tradicionales","8":"first","9":"instock","10":"shipping-taxable","11":"product-type-simple"},"_links":{"self":[{"href":"https:\/\/www.dantza.com\/en\/wp-json\/wp\/v2\/product\/1164","targetHints":{"allow":["GET"]}}],"collection":[{"href":"https:\/\/www.dantza.com\/en\/wp-json\/wp\/v2\/product"}],"about":[{"href":"https:\/\/www.dantza.com\/en\/wp-json\/wp\/v2\/types\/product"}],"wp:featuredmedia":[{"embeddable":true,"href":"https:\/\/www.dantza.com\/en\/wp-json\/wp\/v2\/media\/3082"}],"wp:attachment":[{"href":"https:\/\/www.dantza.com\/en\/wp-json\/wp\/v2\/media?parent=1164"}],"wp:term":[{"taxonomy":"product_brand","embeddable":true,"href":"https:\/\/www.dantza.com\/en\/wp-json\/wp\/v2\/product_brand?post=1164"},{"taxonomy":"product_cat","embeddable":true,"href":"https:\/\/www.dantza.com\/en\/wp-json\/wp\/v2\/product_cat?post=1164"},{"taxonomy":"product_tag","embeddable":true,"href":"https:\/\/www.dantza.com\/en\/wp-json\/wp\/v2\/product_tag?post=1164"}],"curies":[{"name":"wp","href":"https:\/\/api.w.org\/{rel}","templated":true}]}}