{"id":1169,"date":"2023-05-06T10:26:10","date_gmt":"2023-05-06T10:26:10","guid":{"rendered":"https:\/\/new.dantza.com\/?post_type=product&#038;p=1169"},"modified":"2025-12-18T10:08:49","modified_gmt":"2025-12-18T10:08:49","slug":"tomate-troceado-2","status":"publish","type":"product","link":"https:\/\/www.dantza.com\/en\/product\/tomate-troceado-2\/","title":{"rendered":"Chopped Tomato"},"content":{"rendered":"<p data-start=\"330\" data-end=\"551\">Nuestro <strong data-start=\"338\" data-end=\"357\">tomate troceado<\/strong> en conserva se elabora a partir de <strong data-start=\"393\" data-end=\"441\">tomates maduros cuidadosamente seleccionados<\/strong>, cortados en dados homog\u00e9neos y envasados para conservar su <strong data-start=\"502\" data-end=\"550\">sabor natural, textura firme y color intenso<\/strong>.<\/p>\n<p data-start=\"553\" data-end=\"783\">Este <strong data-start=\"558\" data-end=\"589\">tomate troceado en conserva<\/strong> es ideal como base para m\u00faltiples recetas, ya que mantiene mejor su estructura durante la cocci\u00f3n, siendo perfecto para guisos, salsas, arroces y platos tradicionales de la cocina mediterr\u00e1nea.<\/p>\n<h3 data-start=\"1249\" data-end=\"1270\">Usos recomendados<\/h3>\n<ul data-start=\"1271\" data-end=\"1398\">\n<li data-start=\"1271\" data-end=\"1293\">\n<p data-start=\"1273\" data-end=\"1293\">Guisos y estofados<\/p>\n<\/li>\n<li data-start=\"1294\" data-end=\"1316\">\n<p data-start=\"1296\" data-end=\"1316\">Salsas con textura<\/p>\n<\/li>\n<li data-start=\"1317\" data-end=\"1338\">\n<p data-start=\"1319\" data-end=\"1338\">Arroces y paellas<\/p>\n<\/li>\n<li data-start=\"1339\" data-end=\"1368\">\n<p data-start=\"1341\" data-end=\"1368\">Pizzas y platos italianos<\/p>\n<\/li>\n<li data-start=\"1369\" data-end=\"1398\">\n<p data-start=\"1371\" data-end=\"1398\">Cocina casera y profesional<\/p>\n<\/li>\n<\/ul>\n<h3 data-start=\"1405\" data-end=\"1421\">Conservaci\u00f3n<\/h3>\n<p data-start=\"1422\" data-end=\"1587\">Conservar en lugar fresco y seco. Una vez abierto el envase, trasvasar el contenido a un recipiente adecuado, mantener refrigerado y consumir en un m\u00e1ximo de 3 d\u00edas.<\/p>","protected":false},"excerpt":{"rendered":"<h5>Tomate Troceado (5Kg y 3Kg)<\/h5>\n<p><strong>Special Foodservice<\/strong><br \/>\nThe best of our orchard directly served to your business. Special sizes with the same product.<\/p>","protected":false},"featured_media":3076,"template":"","meta":[],"product_brand":[],"product_cat":[76],"product_tag":[],"class_list":{"0":"post-1169","1":"product","2":"type-product","3":"status-publish","4":"has-post-thumbnail","6":"product_cat-tomate-foodservice","8":"first","9":"instock","10":"shipping-taxable","11":"product-type-simple"},"_links":{"self":[{"href":"https:\/\/www.dantza.com\/en\/wp-json\/wp\/v2\/product\/1169","targetHints":{"allow":["GET"]}}],"collection":[{"href":"https:\/\/www.dantza.com\/en\/wp-json\/wp\/v2\/product"}],"about":[{"href":"https:\/\/www.dantza.com\/en\/wp-json\/wp\/v2\/types\/product"}],"wp:featuredmedia":[{"embeddable":true,"href":"https:\/\/www.dantza.com\/en\/wp-json\/wp\/v2\/media\/3076"}],"wp:attachment":[{"href":"https:\/\/www.dantza.com\/en\/wp-json\/wp\/v2\/media?parent=1169"}],"wp:term":[{"taxonomy":"product_brand","embeddable":true,"href":"https:\/\/www.dantza.com\/en\/wp-json\/wp\/v2\/product_brand?post=1169"},{"taxonomy":"product_cat","embeddable":true,"href":"https:\/\/www.dantza.com\/en\/wp-json\/wp\/v2\/product_cat?post=1169"},{"taxonomy":"product_tag","embeddable":true,"href":"https:\/\/www.dantza.com\/en\/wp-json\/wp\/v2\/product_tag?post=1169"}],"curies":[{"name":"wp","href":"https:\/\/api.w.org\/{rel}","templated":true}]}}