{"id":1180,"date":"2023-05-06T10:26:11","date_gmt":"2023-05-06T10:26:11","guid":{"rendered":"https:\/\/new.dantza.com\/?post_type=product&#038;p=1180"},"modified":"2025-12-18T09:32:11","modified_gmt":"2025-12-18T09:32:11","slug":"piquillo-en-tiras-3-kg","status":"publish","type":"product","link":"https:\/\/www.dantza.com\/en\/product\/piquillo-en-tiras-3-kg\/","title":{"rendered":"Piquillo Pepper Strips 3 Kg"},"content":{"rendered":"<p data-start=\"569\" data-end=\"841\">Nuestro <strong data-start=\"577\" data-end=\"598\">piquillo en tiras<\/strong> en <strong data-start=\"602\" data-end=\"633\">formato profesional de 3 kg<\/strong> est\u00e1 elaborado con <a href=\"https:\/\/www.dantza.com\/en\/productos\/pimiento-de-piquillo\/\"><strong data-start=\"653\" data-end=\"708\">pimientos del piquillo cuidadosamente seleccionados<\/strong><\/a>, asados y cortados en <strong data-start=\"731\" data-end=\"750\">tiras uniformes<\/strong>, manteniendo su <strong data-start=\"767\" data-end=\"840\">color rojo intenso, textura carnosa y sabor suave y ligeramente dulce<\/strong>.<\/p>\n<p data-start=\"843\" data-end=\"1076\">El <strong data-start=\"846\" data-end=\"879\">piquillo en tiras en conserva<\/strong> es una opci\u00f3n pr\u00e1ctica y vers\u00e1til para la cocina profesional, ya que facilita la preparaci\u00f3n de ensaladas, salteados, guarniciones y platos preparados, ahorrando tiempo sin renunciar a la calidad.<\/p>\n<p data-start=\"1078\" data-end=\"1245\">Este <strong data-start=\"1083\" data-end=\"1109\">formato grande de 3 kg<\/strong> es ideal para <strong data-start=\"1124\" data-end=\"1163\">hosteler\u00eda, restauraci\u00f3n y catering<\/strong>, ofreciendo rendimiento, comodidad y una presentaci\u00f3n constante en cada servicio.<\/p>\n<h4 data-start=\"1247\" data-end=\"1279\">Caracter\u00edsticas principales<\/h4>\n<ul data-start=\"1280\" data-end=\"1468\">\n<li data-start=\"1280\" data-end=\"1317\">\n<p data-start=\"1282\" data-end=\"1317\"><strong data-start=\"1282\" data-end=\"1317\">Pimientos del piquillo en tiras<\/strong><\/p>\n<\/li>\n<li data-start=\"1318\" data-end=\"1346\">\n<p data-start=\"1320\" data-end=\"1346\">Textura carnosa y uniforme<\/p>\n<\/li>\n<li data-start=\"1347\" data-end=\"1374\">\n<p data-start=\"1349\" data-end=\"1374\">Sabor suave y equilibrado<\/p>\n<\/li>\n<li data-start=\"1375\" data-end=\"1395\">\n<p data-start=\"1377\" data-end=\"1395\">Color rojo intenso<\/p>\n<\/li>\n<li data-start=\"1396\" data-end=\"1429\">\n<p data-start=\"1398\" data-end=\"1429\"><strong data-start=\"1398\" data-end=\"1429\">Formato profesional de 3 kg<\/strong><\/p>\n<\/li>\n<li data-start=\"1430\" data-end=\"1468\">\n<p data-start=\"1432\" data-end=\"1468\">Ideal para hosteler\u00eda y restauraci\u00f3n<\/p>\n<\/li>\n<\/ul>\n<h4 data-start=\"1470\" data-end=\"1487\">Ingredients<\/h4>\n<p data-start=\"1488\" data-end=\"1522\">Pimiento del piquillo, agua y sal.<\/p>\n<h4 data-start=\"1524\" data-end=\"1543\">Modo de empleo<\/h4>\n<p data-start=\"1544\" data-end=\"1675\">Producto listo para usar. Perfecto para ensaladas, salteados, revueltos, guarniciones, pintxos y platos preparados de gran volumen.<\/p>\n<h4 data-start=\"1677\" data-end=\"1694\">Conservaci\u00f3n<\/h4>\n<p data-start=\"1695\" data-end=\"1796\">Conservar en lugar fresco y seco. Una vez abierto, mantener refrigerado y consumir antes de 48 horas.<\/p>","protected":false},"excerpt":{"rendered":"<h5>Piquillo en tiras 3Kg<\/h5>\n<p><strong>Special Foodservice<\/strong><br \/>\nThe best of our orchard directly served to your business. Special sizes with the same product.<\/p>","protected":false},"featured_media":3073,"template":"","meta":[],"product_brand":[],"product_cat":[67],"product_tag":[],"class_list":{"0":"post-1180","1":"product","2":"type-product","3":"status-publish","4":"has-post-thumbnail","6":"product_cat-piquillo","8":"first","9":"instock","10":"shipping-taxable","11":"product-type-simple"},"_links":{"self":[{"href":"https:\/\/www.dantza.com\/en\/wp-json\/wp\/v2\/product\/1180","targetHints":{"allow":["GET"]}}],"collection":[{"href":"https:\/\/www.dantza.com\/en\/wp-json\/wp\/v2\/product"}],"about":[{"href":"https:\/\/www.dantza.com\/en\/wp-json\/wp\/v2\/types\/product"}],"wp:featuredmedia":[{"embeddable":true,"href":"https:\/\/www.dantza.com\/en\/wp-json\/wp\/v2\/media\/3073"}],"wp:attachment":[{"href":"https:\/\/www.dantza.com\/en\/wp-json\/wp\/v2\/media?parent=1180"}],"wp:term":[{"taxonomy":"product_brand","embeddable":true,"href":"https:\/\/www.dantza.com\/en\/wp-json\/wp\/v2\/product_brand?post=1180"},{"taxonomy":"product_cat","embeddable":true,"href":"https:\/\/www.dantza.com\/en\/wp-json\/wp\/v2\/product_cat?post=1180"},{"taxonomy":"product_tag","embeddable":true,"href":"https:\/\/www.dantza.com\/en\/wp-json\/wp\/v2\/product_tag?post=1180"}],"curies":[{"name":"wp","href":"https:\/\/api.w.org\/{rel}","templated":true}]}}