{"id":1181,"date":"2023-05-06T10:26:11","date_gmt":"2023-05-06T10:26:11","guid":{"rendered":"https:\/\/new.dantza.com\/?post_type=product&#038;p=1181"},"modified":"2025-12-18T09:36:04","modified_gmt":"2025-12-18T09:36:04","slug":"melocoton-3kg","status":"publish","type":"product","link":"https:\/\/www.dantza.com\/en\/product\/melocoton-3kg\/","title":{"rendered":"Peaches 3Kg"},"content":{"rendered":"<p data-start=\"642\" data-end=\"900\">Nuestro <strong data-start=\"650\" data-end=\"663\">melocot\u00f3n<\/strong> en <strong data-start=\"667\" data-end=\"698\">formato profesional de 3 kg<\/strong> est\u00e1 elaborado a partir de <strong data-start=\"726\" data-end=\"770\">melocotones cuidadosamente seleccionados<\/strong>, recolectados en su punto \u00f3ptimo de maduraci\u00f3n y conservados para mantener su <strong data-start=\"849\" data-end=\"899\">sabor dulce, textura firme y jugosidad natural<\/strong>.<\/p>\n<p data-start=\"902\" data-end=\"1136\">El <strong data-start=\"905\" data-end=\"930\">melocot\u00f3n en conserva<\/strong> es un producto vers\u00e1til y pr\u00e1ctico, ideal para <strong data-start=\"978\" data-end=\"1033\">hosteler\u00eda, restauraci\u00f3n, catering y colectividades<\/strong>, permitiendo preparar postres, macedonias, reposter\u00eda y platos dulces con rapidez y calidad constante.<\/p>\n<p data-start=\"1138\" data-end=\"1283\">Gracias a su presentaci\u00f3n en <strong data-start=\"1167\" data-end=\"1193\">formato grande de 3 kg<\/strong>, este melocot\u00f3n ofrece un excelente rendimiento y comodidad de uso en cocina profesional.<\/p>\n<h4 data-start=\"1285\" data-end=\"1317\">Caracter\u00edsticas principales<\/h4>\n<ul data-start=\"1318\" data-end=\"1508\">\n<li data-start=\"1318\" data-end=\"1345\">\n<p data-start=\"1320\" data-end=\"1345\"><strong data-start=\"1320\" data-end=\"1345\">Melocot\u00f3n en conserva<\/strong><\/p>\n<\/li>\n<li data-start=\"1346\" data-end=\"1382\">\n<p data-start=\"1348\" data-end=\"1382\">Fruta seleccionada de alta calidad<\/p>\n<\/li>\n<li data-start=\"1383\" data-end=\"1407\">\n<p data-start=\"1385\" data-end=\"1407\">Textura firme y jugosa<\/p>\n<\/li>\n<li data-start=\"1408\" data-end=\"1435\">\n<p data-start=\"1410\" data-end=\"1435\">Sabor dulce y equilibrado<\/p>\n<\/li>\n<li data-start=\"1436\" data-end=\"1469\">\n<p data-start=\"1438\" data-end=\"1469\"><strong data-start=\"1438\" data-end=\"1469\">Formato profesional de 3 kg<\/strong><\/p>\n<\/li>\n<li data-start=\"1470\" data-end=\"1508\">\n<p data-start=\"1472\" data-end=\"1508\">Ideal para hosteler\u00eda y restauraci\u00f3n<\/p>\n<\/li>\n<\/ul>\n<h4 data-start=\"1625\" data-end=\"1644\">Modo de empleo<\/h4>\n<p data-start=\"1645\" data-end=\"1800\">Producto listo para consumir. Perfecto para postres, macedonias, reposter\u00eda, tartas, ensaladas de fruta o como acompa\u00f1amiento dulce en men\u00fas profesionales.<\/p>\n<h4 data-start=\"1802\" data-end=\"1819\">Conservaci\u00f3n<\/h4>\n<p data-start=\"1820\" data-end=\"1921\">Conservar en lugar fresco y seco. Una vez abierto, mantener refrigerado y consumir antes de 48 horas.<\/p>","protected":false},"excerpt":{"rendered":"<h5>Peaches 3Kg<\/h5>\n<p><strong>Special Foodservice<\/strong><br \/>\nThe best of our orchard directly served to your business. Special sizes with the same product.<\/p>","protected":false},"featured_media":3629,"template":"","meta":[],"product_brand":[],"product_cat":[78],"product_tag":[],"class_list":{"0":"post-1181","1":"product","2":"type-product","3":"status-publish","4":"has-post-thumbnail","6":"product_cat-fruta-foodservice","8":"first","9":"instock","10":"shipping-taxable","11":"product-type-simple"},"_links":{"self":[{"href":"https:\/\/www.dantza.com\/en\/wp-json\/wp\/v2\/product\/1181","targetHints":{"allow":["GET"]}}],"collection":[{"href":"https:\/\/www.dantza.com\/en\/wp-json\/wp\/v2\/product"}],"about":[{"href":"https:\/\/www.dantza.com\/en\/wp-json\/wp\/v2\/types\/product"}],"wp:featuredmedia":[{"embeddable":true,"href":"https:\/\/www.dantza.com\/en\/wp-json\/wp\/v2\/media\/3629"}],"wp:attachment":[{"href":"https:\/\/www.dantza.com\/en\/wp-json\/wp\/v2\/media?parent=1181"}],"wp:term":[{"taxonomy":"product_brand","embeddable":true,"href":"https:\/\/www.dantza.com\/en\/wp-json\/wp\/v2\/product_brand?post=1181"},{"taxonomy":"product_cat","embeddable":true,"href":"https:\/\/www.dantza.com\/en\/wp-json\/wp\/v2\/product_cat?post=1181"},{"taxonomy":"product_tag","embeddable":true,"href":"https:\/\/www.dantza.com\/en\/wp-json\/wp\/v2\/product_tag?post=1181"}],"curies":[{"name":"wp","href":"https:\/\/api.w.org\/{rel}","templated":true}]}}