{"id":1184,"date":"2023-05-06T10:26:11","date_gmt":"2023-05-06T10:26:11","guid":{"rendered":"https:\/\/new.dantza.com\/?post_type=product&#038;p=1184"},"modified":"2025-12-18T09:38:06","modified_gmt":"2025-12-18T09:38:06","slug":"borraja-bio","status":"publish","type":"product","link":"https:\/\/www.dantza.com\/en\/product\/borraja-bio\/","title":{"rendered":"Organic Borage"},"content":{"rendered":"<p data-start=\"581\" data-end=\"887\">Nuestra <strong data-start=\"589\" data-end=\"600\">borraja<\/strong> procede de <strong data-start=\"612\" data-end=\"637\">agricultura ecol\u00f3gica<\/strong>, cultivada siguiendo pr\u00e1cticas respetuosas con el medio ambiente y <strong data-start=\"705\" data-end=\"738\">certificada como producto BIO<\/strong>. Se selecciona cuidadosamente, se limpia y se cuece en su punto \u00f3ptimo para conservar su <strong data-start=\"828\" data-end=\"886\">textura tierna, color natural y sabor suave y delicado<\/strong>.<\/p>\n<p data-start=\"889\" data-end=\"1122\">La <strong data-start=\"892\" data-end=\"925\">borraja ecol\u00f3gica en conserva<\/strong> permite disfrutar de una de las verduras m\u00e1s emblem\u00e1ticas de la cocina tradicional del norte de Espa\u00f1a durante todo el a\u00f1o, con la comodidad de un producto <strong data-start=\"1082\" data-end=\"1101\">listo para usar<\/strong> y de m\u00e1xima calidad.<\/p>\n<p data-start=\"1124\" data-end=\"1306\">Gracias a su elaboraci\u00f3n cuidada, la borraja BIO Dantza mantiene sus cualidades y es ideal para una <strong data-start=\"1224\" data-end=\"1250\">alimentaci\u00f3n saludable<\/strong>, tanto en recetas tradicionales como en platos ligeros.<\/p>\n<h4 data-start=\"1308\" data-end=\"1340\">Caracter\u00edsticas principales<\/h4>\n<ul data-start=\"1341\" data-end=\"1519\">\n<li data-start=\"1341\" data-end=\"1370\">\n<p data-start=\"1343\" data-end=\"1370\"><strong data-start=\"1343\" data-end=\"1370\">Borraja BIO certificada<\/strong><\/p>\n<\/li>\n<li data-start=\"1371\" data-end=\"1408\">\n<p data-start=\"1373\" data-end=\"1408\">Procedente de agricultura ecol\u00f3gica<\/p>\n<\/li>\n<li data-start=\"1409\" data-end=\"1437\">\n<p data-start=\"1411\" data-end=\"1437\">Textura tierna y agradable<\/p>\n<\/li>\n<li data-start=\"1438\" data-end=\"1462\">\n<p data-start=\"1440\" data-end=\"1462\">Sabor suave y delicado<\/p>\n<\/li>\n<li data-start=\"1463\" data-end=\"1484\">\n<p data-start=\"1465\" data-end=\"1484\">Lista para consumir<\/p>\n<\/li>\n<li data-start=\"1485\" data-end=\"1519\">\n<p data-start=\"1487\" data-end=\"1519\">Producto vegetal de alta calidad<\/p>\n<\/li>\n<\/ul>\n<h4 data-start=\"1593\" data-end=\"1612\">Modo de empleo<\/h4>\n<p data-start=\"1613\" data-end=\"1777\">Producto listo para usar. Puede calentarse y servirse directamente, acompa\u00f1arse con patata, jam\u00f3n o utilizarse como guarnici\u00f3n en platos tradicionales y saludables.<\/p>\n<h4 data-start=\"1779\" data-end=\"1796\">Conservaci\u00f3n<\/h4>\n<p data-start=\"1797\" data-end=\"1898\">Conservar en lugar fresco y seco. Una vez abierto, mantener refrigerado y consumir antes de 48 horas.<\/p>","protected":false},"excerpt":{"rendered":"<h5>Organic Borage<\/h5>\n<p><strong>100% ORGANIC<\/strong><br \/>\nWe take care of environment and we care about our customers with our new line of BIO products free from additives.<\/p>","protected":false},"featured_media":1213,"template":"","meta":[],"product_brand":[],"product_cat":[65],"product_tag":[],"class_list":{"0":"post-1184","1":"product","2":"type-product","3":"status-publish","4":"has-post-thumbnail","6":"product_cat-verdura-bio","8":"first","9":"instock","10":"shipping-taxable","11":"product-type-simple"},"_links":{"self":[{"href":"https:\/\/www.dantza.com\/en\/wp-json\/wp\/v2\/product\/1184","targetHints":{"allow":["GET"]}}],"collection":[{"href":"https:\/\/www.dantza.com\/en\/wp-json\/wp\/v2\/product"}],"about":[{"href":"https:\/\/www.dantza.com\/en\/wp-json\/wp\/v2\/types\/product"}],"wp:featuredmedia":[{"embeddable":true,"href":"https:\/\/www.dantza.com\/en\/wp-json\/wp\/v2\/media\/1213"}],"wp:attachment":[{"href":"https:\/\/www.dantza.com\/en\/wp-json\/wp\/v2\/media?parent=1184"}],"wp:term":[{"taxonomy":"product_brand","embeddable":true,"href":"https:\/\/www.dantza.com\/en\/wp-json\/wp\/v2\/product_brand?post=1184"},{"taxonomy":"product_cat","embeddable":true,"href":"https:\/\/www.dantza.com\/en\/wp-json\/wp\/v2\/product_cat?post=1184"},{"taxonomy":"product_tag","embeddable":true,"href":"https:\/\/www.dantza.com\/en\/wp-json\/wp\/v2\/product_tag?post=1184"}],"curies":[{"name":"wp","href":"https:\/\/api.w.org\/{rel}","templated":true}]}}