{"id":1186,"date":"2023-05-06T10:26:13","date_gmt":"2023-05-06T10:26:13","guid":{"rendered":"https:\/\/new.dantza.com\/?post_type=product&#038;p=1186"},"modified":"2025-12-17T16:31:23","modified_gmt":"2025-12-17T16:31:23","slug":"acelga-bio","status":"publish","type":"product","link":"https:\/\/www.dantza.com\/en\/product\/acelga-bio\/","title":{"rendered":"Organic Chard"},"content":{"rendered":"","protected":false},"excerpt":{"rendered":"<h5>Organic Chard<\/h5>\n<p data-start=\"224\" data-end=\"436\">Nuestra <strong data-start=\"232\" data-end=\"246\">acelga BIO<\/strong> se elabora a partir de <strong data-start=\"270\" data-end=\"306\">acelgas ecol\u00f3gicas seleccionadas<\/strong>, recolectadas en su punto \u00f3ptimo y conservadas cuidadosamente para mantener su textura tierna, su color natural y su sabor suave.<\/p>\n<p data-start=\"438\" data-end=\"627\">La <strong data-start=\"441\" data-end=\"463\">acelga en conserva<\/strong> Dantza es una opci\u00f3n pr\u00e1ctica y saludable para disfrutar de esta verdura tradicional durante todo el a\u00f1o, con la garant\u00eda de un producto ecol\u00f3gico de alta calidad.<\/p>\n<h3 data-start=\"629\" data-end=\"660\">Acelga ecol\u00f3gica de calidad<\/h3>\n<p data-start=\"661\" data-end=\"860\">La <strong data-start=\"664\" data-end=\"674\">acelga<\/strong> Dantza procede de <strong data-start=\"693\" data-end=\"730\">agricultura ecol\u00f3gica certificada<\/strong>, sin aditivos ni conservantes artificiales. Un producto natural que respeta las cualidades de la acelga fresca y sus propiedades.<\/p>\n<h3 data-start=\"862\" data-end=\"892\">Vers\u00e1til y lista para usar<\/h3>\n<p data-start=\"893\" data-end=\"960\">Gracias a su textura y sabor delicado, la <strong data-start=\"935\" data-end=\"945\">acelga<\/strong> es ideal para:<\/p>\n<ul data-start=\"961\" data-end=\"1088\">\n<li data-start=\"961\" data-end=\"992\">\n<p data-start=\"963\" data-end=\"992\">Guisos y platos de verduras<\/p>\n<\/li>\n<li data-start=\"993\" data-end=\"1024\">\n<p data-start=\"995\" data-end=\"1024\">Salteados y recetas ligeras<\/p>\n<\/li>\n<li data-start=\"1025\" data-end=\"1050\">\n<p data-start=\"1027\" data-end=\"1050\">Tortillas y revueltos<\/p>\n<\/li>\n<li data-start=\"1051\" data-end=\"1088\">\n<p data-start=\"1053\" data-end=\"1088\">Platos tradicionales y saludables<\/p>\n<\/li>\n<\/ul>\n<h3 data-start=\"1090\" data-end=\"1111\">Compromiso Dantza<\/h3>\n<p data-start=\"1112\" data-end=\"1306\">En Dantza apostamos por conservas ecol\u00f3gicas elaboradas con procesos respetuosos y materias primas seleccionadas, ofreciendo <strong data-start=\"1237\" data-end=\"1251\">acelga BIO<\/strong> de alta calidad para una cocina natural y equilibrada.<\/p>","protected":false},"featured_media":1211,"template":"","meta":[],"product_brand":[],"product_cat":[65],"product_tag":[],"class_list":{"0":"post-1186","1":"product","2":"type-product","3":"status-publish","4":"has-post-thumbnail","6":"product_cat-verdura-bio","8":"first","9":"instock","10":"shipping-taxable","11":"product-type-simple"},"_links":{"self":[{"href":"https:\/\/www.dantza.com\/en\/wp-json\/wp\/v2\/product\/1186","targetHints":{"allow":["GET"]}}],"collection":[{"href":"https:\/\/www.dantza.com\/en\/wp-json\/wp\/v2\/product"}],"about":[{"href":"https:\/\/www.dantza.com\/en\/wp-json\/wp\/v2\/types\/product"}],"wp:featuredmedia":[{"embeddable":true,"href":"https:\/\/www.dantza.com\/en\/wp-json\/wp\/v2\/media\/1211"}],"wp:attachment":[{"href":"https:\/\/www.dantza.com\/en\/wp-json\/wp\/v2\/media?parent=1186"}],"wp:term":[{"taxonomy":"product_brand","embeddable":true,"href":"https:\/\/www.dantza.com\/en\/wp-json\/wp\/v2\/product_brand?post=1186"},{"taxonomy":"product_cat","embeddable":true,"href":"https:\/\/www.dantza.com\/en\/wp-json\/wp\/v2\/product_cat?post=1186"},{"taxonomy":"product_tag","embeddable":true,"href":"https:\/\/www.dantza.com\/en\/wp-json\/wp\/v2\/product_tag?post=1186"}],"curies":[{"name":"wp","href":"https:\/\/api.w.org\/{rel}","templated":true}]}}