{"id":1188,"date":"2023-05-06T10:26:14","date_gmt":"2023-05-06T10:26:14","guid":{"rendered":"https:\/\/new.dantza.com\/?post_type=product&#038;p=1188"},"modified":"2025-12-17T16:17:19","modified_gmt":"2025-12-17T16:17:19","slug":"maiz-bio","status":"publish","type":"product","link":"https:\/\/www.dantza.com\/en\/product\/maiz-bio\/","title":{"rendered":"Organic Corn"},"content":{"rendered":"","protected":false},"excerpt":{"rendered":"<h5>Organic Corn<\/h5>\n<p data-start=\"230\" data-end=\"460\">Nuestro <strong data-start=\"238\" data-end=\"250\">ma\u00edz BIO<\/strong> se elabora a partir de <strong data-start=\"274\" data-end=\"316\">granos de ma\u00edz ecol\u00f3gico seleccionados<\/strong>, recolectados en su punto \u00f3ptimo de maduraci\u00f3n y conservados cuidadosamente para mantener su sabor dulce, su textura jugosa y su color natural.<\/p>\n<p data-start=\"462\" data-end=\"660\">Este <strong data-start=\"467\" data-end=\"487\">ma\u00edz en conserva<\/strong> es una opci\u00f3n pr\u00e1ctica y de alta calidad para quienes buscan disfrutar del aut\u00e9ntico sabor del ma\u00edz durante todo el a\u00f1o, con la garant\u00eda de un producto ecol\u00f3gico y natural.<\/p>\n<h3 data-start=\"662\" data-end=\"696\">Ma\u00edz ecol\u00f3gico de alta calidad<\/h3>\n<p data-start=\"697\" data-end=\"890\">El <strong data-start=\"700\" data-end=\"708\">ma\u00edz<\/strong> Dantza procede de <strong data-start=\"727\" data-end=\"764\">agricultura ecol\u00f3gica certificada<\/strong>, sin aditivos ni conservantes artificiales. Un producto natural que respeta las cualidades del ma\u00edz fresco y sus propiedades.<\/p>\n<h3 data-start=\"892\" data-end=\"922\">Vers\u00e1til y listo para usar<\/h3>\n<p data-start=\"923\" data-end=\"995\">Gracias a su sabor suave y textura agradable, el <strong data-start=\"972\" data-end=\"980\">ma\u00edz<\/strong> es ideal para:<\/p>\n<ul data-start=\"996\" data-end=\"1117\">\n<li data-start=\"996\" data-end=\"1027\">\n<p data-start=\"998\" data-end=\"1027\">Ensaladas fr\u00edas y templadas<\/p>\n<\/li>\n<li data-start=\"1028\" data-end=\"1056\">\n<p data-start=\"1030\" data-end=\"1056\">Guarniciones de verduras<\/p>\n<\/li>\n<li data-start=\"1057\" data-end=\"1080\">\n<p data-start=\"1059\" data-end=\"1080\">Arroces y salteados<\/p>\n<\/li>\n<li data-start=\"1081\" data-end=\"1117\">\n<p data-start=\"1083\" data-end=\"1117\">Recetas tradicionales y modernas<\/p>\n<\/li>\n<\/ul>\n<h3 data-start=\"1119\" data-end=\"1140\">Compromiso Dantza<\/h3>\n<p data-start=\"1141\" data-end=\"1331\">En Dantza apostamos por conservas ecol\u00f3gicas elaboradas con procesos respetuosos y materias primas seleccionadas, ofreciendo <strong data-start=\"1266\" data-end=\"1278\">ma\u00edz BIO<\/strong> de alta calidad para una cocina saludable y natural.<\/p>","protected":false},"featured_media":3465,"template":"","meta":[],"product_brand":[],"product_cat":[65],"product_tag":[],"class_list":{"0":"post-1188","1":"product","2":"type-product","3":"status-publish","4":"has-post-thumbnail","6":"product_cat-verdura-bio","8":"first","9":"instock","10":"shipping-taxable","11":"product-type-simple"},"_links":{"self":[{"href":"https:\/\/www.dantza.com\/en\/wp-json\/wp\/v2\/product\/1188","targetHints":{"allow":["GET"]}}],"collection":[{"href":"https:\/\/www.dantza.com\/en\/wp-json\/wp\/v2\/product"}],"about":[{"href":"https:\/\/www.dantza.com\/en\/wp-json\/wp\/v2\/types\/product"}],"wp:featuredmedia":[{"embeddable":true,"href":"https:\/\/www.dantza.com\/en\/wp-json\/wp\/v2\/media\/3465"}],"wp:attachment":[{"href":"https:\/\/www.dantza.com\/en\/wp-json\/wp\/v2\/media?parent=1188"}],"wp:term":[{"taxonomy":"product_brand","embeddable":true,"href":"https:\/\/www.dantza.com\/en\/wp-json\/wp\/v2\/product_brand?post=1188"},{"taxonomy":"product_cat","embeddable":true,"href":"https:\/\/www.dantza.com\/en\/wp-json\/wp\/v2\/product_cat?post=1188"},{"taxonomy":"product_tag","embeddable":true,"href":"https:\/\/www.dantza.com\/en\/wp-json\/wp\/v2\/product_tag?post=1188"}],"curies":[{"name":"wp","href":"https:\/\/api.w.org\/{rel}","templated":true}]}}