{"id":1189,"date":"2023-05-06T10:26:14","date_gmt":"2023-05-06T10:26:14","guid":{"rendered":"https:\/\/new.dantza.com\/?post_type=product&#038;p=1189"},"modified":"2025-12-17T16:29:12","modified_gmt":"2025-12-17T16:29:12","slug":"tomate-triturado-lata-1-2kg-bio-2","status":"publish","type":"product","link":"https:\/\/www.dantza.com\/en\/product\/tomate-triturado-lata-1-2kg-bio-2\/","title":{"rendered":"Organic Tomato Passata 1\/2 Kg Tin"},"content":{"rendered":"","protected":false},"excerpt":{"rendered":"<h5>Organic Tomato Passata 1\/2 Kg Tin<\/h5>\n<p data-start=\"281\" data-end=\"525\">Nuestro <strong data-start=\"289\" data-end=\"321\">tomate triturado BIO en lata<\/strong> est\u00e1 elaborado con <strong data-start=\"341\" data-end=\"377\">tomates ecol\u00f3gicos seleccionados<\/strong>, recolectados en su punto \u00f3ptimo de maduraci\u00f3n y triturados cuidadosamente para conservar todo su sabor natural, color intenso y textura homog\u00e9nea.<\/p>\n<p data-start=\"527\" data-end=\"727\">Esta <strong data-start=\"532\" data-end=\"560\">lata de tomate triturado<\/strong> de <strong data-start=\"564\" data-end=\"574\">1,2 kg<\/strong> es ideal tanto para uso dom\u00e9stico intensivo como profesional, ofreciendo un formato pr\u00e1ctico y rentable sin renunciar a la calidad del tomate ecol\u00f3gico.<\/p>\n<h3 data-start=\"729\" data-end=\"770\">Tomate triturado ecol\u00f3gico de calidad<\/h3>\n<p data-start=\"771\" data-end=\"1020\">El <strong data-start=\"774\" data-end=\"802\">tomate triturado en lata<\/strong> Dantza procede de <strong data-start=\"821\" data-end=\"858\">agricultura ecol\u00f3gica certificada<\/strong>, sin aditivos, conservantes ni az\u00facares a\u00f1adidos. Un producto natural que respeta las cualidades del tomate fresco y los est\u00e1ndares m\u00e1s exigentes de calidad BIO.<\/p>\n<h3 data-start=\"1022\" data-end=\"1047\">Vers\u00e1til en la cocina<\/h3>\n<p data-start=\"1048\" data-end=\"1148\">Gracias a su textura uniforme y sabor equilibrado, el <strong data-start=\"1102\" data-end=\"1130\">tomate triturado en lata<\/strong> es perfecto para:<\/p>\n<ul data-start=\"1149\" data-end=\"1255\">\n<li data-start=\"1149\" data-end=\"1177\">\n<p data-start=\"1151\" data-end=\"1177\">Salsas de tomate caseras<\/p>\n<\/li>\n<li data-start=\"1178\" data-end=\"1199\">\n<p data-start=\"1180\" data-end=\"1199\">Sofritos y guisos<\/p>\n<\/li>\n<li data-start=\"1200\" data-end=\"1219\">\n<p data-start=\"1202\" data-end=\"1219\">Platos de pasta<\/p>\n<\/li>\n<li data-start=\"1220\" data-end=\"1255\">\n<p data-start=\"1222\" data-end=\"1255\">Arroces y recetas tradicionales<\/p>\n<\/li>\n<\/ul>\n<h3 data-start=\"1257\" data-end=\"1278\">Compromiso Dantza<\/h3>\n<p data-start=\"1279\" data-end=\"1490\">En Dantza elaboramos nuestro <strong data-start=\"1308\" data-end=\"1340\">tomate triturado BIO en lata<\/strong> mediante procesos respetuosos y materias primas seleccionadas, ofreciendo una conserva de alta calidad pensada para una cocina natural y profesional.<\/p>","protected":false},"featured_media":3633,"template":"","meta":[],"product_brand":[],"product_cat":[80],"product_tag":[],"class_list":{"0":"post-1189","1":"product","2":"type-product","3":"status-publish","4":"has-post-thumbnail","6":"product_cat-tomate-bio","8":"first","9":"instock","10":"shipping-taxable","11":"product-type-simple"},"_links":{"self":[{"href":"https:\/\/www.dantza.com\/en\/wp-json\/wp\/v2\/product\/1189","targetHints":{"allow":["GET"]}}],"collection":[{"href":"https:\/\/www.dantza.com\/en\/wp-json\/wp\/v2\/product"}],"about":[{"href":"https:\/\/www.dantza.com\/en\/wp-json\/wp\/v2\/types\/product"}],"wp:featuredmedia":[{"embeddable":true,"href":"https:\/\/www.dantza.com\/en\/wp-json\/wp\/v2\/media\/3633"}],"wp:attachment":[{"href":"https:\/\/www.dantza.com\/en\/wp-json\/wp\/v2\/media?parent=1189"}],"wp:term":[{"taxonomy":"product_brand","embeddable":true,"href":"https:\/\/www.dantza.com\/en\/wp-json\/wp\/v2\/product_brand?post=1189"},{"taxonomy":"product_cat","embeddable":true,"href":"https:\/\/www.dantza.com\/en\/wp-json\/wp\/v2\/product_cat?post=1189"},{"taxonomy":"product_tag","embeddable":true,"href":"https:\/\/www.dantza.com\/en\/wp-json\/wp\/v2\/product_tag?post=1189"}],"curies":[{"name":"wp","href":"https:\/\/api.w.org\/{rel}","templated":true}]}}