{"id":1193,"date":"2023-05-06T10:26:14","date_gmt":"2023-05-06T10:26:14","guid":{"rendered":"https:\/\/new.dantza.com\/?post_type=product&#038;p=1193"},"modified":"2025-12-17T16:22:18","modified_gmt":"2025-12-17T16:22:18","slug":"esparrago-r-370-bio","status":"publish","type":"product","link":"https:\/\/www.dantza.com\/en\/product\/esparrago-r-370-bio\/","title":{"rendered":"Organic Asparagus R-370"},"content":{"rendered":"","protected":false},"excerpt":{"rendered":"<h5>Organic Asparagus R-370<\/h5>\n<p data-start=\"275\" data-end=\"513\">Nuestro <strong data-start=\"283\" data-end=\"307\"><a href=\"https:\/\/www.dantza.com\/en\/productos\/esparrago-do-navarra-extra\/\">esp\u00e1rrago blanco<\/a> ORGANIC<\/strong> en formato <strong data-start=\"319\" data-end=\"328\">R-370<\/strong> se elabora con <strong data-start=\"344\" data-end=\"383\">esp\u00e1rragos ecol\u00f3gicos seleccionados<\/strong>, recolectados en su punto \u00f3ptimo y conservados cuidadosamente para mantener su textura tierna, su sabor suave y su color natural.<\/p>\n<p data-start=\"515\" data-end=\"720\">Este <strong data-start=\"520\" data-end=\"545\">esp\u00e1rrago en conserva<\/strong> es una opci\u00f3n pr\u00e1ctica y de alta calidad, ideal para consumo individual o para quienes buscan un formato m\u00e1s peque\u00f1o sin renunciar al aut\u00e9ntico sabor del esp\u00e1rrago ecol\u00f3gico.<\/p>\n<h3 data-start=\"722\" data-end=\"756\">Esp\u00e1rrago ecol\u00f3gico de calidad<\/h3>\n<p data-start=\"757\" data-end=\"975\">El <strong data-start=\"760\" data-end=\"773\">esp\u00e1rrago<\/strong> Dantza procede de <strong data-start=\"792\" data-end=\"829\">agricultura ecol\u00f3gica certificada<\/strong>, sin aditivos ni conservantes artificiales. Un producto natural que respeta las cualidades del esp\u00e1rrago fresco y conserva todas sus propiedades.<\/p>\n<h3 data-start=\"977\" data-end=\"1012\">Vers\u00e1til y listo para disfrutar<\/h3>\n<p data-start=\"1013\" data-end=\"1098\">Gracias a su textura delicada y sabor equilibrado, el <strong data-start=\"1067\" data-end=\"1080\">esp\u00e1rrago<\/strong> es perfecto para:<\/p>\n<ul data-start=\"1099\" data-end=\"1247\">\n<li data-start=\"1099\" data-end=\"1138\">\n<p data-start=\"1101\" data-end=\"1138\">Consumir directamente como entrante<\/p>\n<\/li>\n<li data-start=\"1139\" data-end=\"1173\">\n<p data-start=\"1141\" data-end=\"1173\">En ensaladas fr\u00edas o templadas<\/p>\n<\/li>\n<li data-start=\"1174\" data-end=\"1214\">\n<p data-start=\"1176\" data-end=\"1214\">Como guarnici\u00f3n de pescados y carnes<\/p>\n<\/li>\n<li data-start=\"1215\" data-end=\"1247\">\n<p data-start=\"1217\" data-end=\"1247\">Recetas ligeras y saludables<\/p>\n<\/li>\n<\/ul>\n<h3 data-start=\"1249\" data-end=\"1270\">Compromiso Dantza<\/h3>\n<p data-start=\"1271\" data-end=\"1459\">En Dantza elaboramos nuestro <strong data-start=\"1300\" data-end=\"1317\">esp\u00e1rrago BIO<\/strong> con procesos respetuosos y materias primas seleccionadas, ofreciendo una conserva ecol\u00f3gica de calidad para una cocina natural y equilibrada.<\/p>","protected":false},"featured_media":3070,"template":"","meta":[],"product_brand":[],"product_cat":[82],"product_tag":[],"class_list":{"0":"post-1193","1":"product","2":"type-product","3":"status-publish","4":"has-post-thumbnail","6":"product_cat-esparrago","8":"first","9":"instock","10":"shipping-taxable","11":"product-type-simple"},"_links":{"self":[{"href":"https:\/\/www.dantza.com\/en\/wp-json\/wp\/v2\/product\/1193","targetHints":{"allow":["GET"]}}],"collection":[{"href":"https:\/\/www.dantza.com\/en\/wp-json\/wp\/v2\/product"}],"about":[{"href":"https:\/\/www.dantza.com\/en\/wp-json\/wp\/v2\/types\/product"}],"wp:featuredmedia":[{"embeddable":true,"href":"https:\/\/www.dantza.com\/en\/wp-json\/wp\/v2\/media\/3070"}],"wp:attachment":[{"href":"https:\/\/www.dantza.com\/en\/wp-json\/wp\/v2\/media?parent=1193"}],"wp:term":[{"taxonomy":"product_brand","embeddable":true,"href":"https:\/\/www.dantza.com\/en\/wp-json\/wp\/v2\/product_brand?post=1193"},{"taxonomy":"product_cat","embeddable":true,"href":"https:\/\/www.dantza.com\/en\/wp-json\/wp\/v2\/product_cat?post=1193"},{"taxonomy":"product_tag","embeddable":true,"href":"https:\/\/www.dantza.com\/en\/wp-json\/wp\/v2\/product_tag?post=1193"}],"curies":[{"name":"wp","href":"https:\/\/api.w.org\/{rel}","templated":true}]}}