{"id":3497,"date":"2023-11-10T09:05:06","date_gmt":"2023-11-10T09:05:06","guid":{"rendered":"https:\/\/www.dantza.com\/?post_type=product&#038;p=3497"},"modified":"2025-12-17T15:50:15","modified_gmt":"2025-12-17T15:50:15","slug":"pochas-a-la-navarra","status":"publish","type":"product","link":"https:\/\/www.dantza.com\/en\/product\/pochas-a-la-navarra\/","title":{"rendered":"Pochas a la navarra"},"content":{"rendered":"","protected":false},"excerpt":{"rendered":"<p><strong>Pochas a la navarra<\/strong><\/p>\n<p data-start=\"287\" data-end=\"488\">Nuestras <strong data-start=\"296\" data-end=\"319\">pochas a la Navarra<\/strong> son un <strong data-start=\"327\" data-end=\"359\">plato tradicional de cuchara<\/strong>, elaborado siguiendo la receta t\u00edpica navarra que respeta el sabor aut\u00e9ntico de esta legumbre fresca tan apreciada en la Ribera.<\/p>\n<p data-start=\"490\" data-end=\"666\">Las <strong data-start=\"494\" data-end=\"517\">pochas a la Navarra<\/strong> Dantza se cocinan lentamente con ingredientes seleccionados, logrando un guiso suave, meloso y lleno de matices, fiel a la cocina casera de siempre.<\/p>\n<h3 data-start=\"668\" data-end=\"698\">Receta tradicional navarra<\/h3>\n<p data-start=\"699\" data-end=\"946\">Este guiso de <strong data-start=\"713\" data-end=\"736\">pochas a la Navarra<\/strong> destaca por su elaboraci\u00f3n sencilla y cuidada, donde las pochas son las aut\u00e9nticas protagonistas. Un plato que refleja la esencia de la gastronom\u00eda navarra, pensado para disfrutar en cualquier momento del a\u00f1o.<\/p>\n<h3 data-start=\"948\" data-end=\"988\">Plato preparado listo para disfrutar<\/h3>\n<p data-start=\"989\" data-end=\"1183\">Nuestras <strong data-start=\"998\" data-end=\"1033\">pochas a la Navarra en conserva<\/strong> son una opci\u00f3n pr\u00e1ctica y de calidad para quienes buscan una comida completa, reconfortante y llena de sabor, sin renunciar a una receta tradicional.<\/p>\n<h3 data-start=\"1185\" data-end=\"1206\">Compromiso Dantza<\/h3>\n<p data-start=\"1207\" data-end=\"1425\">En Dantza elaboramos nuestras <strong data-start=\"1237\" data-end=\"1260\">pochas a la Navarra<\/strong> respetando los tiempos y procesos de la cocina tradicional, utilizando materias primas seleccionadas y ofreciendo platos preparados con identidad y sabor aut\u00e9ntico.<\/p>","protected":false},"featured_media":3493,"template":"","meta":[],"product_brand":[],"product_cat":[84],"product_tag":[],"class_list":{"0":"post-3497","1":"product","2":"type-product","3":"status-publish","4":"has-post-thumbnail","6":"product_cat-platos-preparados","8":"first","9":"instock","10":"shipping-taxable","11":"product-type-simple"},"_links":{"self":[{"href":"https:\/\/www.dantza.com\/en\/wp-json\/wp\/v2\/product\/3497","targetHints":{"allow":["GET"]}}],"collection":[{"href":"https:\/\/www.dantza.com\/en\/wp-json\/wp\/v2\/product"}],"about":[{"href":"https:\/\/www.dantza.com\/en\/wp-json\/wp\/v2\/types\/product"}],"wp:featuredmedia":[{"embeddable":true,"href":"https:\/\/www.dantza.com\/en\/wp-json\/wp\/v2\/media\/3493"}],"wp:attachment":[{"href":"https:\/\/www.dantza.com\/en\/wp-json\/wp\/v2\/media?parent=3497"}],"wp:term":[{"taxonomy":"product_brand","embeddable":true,"href":"https:\/\/www.dantza.com\/en\/wp-json\/wp\/v2\/product_brand?post=3497"},{"taxonomy":"product_cat","embeddable":true,"href":"https:\/\/www.dantza.com\/en\/wp-json\/wp\/v2\/product_cat?post=3497"},{"taxonomy":"product_tag","embeddable":true,"href":"https:\/\/www.dantza.com\/en\/wp-json\/wp\/v2\/product_tag?post=3497"}],"curies":[{"name":"wp","href":"https:\/\/api.w.org\/{rel}","templated":true}]}}