{"id":3592,"date":"2024-04-24T19:28:50","date_gmt":"2024-04-24T19:28:50","guid":{"rendered":"https:\/\/www.dantza.com\/?post_type=product&#038;p=3592"},"modified":"2025-12-17T15:47:56","modified_gmt":"2025-12-17T15:47:56","slug":"tomate-entero-v-720-bio","status":"publish","type":"product","link":"https:\/\/www.dantza.com\/en\/product\/tomate-entero-v-720-bio\/","title":{"rendered":"Whole Tomato V-720 BIO"},"content":{"rendered":"","protected":false},"excerpt":{"rendered":"<h5>Whole Tomato V-720 BIO<\/h5>\n<p data-start=\"463\" data-end=\"683\">Nuestro <strong data-start=\"471\" data-end=\"492\">tomate entero BIO<\/strong> se elabora con <strong data-start=\"508\" data-end=\"544\">tomates ecol\u00f3gicos seleccionados<\/strong>, recolectados en su punto \u00f3ptimo de maduraci\u00f3n y conservados cuidadosamente para mantener su sabor natural, textura firme y color intenso.<\/p>\n<p data-start=\"685\" data-end=\"904\">Este <strong data-start=\"690\" data-end=\"719\">tomate entero en conserva<\/strong> permite adaptar el producto a cualquier receta: puede utilizarse directamente, triturarse o trocearse seg\u00fan la elaboraci\u00f3n, conservando siempre el car\u00e1cter aut\u00e9ntico del tomate fresco.<\/p>\n<h3 data-start=\"906\" data-end=\"944\">Tomate entero ecol\u00f3gico de calidad<\/h3>\n<p data-start=\"945\" data-end=\"1184\">El <strong data-start=\"948\" data-end=\"965\">tomate entero<\/strong> Dantza procede de <strong data-start=\"984\" data-end=\"1021\">agricultura ecol\u00f3gica certificada<\/strong>, sin aditivos ni conservantes artificiales. Un producto natural que respeta el sabor original del tomate y cumple con los est\u00e1ndares m\u00e1s exigentes de calidad BIO.<\/p>\n<h3 data-start=\"1186\" data-end=\"1211\">Vers\u00e1til en la cocina<\/h3>\n<p data-start=\"1212\" data-end=\"1294\">Gracias a su consistencia y sabor equilibrado, el <strong data-start=\"1262\" data-end=\"1279\">tomate entero<\/strong> es ideal para:<\/p>\n<ul data-start=\"1295\" data-end=\"1413\">\n<li data-start=\"1295\" data-end=\"1323\">\n<p data-start=\"1297\" data-end=\"1323\">Salsas de tomate caseras<\/p>\n<\/li>\n<li data-start=\"1324\" data-end=\"1350\">\n<p data-start=\"1326\" data-end=\"1350\">Sofritos tradicionales<\/p>\n<\/li>\n<li data-start=\"1351\" data-end=\"1378\">\n<p data-start=\"1353\" data-end=\"1378\">Platos de pasta y pizza<\/p>\n<\/li>\n<li data-start=\"1379\" data-end=\"1413\">\n<p data-start=\"1381\" data-end=\"1413\">Guisos y recetas mediterr\u00e1neas<\/p>\n<\/li>\n<\/ul>\n<h3 data-start=\"1415\" data-end=\"1436\">Compromiso Dantza<\/h3>\n<p data-start=\"1437\" data-end=\"1631\">En Dantza apostamos por conservas ecol\u00f3gicas elaboradas con procesos respetuosos y materias primas seleccionadas, ofreciendo <strong data-start=\"1562\" data-end=\"1583\">tomate entero BIO<\/strong> de alta calidad para el d\u00eda a d\u00eda en la cocina.<\/p>","protected":false},"featured_media":3593,"template":"","meta":[],"product_brand":[],"product_cat":[75,80],"product_tag":[],"class_list":{"0":"post-3592","1":"product","2":"type-product","3":"status-publish","4":"has-post-thumbnail","6":"product_cat-bio-tomate","7":"product_cat-tomate-bio","9":"first","10":"instock","11":"shipping-taxable","12":"product-type-simple"},"_links":{"self":[{"href":"https:\/\/www.dantza.com\/en\/wp-json\/wp\/v2\/product\/3592","targetHints":{"allow":["GET"]}}],"collection":[{"href":"https:\/\/www.dantza.com\/en\/wp-json\/wp\/v2\/product"}],"about":[{"href":"https:\/\/www.dantza.com\/en\/wp-json\/wp\/v2\/types\/product"}],"wp:featuredmedia":[{"embeddable":true,"href":"https:\/\/www.dantza.com\/en\/wp-json\/wp\/v2\/media\/3593"}],"wp:attachment":[{"href":"https:\/\/www.dantza.com\/en\/wp-json\/wp\/v2\/media?parent=3592"}],"wp:term":[{"taxonomy":"product_brand","embeddable":true,"href":"https:\/\/www.dantza.com\/en\/wp-json\/wp\/v2\/product_brand?post=3592"},{"taxonomy":"product_cat","embeddable":true,"href":"https:\/\/www.dantza.com\/en\/wp-json\/wp\/v2\/product_cat?post=3592"},{"taxonomy":"product_tag","embeddable":true,"href":"https:\/\/www.dantza.com\/en\/wp-json\/wp\/v2\/product_tag?post=3592"}],"curies":[{"name":"wp","href":"https:\/\/api.w.org\/{rel}","templated":true}]}}