{"id":3594,"date":"2024-04-24T19:29:12","date_gmt":"2024-04-24T19:29:12","guid":{"rendered":"https:\/\/www.dantza.com\/?post_type=product&#038;p=3594"},"modified":"2025-12-17T11:11:26","modified_gmt":"2025-12-17T11:11:26","slug":"tomate-triturado-v-720-bio","status":"publish","type":"product","link":"https:\/\/www.dantza.com\/en\/product\/tomate-triturado-v-720-bio\/","title":{"rendered":"Tomato Passata V-720 BIO"},"content":{"rendered":"","protected":false},"excerpt":{"rendered":"<h5>Tomato Passata V-720 BIO<\/h5>\n<p data-start=\"460\" data-end=\"688\">Nuestro <strong data-start=\"468\" data-end=\"492\">tomate triturado BIO<\/strong> se elabora a partir de <strong data-start=\"516\" data-end=\"552\">tomates ecol\u00f3gicos seleccionados<\/strong>, recolectados en su punto \u00f3ptimo de maduraci\u00f3n y triturados cuidadosamente para conservar todo su sabor natural, aroma y color intenso.<\/p>\n<p data-start=\"690\" data-end=\"979\">Este <strong data-start=\"695\" data-end=\"715\">tomate triturado<\/strong> presenta una textura homog\u00e9nea y natural, ideal para utilizar directamente en la cocina sin necesidad de procesado adicional. Un producto vers\u00e1til, saludable y de alta calidad, perfecto para quienes buscan el aut\u00e9ntico sabor del tomate fresco durante todo el a\u00f1o.<\/p>\n<h3 data-start=\"981\" data-end=\"1022\">Tomate triturado ecol\u00f3gico de calidad<\/h3>\n<p data-start=\"1023\" data-end=\"1253\">El <strong data-start=\"1026\" data-end=\"1046\">tomate triturado<\/strong> Dantza procede de <strong data-start=\"1065\" data-end=\"1102\">agricultura ecol\u00f3gica certificada<\/strong>, sin aditivos, conservantes ni az\u00facares a\u00f1adidos. Una conserva natural que respeta el producto original y los est\u00e1ndares m\u00e1s exigentes de calidad BIO.<\/p>\n<h3 data-start=\"1255\" data-end=\"1290\">Ideal para todo tipo de recetas<\/h3>\n<p data-start=\"1291\" data-end=\"1374\">Gracias a su textura y sabor equilibrado, el <strong data-start=\"1336\" data-end=\"1356\">tomate triturado<\/strong> es perfecto para:<\/p>\n<ul data-start=\"1375\" data-end=\"1481\">\n<li data-start=\"1375\" data-end=\"1403\">\n<p data-start=\"1377\" data-end=\"1403\">Salsas de tomate caseras<\/p>\n<\/li>\n<li data-start=\"1404\" data-end=\"1425\">\n<p data-start=\"1406\" data-end=\"1425\">Sofritos y guisos<\/p>\n<\/li>\n<li data-start=\"1426\" data-end=\"1445\">\n<p data-start=\"1428\" data-end=\"1445\">Platos de pasta<\/p>\n<\/li>\n<li data-start=\"1446\" data-end=\"1481\">\n<p data-start=\"1448\" data-end=\"1481\">Arroces y recetas tradicionales<\/p>\n<\/li>\n<\/ul>\n<h3 data-start=\"1483\" data-end=\"1504\">Compromiso Dantza<\/h3>\n<p data-start=\"1505\" data-end=\"1681\">En Dantza elaboramos nuestro <strong data-start=\"1534\" data-end=\"1558\">tomate triturado BIO<\/strong> mediante procesos respetuosos, seleccionando materias primas de calidad para ofrecer un producto natural y lleno de sabor.<\/p>","protected":false},"featured_media":3595,"template":"","meta":[],"product_brand":[],"product_cat":[75,80],"product_tag":[],"class_list":{"0":"post-3594","1":"product","2":"type-product","3":"status-publish","4":"has-post-thumbnail","6":"product_cat-bio-tomate","7":"product_cat-tomate-bio","9":"first","10":"instock","11":"shipping-taxable","12":"product-type-simple"},"_links":{"self":[{"href":"https:\/\/www.dantza.com\/en\/wp-json\/wp\/v2\/product\/3594","targetHints":{"allow":["GET"]}}],"collection":[{"href":"https:\/\/www.dantza.com\/en\/wp-json\/wp\/v2\/product"}],"about":[{"href":"https:\/\/www.dantza.com\/en\/wp-json\/wp\/v2\/types\/product"}],"wp:featuredmedia":[{"embeddable":true,"href":"https:\/\/www.dantza.com\/en\/wp-json\/wp\/v2\/media\/3595"}],"wp:attachment":[{"href":"https:\/\/www.dantza.com\/en\/wp-json\/wp\/v2\/media?parent=3594"}],"wp:term":[{"taxonomy":"product_brand","embeddable":true,"href":"https:\/\/www.dantza.com\/en\/wp-json\/wp\/v2\/product_brand?post=3594"},{"taxonomy":"product_cat","embeddable":true,"href":"https:\/\/www.dantza.com\/en\/wp-json\/wp\/v2\/product_cat?post=3594"},{"taxonomy":"product_tag","embeddable":true,"href":"https:\/\/www.dantza.com\/en\/wp-json\/wp\/v2\/product_tag?post=3594"}],"curies":[{"name":"wp","href":"https:\/\/api.w.org\/{rel}","templated":true}]}}