{"id":10,"date":"2021-01-14T10:38:42","date_gmt":"2021-01-14T10:38:42","guid":{"rendered":"https:\/\/new.dantza.com\/?page_id=10"},"modified":"2025-11-26T15:45:57","modified_gmt":"2025-11-26T15:45:57","slug":"quienes-somos","status":"publish","type":"page","link":"https:\/\/www.dantza.com\/fr\/quienes-somos\/","title":{"rendered":"Qui sommes-nous?"},"content":{"rendered":"<p><div class=\"fusion-fullwidth fullwidth-box fusion-builder-row-1 fusion-flex-container nonhundred-percent-fullwidth non-hundred-percent-height-scrolling\" style=\"--awb-border-radius-top-left:0px;--awb-border-radius-top-right:0px;--awb-border-radius-bottom-right:0px;--awb-border-radius-bottom-left:0px;--awb-padding-top:90px;--awb-padding-bottom:0px;--awb-flex-wrap:wrap;\" ><div class=\"fusion-builder-row fusion-row fusion-flex-align-items-flex-start fusion-flex-justify-content-center fusion-flex-content-wrap\" style=\"max-width:1248px;margin-left: calc(-4% \/ 2 );margin-right: calc(-4% \/ 2 );\"><div class=\"fusion-layout-column fusion_builder_column fusion-builder-column-0 fusion_builder_column_3_4 3_4 fusion-flex-column fusion-animated\" style=\"--awb-padding-bottom:66px;--awb-bg-size:cover;--awb-width-large:75%;--awb-margin-top-large:0px;--awb-spacing-right-large:2.56%;--awb-margin-bottom-large:0px;--awb-spacing-left-large:2.56%;--awb-width-medium:75%;--awb-order-medium:0;--awb-spacing-right-medium:2.56%;--awb-spacing-left-medium:2.56%;--awb-width-small:100%;--awb-order-small:0;--awb-spacing-right-small:1.92%;--awb-spacing-left-small:1.92%;\" data-animationtype=\"fadeInDown\" data-animationduration=\"1.0\" data-animationoffset=\"top-into-view\"><div class=\"fusion-column-wrapper fusion-column-has-shadow fusion-flex-justify-content-flex-start fusion-content-layout-column\"><div class=\"fusion-title title fusion-title-1 fusion-sep-none fusion-title-center fusion-title-text fusion-title-size-two\" style=\"--awb-margin-top:0px;--awb-margin-bottom:30px;--awb-margin-top-small:0px;--awb-margin-bottom-small:10px;--awb-font-size:var(--awb-typography1-font-size);\"><h2 class=\"fusion-title-heading title-heading-center fusion-responsive-typography-calculated\" style=\"font-family:var(--awb-typography1-font-family);font-weight:var(--awb-typography1-font-weight);font-style:var(--awb-typography1-font-style);margin:0;letter-spacing:var(--awb-typography1-letter-spacing);text-transform:var(--awb-typography1-text-transform);font-size:1em;--fontSize:60;line-height:var(--awb-typography1-line-height);\">Conserves Dantza<\/h2><\/div><div class=\"fusion-text fusion-text-1 awb-text-cols fusion-text-columns-2\" style=\"--awb-content-alignment:justify;--awb-columns:2;--awb-column-spacing:2em;--awb-column-min-width:100px;\"><div class=\"wpb_column vc_column_container vc_col-sm-4\">\n<div class=\"vc_column-inner\">\n<div class=\"wpb_wrapper\">\n<div class=\"wpb_text_column wpb_content_element\">\n<div class=\"wpb_wrapper\">\n<p class=\"p1 translation-block\">Au sein de Grupo AN, Dantza certifie l\u2019origine et la qualit\u00e9 des produits transform\u00e9s qu\u2019elle met entre les mains du consommateur et qui pr\u00e9sentent toutes les qualit\u00e9s des produits frais, en offrant une commodit\u00e9 maximale et la possibilit\u00e9 de consommer des produits de saison tout au long de l\u2019ann\u00e9e. Des produits locaux, issus des agriculteurs partenaires et qui offrent des garanties alimentaires maximales.<\/p>\n<p class=\"p1\">Dantza commercialise un large \u00e9ventail de produits en conserve, allant des tr\u00e9sors de l\u2019agriculture navarraise comme les asperges, les poivrons et les asperges, aux nombreux autres l\u00e9gumes produits en Navarre, en passant par les indispensables de la cuisine tels que les tomates et les sauces, sans oublier les nouvelles tendances et pr\u00e9parations. Grupo AN et Dantza proposent \u00e9galement une s\u00e9lection de choix, avec Serie Oro et ses vari\u00e9t\u00e9s bio.<\/p>\n<\/div>\n<\/div>\n<\/div>\n<\/div>\n<\/div>\n<div class=\"wpb_column vc_column_container vc_col-sm-4\">\n<div class=\"vc_column-inner\">\n<div class=\"wpb_wrapper\">\n<div class=\"wpb_text_column wpb_content_element\">\n<div class=\"wpb_wrapper\">\n<p class=\"p1\">Conservas Dantza est charg\u00e9e de mettre les produits et la qualit\u00e9 de la plaine mara\u00eech\u00e8re de la Ribera \u00e0 disposition de millions de consommateurs dans plus de 25 pays \u00e0 travers le monde. Ses principales r\u00e9f\u00e9rences sont les asperges, les piquillos et les tomates, parmi d\u2019autres l\u00e9gumes, directement li\u00e9s \u00e0 la vall\u00e9e de l\u2019\u00c8bre. Sa principale diff\u00e9rence par rapport \u00e0 d\u2019autres exploitants est son lien direct avec le territoire, puisque 98 % des produits qu\u2019elle commercialise sont issus de ses partenaires, et sont donc originaires de la Ribera.<\/p>\n<p class=\"p1 translation-block\">Gr\u00e2ce \u00e0 ses deux usines de production qui, en pleine activit\u00e9, emploient plus de 350 personnes, Dantza est un important g\u00e9n\u00e9rateur d\u2019emplois dans la r\u00e9gion.<\/p>\n<\/div>\n<\/div>\n<\/div>\n<\/div>\n<\/div>\n<div class=\"wpb_column vc_column_container vc_col-sm-4\">\n<div class=\"vc_column-inner\">\n<div class=\"wpb_wrapper\">\n<div class=\"wpb_text_column wpb_content_element\">\n<div class=\"wpb_wrapper\">\n<p class=\"p1 translation-block\">Dantza mise sur l\u2019innovation lorsqu\u2019il s\u2019agit de d\u00e9velopper des solutions en accord avec les besoins des consommateurs, en incorporant une toute nouvelle gamme de l\u00e9gumes, des pr\u00e9parations pour tortillas, ainsi qu\u2019une nouvelle gamme de sauces et continue actuellement \u00e0 travailler sur le d\u00e9veloppement de produits afin que les consommateurs retrouvent dans les rayons des solutions de haute qualit\u00e9. Par ailleurs, elle s\u2019engage clairement en faveur de la valeur ajout\u00e9e apport\u00e9e par les trois appellations d\u2019origine, \u00e0 savoir les artichauts de Tudela, les asperges de Navarre et les piquillos de Lodosa.<\/p>\n<p class=\"p1\">La philosophie de Dantza est de travailler avec des produits de qualit\u00e9, en respectant autant que possible les qualit\u00e9s organoleptiques du produit et en veillant \u00e0 ce que la couleur, l'odeur et le <b>go\u00fbt <\/b>soient aussi proches que possible de ce qu'une personne peut faire avec le produit frais \u00e0 la maison, de sorte que le go\u00fbt du produit conserv\u00e9 soit aussi proche que possible de celui du produit d'origine.<\/p>\n<\/div>\n<\/div>\n<\/div>\n<\/div>\n<\/div>\n<\/div><\/div><\/div><div class=\"fusion-layout-column fusion_builder_column fusion-builder-column-1 fusion_builder_column_1_1 1_1 fusion-flex-column\" style=\"--awb-bg-size:cover;--awb-width-large:100%;--awb-margin-top-large:60px;--awb-spacing-right-large:1.92%;--awb-margin-bottom-large:0px;--awb-spacing-left-large:1.92%;--awb-width-medium:100%;--awb-order-medium:0;--awb-spacing-right-medium:1.92%;--awb-spacing-left-medium:1.92%;--awb-width-small:100%;--awb-order-small:0;--awb-spacing-right-small:1.92%;--awb-spacing-left-small:1.92%;\"><div class=\"fusion-column-wrapper fusion-column-has-shadow fusion-flex-justify-content-flex-start fusion-content-layout-column\"><div class=\"fusion-section-separator section-separator slant fusion-section-separator-1\" style=\"--awb-spacer-height:99px;--awb-svg-margin-left:1.92%;--awb-svg-margin-right:1.92%;--awb-svg-margin-left-medium:1.92%;--awb-svg-margin-right-medium:1.92%;--awb-svg-margin-left-small:1.92%;--awb-svg-margin-right-small:1.92%;--awb-divider-height:99px;--awb-spacer-padding-top:inherit;--awb-sep-padding:0;--awb-svg-padding:0;--awb-svg-tag-margin-bottom:-3px;--awb-sep-svg-display:block;\"><div class=\"fusion-section-separator-svg\"><svg class=\"fusion-slant-candy\" xmlns=\"http:\/\/www.w3.org\/2000\/svg\" version=\"1.1\" width=\"100%\" height=\"100\" viewbox=\"0 0 100 100\" preserveaspectratio=\"none\" fill=\"rgba(29,24,22,1)\"><path d=\"M0 0 L0 100 L100 100 Z\"><\/path><\/svg><\/div><div class=\"fusion-section-separator-spacer\"><div class=\"fusion-section-separator-spacer-height\"><\/div><\/div><\/div><\/div><\/div><\/div><\/div><div class=\"fusion-fullwidth fullwidth-box fusion-builder-row-2 fusion-flex-container fusion-parallax-none nonhundred-percent-fullwidth non-hundred-percent-height-scrolling lazyload\" style=\"--awb-border-radius-top-left:0px;--awb-border-radius-top-right:0px;--awb-border-radius-bottom-right:0px;--awb-border-radius-bottom-left:0px;--awb-padding-top:120px;--awb-padding-bottom:120px;--awb-background-image:linear-gradient(180deg, var(--awb-color8) 0%,rgba(255,255,255,0) 19%);;--awb-background-size:cover;--awb-flex-wrap:wrap;\" data-bg=\"http:\/\/dantza.com\/wp-content\/uploads\/2023\/05\/quienes_dantza.jpg\" data-bg-gradient=\"linear-gradient(180deg, var(--awb-color8) 0%,rgba(255,255,255,0) 19%)\" ><div class=\"fusion-builder-row fusion-row fusion-flex-align-items-flex-start fusion-flex-justify-content-flex-end fusion-flex-content-wrap\" style=\"max-width:1248px;margin-left: calc(-4% \/ 2 );margin-right: calc(-4% \/ 2 );\"><div class=\"fusion-layout-column fusion_builder_column fusion-builder-column-2 fusion_builder_column_1_2 1_2 fusion-flex-column fusion-flex-align-self-stretch fusion-animated\" style=\"--awb-padding-top:20px;--awb-padding-right:20px;--awb-padding-bottom:20px;--awb-padding-left:20px;--awb-bg-color:var(--awb-color5);--awb-bg-color-hover:var(--awb-color5);--awb-bg-size:cover;--awb-width-large:50%;--awb-margin-top-large:0px;--awb-spacing-right-large:3.84%;--awb-margin-bottom-large:0px;--awb-spacing-left-large:3.84%;--awb-width-medium:50%;--awb-order-medium:0;--awb-spacing-right-medium:3.84%;--awb-spacing-left-medium:3.84%;--awb-width-small:100%;--awb-order-small:8;--awb-spacing-right-small:1.92%;--awb-spacing-left-small:1.92%;\" data-animationtype=\"fadeInRight\" data-animationduration=\"1.0\" data-animationoffset=\"top-into-view\"><div class=\"fusion-column-wrapper fusion-column-has-shadow fusion-flex-justify-content-center fusion-content-layout-column\"><div class=\"fusion-title title fusion-title-2 fusion-sep-none fusion-title-text fusion-title-size-two\" style=\"--awb-text-color:var(--awb-color1);--awb-margin-top:0px;--awb-margin-bottom:30px;--awb-margin-top-small:0px;--awb-margin-bottom-small:10px;--awb-font-size:var(--awb-typography1-font-size);\"><h2 class=\"fusion-title-heading title-heading-left sm-text-align-center fusion-responsive-typography-calculated\" style=\"font-family:var(--awb-typography1-font-family);font-weight:var(--awb-typography1-font-weight);font-style:var(--awb-typography1-font-style);margin:0;letter-spacing:var(--awb-typography1-letter-spacing);text-transform:var(--awb-typography1-text-transform);font-size:1em;--fontSize:60;line-height:var(--awb-typography1-line-height);\"><h2 class=\"sc_promo_title sc_item_title sc_item_title_with_descr\">Dantza, des produits de saison toute l\u2019ann\u00e9e<\/h2><\/h2><\/div><div class=\"fusion-text fusion-text-2 sm-text-align-center\" style=\"--awb-text-color:var(--awb-color1);\"><p style=\"font-size: 18px;\" data-fusion-font=\"true\">Dantza est une soci\u00e9t\u00e9 de mise en conserve situ\u00e9e dans la r\u00e9gion de Navarre, c\u00e9l\u00e8bre pour ses produits horticoles et sa tradition. Elle propose des l\u00e9gumes et des fruits locaux provenant des agriculteurs membres de Grupo AN, d\u2019une qualit\u00e9 supr\u00eame et avec une garantie alimentaire maximale.<\/p>\n<\/div><\/div><\/div><\/div><\/div><\/p>","protected":false},"excerpt":{"rendered":"","protected":false},"author":1,"featured_media":0,"parent":0,"menu_order":0,"comment_status":"closed","ping_status":"closed","template":"100-width.php","meta":{"footnotes":""},"class_list":["post-10","page","type-page","status-publish","hentry"],"_links":{"self":[{"href":"https:\/\/www.dantza.com\/fr\/wp-json\/wp\/v2\/pages\/10","targetHints":{"allow":["GET"]}}],"collection":[{"href":"https:\/\/www.dantza.com\/fr\/wp-json\/wp\/v2\/pages"}],"about":[{"href":"https:\/\/www.dantza.com\/fr\/wp-json\/wp\/v2\/types\/page"}],"author":[{"embeddable":true,"href":"https:\/\/www.dantza.com\/fr\/wp-json\/wp\/v2\/users\/1"}],"replies":[{"embeddable":true,"href":"https:\/\/www.dantza.com\/fr\/wp-json\/wp\/v2\/comments?post=10"}],"version-history":[{"count":6,"href":"https:\/\/www.dantza.com\/fr\/wp-json\/wp\/v2\/pages\/10\/revisions"}],"predecessor-version":[{"id":3851,"href":"https:\/\/www.dantza.com\/fr\/wp-json\/wp\/v2\/pages\/10\/revisions\/3851"}],"wp:attachment":[{"href":"https:\/\/www.dantza.com\/fr\/wp-json\/wp\/v2\/media?parent=10"}],"curies":[{"name":"wp","href":"https:\/\/api.w.org\/{rel}","templated":true}]}}