{"id":1490,"date":"2023-05-08T17:41:44","date_gmt":"2023-05-08T17:41:44","guid":{"rendered":"https:\/\/new.dantza.com\/?page_id=1490"},"modified":"2025-11-26T15:45:26","modified_gmt":"2025-11-26T15:45:26","slug":"troceado","status":"publish","type":"page","link":"https:\/\/www.dantza.com\/fr\/productos\/tomate\/troceado\/","title":{"rendered":"En cubes"},"content":{"rendered":"<p><div class=\"fusion-fullwidth fullwidth-box fusion-builder-row-1 fusion-flex-container has-pattern-background has-mask-background nonhundred-percent-fullwidth non-hundred-percent-height-scrolling\" style=\"--awb-border-radius-top-left:0px;--awb-border-radius-top-right:0px;--awb-border-radius-bottom-right:0px;--awb-border-radius-bottom-left:0px;--awb-flex-wrap:wrap;\" ><div class=\"fusion-builder-row fusion-row fusion-flex-align-items-flex-start fusion-flex-content-wrap\" style=\"max-width:1248px;margin-left: calc(-4% \/ 2 );margin-right: calc(-4% \/ 2 );\"><div class=\"fusion-layout-column fusion_builder_column fusion-builder-column-0 fusion_builder_column_1_1 1_1 fusion-flex-column\" style=\"--awb-bg-size:cover;--awb-width-large:100%;--awb-margin-top-large:0px;--awb-spacing-right-large:1.92%;--awb-margin-bottom-large:20px;--awb-spacing-left-large:1.92%;--awb-width-medium:100%;--awb-order-medium:0;--awb-spacing-right-medium:1.92%;--awb-spacing-left-medium:1.92%;--awb-width-small:100%;--awb-order-small:0;--awb-spacing-right-small:1.92%;--awb-spacing-left-small:1.92%;\"><div class=\"fusion-column-wrapper fusion-column-has-shadow fusion-flex-justify-content-flex-start fusion-content-layout-column\"><a class=\"fusion-modal-text-link\" data-toggle=\"modal\" data-target=\".fusion-modal.volver\" href=\"#\">\n<p style=\"text-align: right;\"><a href=\"\/fr\/productos\/\">\u21d0 RETOUR AUX PRODUITS<\/a> | <a href=\"\/fr\/productos\/tomate\/\">RETOUR \u00c0 LA TOMATE<\/a><\/p>\n<\/a><div class=\"fusion-section-separator section-separator triangle fusion-section-separator-1\" style=\"--awb-border-top:1px solid var(--awb-color3);--awb-spacer-height:1px;--awb-svg-margin-left:1.92%;--awb-svg-margin-right:1.92%;--awb-svg-margin-left-medium:1.92%;--awb-svg-margin-right-medium:1.92%;--awb-svg-margin-left-small:1.92%;--awb-svg-margin-right-small:1.92%;--awb-icon-color:var(--awb-color1);\"><div class=\"fusion-section-separator-svg\"><div class=\"divider-candy-arrow top\" style=\"bottom:0px;border-bottom-color: var(--awb-color2);\"><\/div><div class=\"divider-candy top\" style=\"top:-21px;border-bottom:1px solid var(--awb-color3);border-left:1px solid var(--awb-color3);\"><\/div><\/div><div class=\"fusion-section-separator-spacer\"><div class=\"fusion-section-separator-spacer-height\"><\/div><\/div><\/div><div class=\"fusion-text fusion-text-1\"><p><strong>Tomates 100 % naturelles<\/strong><br \/>\nEnti\u00e8rement produites par les agriculteurs partenaires en alliant parfaitement tradition et technologie dans leur \u00e9laboration. Un produit 100 % naturel au go\u00fbt exceptionnel et disponible dans un large \u00e9ventail de vari\u00e9t\u00e9s:<span class=\"Apple-converted-space\">\u00a0 <\/span>tomates enti\u00e8res pel\u00e9es, en coulis, en cubes et cuisin\u00e9es.<\/p>\n<\/div><\/div><\/div><\/div><\/div><div class=\"fusion-fullwidth fullwidth-box fusion-builder-row-2 fusion-flex-container has-pattern-background has-mask-background nonhundred-percent-fullwidth non-hundred-percent-height-scrolling\" style=\"--awb-border-radius-top-left:0px;--awb-border-radius-top-right:0px;--awb-border-radius-bottom-right:0px;--awb-border-radius-bottom-left:0px;--awb-flex-wrap:wrap;\" ><div class=\"fusion-builder-row fusion-row fusion-flex-align-items-flex-start fusion-flex-content-wrap\" style=\"max-width:1248px;margin-left: calc(-4% \/ 2 );margin-right: calc(-4% \/ 2 );\"><div class=\"fusion-layout-column fusion_builder_column fusion-builder-column-1 fusion_builder_column_1_4 1_4 fusion-flex-column\" style=\"--awb-bg-size:cover;--awb-width-large:25%;--awb-margin-top-large:0px;--awb-spacing-right-large:7.68%;--awb-margin-bottom-large:20px;--awb-spacing-left-large:7.68%;--awb-width-medium:25%;--awb-order-medium:0;--awb-spacing-right-medium:7.68%;--awb-spacing-left-medium:7.68%;--awb-width-small:100%;--awb-order-small:0;--awb-spacing-right-small:1.92%;--awb-spacing-left-small:1.92%;\"><div class=\"fusion-column-wrapper fusion-column-has-shadow fusion-flex-justify-content-flex-start fusion-content-layout-column\"><\/div><\/div><div class=\"fusion-layout-column fusion_builder_column fusion-builder-column-2 fusion_builder_column_3_4 3_4 fusion-flex-column\" style=\"--awb-bg-size:cover;--awb-width-large:75%;--awb-margin-top-large:0px;--awb-spacing-right-large:2.56%;--awb-margin-bottom-large:20px;--awb-spacing-left-large:2.56%;--awb-width-medium:75%;--awb-order-medium:0;--awb-spacing-right-medium:2.56%;--awb-spacing-left-medium:2.56%;--awb-width-small:100%;--awb-order-small:0;--awb-spacing-right-small:1.92%;--awb-spacing-left-small:1.92%;\"><div class=\"fusion-column-wrapper fusion-column-has-shadow fusion-flex-justify-content-flex-start fusion-content-layout-column\"><div class=\"fusion-woo-product-grid fusion-product-archive fusion-woo-product-grid-1 fusion-woo-product-grid-spacing-off hide-price hide-rating hide-buttons font-size:12\"><ul class=\"products products-3\"><li class=\"product type-product post-1139 status-publish first instock product_cat-troceado has-post-thumbnail shipping-taxable product-type-simple product-grid-view\">\n\t<div class=\"fusion-product-wrapper\">\n\n<div class=\"fusion-clean-product-image-wrapper\">\n\t<div  class=\"fusion-image-wrapper fusion-image-size-fixed\" aria-haspopup=\"true\">\n\t\t\t\t\t\t\t<a href=\"https:\/\/www.dantza.com\/fr\/produit\/tomate-troceado\/\" aria-label=\"Tomate en cubes\">\n\t\t\t\t\t\t\t<img decoding=\"async\" width=\"500\" height=\"500\" src=\"https:\/\/www.dantza.com\/wp-content\/uploads\/2023\/05\/Tomate_pelado_troceado_1-2Kg-500x500.jpg\" class=\"attachment-woocommerce_thumbnail size-woocommerce_thumbnail lazyload wp-post-image\" alt=\"Comprar Tomate troceado | Ideal cocina\" srcset=\"data:image\/svg+xml,%3Csvg%20xmlns%3D%27http%3A%2F%2Fwww.w3.org%2F2000%2Fsvg%27%20width%3D%271000%27%20height%3D%271000%27%20viewBox%3D%270%200%201000%201000%27%3E%3Crect%20width%3D%271000%27%20height%3D%271000%27%20fill-opacity%3D%220%22%2F%3E%3C%2Fsvg%3E\" data-orig-src=\"https:\/\/www.dantza.com\/wp-content\/uploads\/2023\/05\/Tomate_pelado_troceado_1-2Kg-500x500.jpg\" data-srcset=\"https:\/\/www.dantza.com\/wp-content\/uploads\/2023\/05\/Tomate_pelado_troceado_1-2Kg-12x12.jpg 12w, https:\/\/www.dantza.com\/wp-content\/uploads\/2023\/05\/Tomate_pelado_troceado_1-2Kg-66x66.jpg 66w, https:\/\/www.dantza.com\/wp-content\/uploads\/2023\/05\/Tomate_pelado_troceado_1-2Kg-150x150.jpg 150w, https:\/\/www.dantza.com\/wp-content\/uploads\/2023\/05\/Tomate_pelado_troceado_1-2Kg-200x200.jpg 200w, https:\/\/www.dantza.com\/wp-content\/uploads\/2023\/05\/Tomate_pelado_troceado_1-2Kg-300x300.jpg 300w, https:\/\/www.dantza.com\/wp-content\/uploads\/2023\/05\/Tomate_pelado_troceado_1-2Kg-400x400.jpg 400w, https:\/\/www.dantza.com\/wp-content\/uploads\/2023\/05\/Tomate_pelado_troceado_1-2Kg-500x500.jpg 500w, https:\/\/www.dantza.com\/wp-content\/uploads\/2023\/05\/Tomate_pelado_troceado_1-2Kg-600x600.jpg 600w, https:\/\/www.dantza.com\/wp-content\/uploads\/2023\/05\/Tomate_pelado_troceado_1-2Kg-700x700.jpg 700w, https:\/\/www.dantza.com\/wp-content\/uploads\/2023\/05\/Tomate_pelado_troceado_1-2Kg-768x768.jpg 768w, https:\/\/www.dantza.com\/wp-content\/uploads\/2023\/05\/Tomate_pelado_troceado_1-2Kg-800x800.jpg 800w, https:\/\/www.dantza.com\/wp-content\/uploads\/2023\/05\/Tomate_pelado_troceado_1-2Kg.jpg 1000w\" data-sizes=\"auto\" title=\"\" data-orig-><div class=\"cart-loading\"><i class=\"awb-icon-spinner\" aria-hidden=\"true\"><\/i><\/div>\t\t\t<\/a>\n\t\t\t\t\t\t\t<\/div>\n<\/div>\n<div class=\"fusion-product-content\">\n\t<div class=\"product-details\">\n\t\t<div class=\"product-details-container\">\n<h3 class=\"product-title\">\n\t<a href=\"https:\/\/www.dantza.com\/fr\/produit\/tomate-troceado\/\">\n\t\tTomate en cubes\t<\/a>\n<\/h3>\n<div class=\"fusion-price-rating\">\n\n\t\t<\/div>\n\t<\/div>\n<\/div>\n\n\t<\/div> \n\n\n<\/div>\n<\/li>\n<\/ul><div class=\"fusion-woo-product-grid-pagination fusion-clearfix\"><\/div><\/div><\/div><\/div><\/div><\/div><div class=\"fusion-fullwidth fullwidth-box fusion-builder-row-3 fusion-flex-container has-pattern-background has-mask-background nonhundred-percent-fullwidth non-hundred-percent-height-scrolling\" style=\"--awb-border-radius-top-left:0px;--awb-border-radius-top-right:0px;--awb-border-radius-bottom-right:0px;--awb-border-radius-bottom-left:0px;--awb-flex-wrap:wrap;\" ><div class=\"fusion-builder-row fusion-row fusion-flex-align-items-flex-start fusion-flex-content-wrap\" style=\"max-width:1248px;margin-left: calc(-4% \/ 2 );margin-right: calc(-4% \/ 2 );\"><\/div><\/div><\/p>","protected":false},"excerpt":{"rendered":"","protected":false},"author":1,"featured_media":0,"parent":1484,"menu_order":0,"comment_status":"closed","ping_status":"closed","template":"100-width.php","meta":{"footnotes":""},"class_list":["post-1490","page","type-page","status-publish","hentry"],"_links":{"self":[{"href":"https:\/\/www.dantza.com\/fr\/wp-json\/wp\/v2\/pages\/1490","targetHints":{"allow":["GET"]}}],"collection":[{"href":"https:\/\/www.dantza.com\/fr\/wp-json\/wp\/v2\/pages"}],"about":[{"href":"https:\/\/www.dantza.com\/fr\/wp-json\/wp\/v2\/types\/page"}],"author":[{"embeddable":true,"href":"https:\/\/www.dantza.com\/fr\/wp-json\/wp\/v2\/users\/1"}],"replies":[{"embeddable":true,"href":"https:\/\/www.dantza.com\/fr\/wp-json\/wp\/v2\/comments?post=1490"}],"version-history":[{"count":3,"href":"https:\/\/www.dantza.com\/fr\/wp-json\/wp\/v2\/pages\/1490\/revisions"}],"predecessor-version":[{"id":3844,"href":"https:\/\/www.dantza.com\/fr\/wp-json\/wp\/v2\/pages\/1490\/revisions\/3844"}],"up":[{"embeddable":true,"href":"https:\/\/www.dantza.com\/fr\/wp-json\/wp\/v2\/pages\/1484"}],"wp:attachment":[{"href":"https:\/\/www.dantza.com\/fr\/wp-json\/wp\/v2\/media?parent=1490"}],"curies":[{"name":"wp","href":"https:\/\/api.w.org\/{rel}","templated":true}]}}