{"id":1510,"date":"2023-05-08T17:50:35","date_gmt":"2023-05-08T17:50:35","guid":{"rendered":"https:\/\/new.dantza.com\/?page_id=1510"},"modified":"2025-11-26T15:40:36","modified_gmt":"2025-11-26T15:40:36","slug":"frutas","status":"publish","type":"page","link":"https:\/\/www.dantza.com\/fr\/productos\/frutas\/","title":{"rendered":"Frutas"},"content":{"rendered":"<p><div class=\"fusion-fullwidth fullwidth-box fusion-builder-row-1 fusion-flex-container has-pattern-background has-mask-background nonhundred-percent-fullwidth non-hundred-percent-height-scrolling\" style=\"--awb-border-radius-top-left:0px;--awb-border-radius-top-right:0px;--awb-border-radius-bottom-right:0px;--awb-border-radius-bottom-left:0px;--awb-flex-wrap:wrap;\" ><div class=\"fusion-builder-row fusion-row fusion-flex-align-items-flex-start fusion-flex-content-wrap\" style=\"max-width:1248px;margin-left: calc(-4% \/ 2 );margin-right: calc(-4% \/ 2 );\"><div class=\"fusion-layout-column fusion_builder_column fusion-builder-column-0 fusion_builder_column_1_1 1_1 fusion-flex-column\" style=\"--awb-bg-size:cover;--awb-width-large:100%;--awb-margin-top-large:0px;--awb-spacing-right-large:1.92%;--awb-margin-bottom-large:20px;--awb-spacing-left-large:1.92%;--awb-width-medium:100%;--awb-order-medium:0;--awb-spacing-right-medium:1.92%;--awb-spacing-left-medium:1.92%;--awb-width-small:100%;--awb-order-small:0;--awb-spacing-right-small:1.92%;--awb-spacing-left-small:1.92%;\"><div class=\"fusion-column-wrapper fusion-column-has-shadow fusion-flex-justify-content-flex-start fusion-content-layout-column\"><a class=\"fusion-modal-text-link\" data-toggle=\"modal\" data-target=\".fusion-modal.volver\" href=\"#\">\n<p style=\"text-align: right;\"><a href=\"\/fr\/productos\/\">\u21d0 RETOUR AUX PRODUITS<\/a><\/p>\n<\/a><\/div><\/div><\/div><\/div><div class=\"fusion-fullwidth fullwidth-box fusion-builder-row-2 fusion-flex-container has-pattern-background has-mask-background nonhundred-percent-fullwidth non-hundred-percent-height-scrolling\" style=\"--awb-border-radius-top-left:0px;--awb-border-radius-top-right:0px;--awb-border-radius-bottom-right:0px;--awb-border-radius-bottom-left:0px;--awb-flex-wrap:wrap;\" ><div class=\"fusion-builder-row fusion-row fusion-flex-align-items-flex-start fusion-flex-content-wrap\" style=\"max-width:1248px;margin-left: calc(-4% \/ 2 );margin-right: calc(-4% \/ 2 );\"><div class=\"fusion-layout-column fusion_builder_column fusion-builder-column-1 fusion_builder_column_1_1 1_1 fusion-flex-column\" style=\"--awb-bg-size:cover;--awb-width-large:100%;--awb-margin-top-large:0px;--awb-spacing-right-large:1.92%;--awb-margin-bottom-large:20px;--awb-spacing-left-large:1.92%;--awb-width-medium:100%;--awb-order-medium:0;--awb-spacing-right-medium:1.92%;--awb-spacing-left-medium:1.92%;--awb-width-small:100%;--awb-order-small:0;--awb-spacing-right-small:1.92%;--awb-spacing-left-small:1.92%;\"><div class=\"fusion-column-wrapper fusion-column-has-shadow fusion-flex-justify-content-flex-start fusion-content-layout-column\"><div class=\"fusion-section-separator section-separator triangle fusion-section-separator-1\" style=\"--awb-border-top:1px solid var(--awb-color3);--awb-spacer-height:1px;--awb-svg-margin-left:1.92%;--awb-svg-margin-right:1.92%;--awb-svg-margin-left-medium:1.92%;--awb-svg-margin-right-medium:1.92%;--awb-svg-margin-left-small:1.92%;--awb-svg-margin-right-small:1.92%;--awb-icon-color:var(--awb-color1);\"><div class=\"fusion-section-separator-svg\"><div class=\"divider-candy-arrow top\" style=\"bottom:0px;border-bottom-color: var(--awb-color2);\"><\/div><div class=\"divider-candy top\" style=\"top:-21px;border-bottom:1px solid var(--awb-color3);border-left:1px solid var(--awb-color3);\"><\/div><\/div><div class=\"fusion-section-separator-spacer\"><div class=\"fusion-section-separator-spacer-height\"><\/div><\/div><\/div><div class=\"fusion-text fusion-text-1\"><p><strong>P\u00eache<\/strong><br \/>\nP\u00eaches fra\u00eechement cueillies par les agriculteurs de Grupo AN, mises en conserve le jour m\u00eame de leur cueillette en gardant toute leur saveur et leurs propri\u00e9t\u00e9s. Fruits naturels pr\u00eats \u00e0 consommer avec une l\u00e9g\u00e8re touche sirupeuse.<\/p>\n<\/div><\/div><\/div><\/div><\/div><div class=\"fusion-fullwidth fullwidth-box fusion-builder-row-3 fusion-flex-container has-pattern-background has-mask-background nonhundred-percent-fullwidth non-hundred-percent-height-scrolling\" style=\"--awb-border-radius-top-left:0px;--awb-border-radius-top-right:0px;--awb-border-radius-bottom-right:0px;--awb-border-radius-bottom-left:0px;--awb-flex-wrap:wrap;\" ><div class=\"fusion-builder-row fusion-row fusion-flex-align-items-flex-start fusion-flex-content-wrap\" style=\"max-width:1248px;margin-left: calc(-4% \/ 2 );margin-right: calc(-4% \/ 2 );\"><div class=\"fusion-layout-column fusion_builder_column fusion-builder-column-2 fusion_builder_column_1_4 1_4 fusion-flex-column\" style=\"--awb-bg-size:cover;--awb-width-large:25%;--awb-margin-top-large:0px;--awb-spacing-right-large:7.68%;--awb-margin-bottom-large:20px;--awb-spacing-left-large:7.68%;--awb-width-medium:25%;--awb-order-medium:0;--awb-spacing-right-medium:7.68%;--awb-spacing-left-medium:7.68%;--awb-width-small:100%;--awb-order-small:0;--awb-spacing-right-small:1.92%;--awb-spacing-left-small:1.92%;\"><div class=\"fusion-column-wrapper fusion-column-has-shadow fusion-flex-justify-content-flex-start fusion-content-layout-column\"><\/div><\/div><div class=\"fusion-layout-column fusion_builder_column fusion-builder-column-3 fusion_builder_column_3_4 3_4 fusion-flex-column\" style=\"--awb-bg-size:cover;--awb-width-large:75%;--awb-margin-top-large:0px;--awb-spacing-right-large:2.56%;--awb-margin-bottom-large:20px;--awb-spacing-left-large:2.56%;--awb-width-medium:75%;--awb-order-medium:0;--awb-spacing-right-medium:2.56%;--awb-spacing-left-medium:2.56%;--awb-width-small:100%;--awb-order-small:0;--awb-spacing-right-small:1.92%;--awb-spacing-left-small:1.92%;\"><div class=\"fusion-column-wrapper fusion-column-has-shadow fusion-flex-justify-content-flex-start fusion-content-layout-column\"><div class=\"fusion-woo-product-grid fusion-product-archive fusion-woo-product-grid-1 fusion-woo-product-grid-spacing-off hide-price hide-rating hide-buttons font-size:12\"><ul class=\"products products-3\"><li class=\"product type-product post-1163 status-publish first instock product_cat-frutas has-post-thumbnail shipping-taxable product-type-simple product-grid-view\">\n\t<div class=\"fusion-product-wrapper\">\n\n<div class=\"fusion-clean-product-image-wrapper\">\n\t<div  class=\"fusion-image-wrapper fusion-image-size-fixed\" aria-haspopup=\"true\">\n\t\t\t\t\t\t\t<a href=\"https:\/\/www.dantza.com\/fr\/produit\/melocoton-3-kg\/\" aria-label=\"P\u00eache 3Kg\">\n\t\t\t\t\t\t\t<img decoding=\"async\" width=\"500\" height=\"500\" src=\"https:\/\/www.dantza.com\/wp-content\/uploads\/2024\/07\/Melocoton_3Kg_2000x2000-500x500.jpg\" class=\"attachment-woocommerce_thumbnail size-woocommerce_thumbnail lazyload wp-post-image\" alt=\"Comprar Melocot\u00f3n 3kg | Sabor dulce\" srcset=\"data:image\/svg+xml,%3Csvg%20xmlns%3D%27http%3A%2F%2Fwww.w3.org%2F2000%2Fsvg%27%20width%3D%272000%27%20height%3D%272000%27%20viewBox%3D%270%200%202000%202000%27%3E%3Crect%20width%3D%272000%27%20height%3D%272000%27%20fill-opacity%3D%220%22%2F%3E%3C%2Fsvg%3E\" data-orig-src=\"https:\/\/www.dantza.com\/wp-content\/uploads\/2024\/07\/Melocoton_3Kg_2000x2000-500x500.jpg\" data-srcset=\"https:\/\/www.dantza.com\/wp-content\/uploads\/2024\/07\/Melocoton_3Kg_2000x2000-12x12.jpg 12w, https:\/\/www.dantza.com\/wp-content\/uploads\/2024\/07\/Melocoton_3Kg_2000x2000-66x66.jpg 66w, https:\/\/www.dantza.com\/wp-content\/uploads\/2024\/07\/Melocoton_3Kg_2000x2000-150x150.jpg 150w, https:\/\/www.dantza.com\/wp-content\/uploads\/2024\/07\/Melocoton_3Kg_2000x2000-200x200.jpg 200w, https:\/\/www.dantza.com\/wp-content\/uploads\/2024\/07\/Melocoton_3Kg_2000x2000-300x300.jpg 300w, https:\/\/www.dantza.com\/wp-content\/uploads\/2024\/07\/Melocoton_3Kg_2000x2000-400x400.jpg 400w, https:\/\/www.dantza.com\/wp-content\/uploads\/2024\/07\/Melocoton_3Kg_2000x2000-500x500.jpg 500w, https:\/\/www.dantza.com\/wp-content\/uploads\/2024\/07\/Melocoton_3Kg_2000x2000-600x600.jpg 600w, https:\/\/www.dantza.com\/wp-content\/uploads\/2024\/07\/Melocoton_3Kg_2000x2000-700x700.jpg 700w, https:\/\/www.dantza.com\/wp-content\/uploads\/2024\/07\/Melocoton_3Kg_2000x2000-768x768.jpg 768w, https:\/\/www.dantza.com\/wp-content\/uploads\/2024\/07\/Melocoton_3Kg_2000x2000-800x800.jpg 800w, https:\/\/www.dantza.com\/wp-content\/uploads\/2024\/07\/Melocoton_3Kg_2000x2000-1024x1024.jpg 1024w, https:\/\/www.dantza.com\/wp-content\/uploads\/2024\/07\/Melocoton_3Kg_2000x2000-1200x1200.jpg 1200w, https:\/\/www.dantza.com\/wp-content\/uploads\/2024\/07\/Melocoton_3Kg_2000x2000-1536x1536.jpg 1536w\" data-sizes=\"auto\" title=\"\" data-orig-><div class=\"cart-loading\"><i class=\"awb-icon-spinner\" aria-hidden=\"true\"><\/i><\/div>\t\t\t<\/a>\n\t\t\t\t\t\t\t<\/div>\n<\/div>\n<div class=\"fusion-product-content\">\n\t<div class=\"product-details\">\n\t\t<div class=\"product-details-container\">\n<h3 class=\"product-title\">\n\t<a href=\"https:\/\/www.dantza.com\/fr\/produit\/melocoton-3-kg\/\">\n\t\tP\u00eache 3Kg\t<\/a>\n<\/h3>\n<div class=\"fusion-price-rating\">\n\n\t\t<\/div>\n\t<\/div>\n<\/div>\n\n\t<\/div> \n\n\n<\/div>\n<\/li>\n<li class=\"product type-product post-1109 status-publish instock product_cat-frutas has-post-thumbnail shipping-taxable product-type-simple product-grid-view\">\n\t<div class=\"fusion-product-wrapper\">\n\n<div class=\"fusion-clean-product-image-wrapper\">\n\t<div  class=\"fusion-image-wrapper fusion-image-size-fixed\" aria-haspopup=\"true\">\n\t\t\t\t\t\t\t<a href=\"https:\/\/www.dantza.com\/fr\/produit\/melocoton-lata-1-kg\/\" aria-label=\"P\u00eache Conserve 1 Kg\">\n\t\t\t\t\t\t\t<img decoding=\"async\" width=\"500\" height=\"500\" src=\"https:\/\/www.dantza.com\/wp-content\/uploads\/2023\/05\/Melocoton_1Kg_2000x2000-500x500.jpg\" class=\"attachment-woocommerce_thumbnail size-woocommerce_thumbnail lazyload wp-post-image\" alt=\"Comprar Melocot\u00f3n lata 1kg | Dulce natural\" srcset=\"data:image\/svg+xml,%3Csvg%20xmlns%3D%27http%3A%2F%2Fwww.w3.org%2F2000%2Fsvg%27%20width%3D%272000%27%20height%3D%272000%27%20viewBox%3D%270%200%202000%202000%27%3E%3Crect%20width%3D%272000%27%20height%3D%272000%27%20fill-opacity%3D%220%22%2F%3E%3C%2Fsvg%3E\" data-orig-src=\"https:\/\/www.dantza.com\/wp-content\/uploads\/2023\/05\/Melocoton_1Kg_2000x2000-500x500.jpg\" data-srcset=\"https:\/\/www.dantza.com\/wp-content\/uploads\/2023\/05\/Melocoton_1Kg_2000x2000-12x12.jpg 12w, https:\/\/www.dantza.com\/wp-content\/uploads\/2023\/05\/Melocoton_1Kg_2000x2000-66x66.jpg 66w, https:\/\/www.dantza.com\/wp-content\/uploads\/2023\/05\/Melocoton_1Kg_2000x2000-150x150.jpg 150w, https:\/\/www.dantza.com\/wp-content\/uploads\/2023\/05\/Melocoton_1Kg_2000x2000-200x200.jpg 200w, https:\/\/www.dantza.com\/wp-content\/uploads\/2023\/05\/Melocoton_1Kg_2000x2000-300x300.jpg 300w, https:\/\/www.dantza.com\/wp-content\/uploads\/2023\/05\/Melocoton_1Kg_2000x2000-400x400.jpg 400w, https:\/\/www.dantza.com\/wp-content\/uploads\/2023\/05\/Melocoton_1Kg_2000x2000-500x500.jpg 500w, https:\/\/www.dantza.com\/wp-content\/uploads\/2023\/05\/Melocoton_1Kg_2000x2000-600x600.jpg 600w, https:\/\/www.dantza.com\/wp-content\/uploads\/2023\/05\/Melocoton_1Kg_2000x2000-700x700.jpg 700w, https:\/\/www.dantza.com\/wp-content\/uploads\/2023\/05\/Melocoton_1Kg_2000x2000-768x768.jpg 768w, https:\/\/www.dantza.com\/wp-content\/uploads\/2023\/05\/Melocoton_1Kg_2000x2000-800x800.jpg 800w, https:\/\/www.dantza.com\/wp-content\/uploads\/2023\/05\/Melocoton_1Kg_2000x2000-1024x1024.jpg 1024w, https:\/\/www.dantza.com\/wp-content\/uploads\/2023\/05\/Melocoton_1Kg_2000x2000-1200x1200.jpg 1200w, https:\/\/www.dantza.com\/wp-content\/uploads\/2023\/05\/Melocoton_1Kg_2000x2000-1536x1536.jpg 1536w\" data-sizes=\"auto\" title=\"\" data-orig-><div class=\"cart-loading\"><i class=\"awb-icon-spinner\" aria-hidden=\"true\"><\/i><\/div>\t\t\t<\/a>\n\t\t\t\t\t\t\t<\/div>\n<\/div>\n<div class=\"fusion-product-content\">\n\t<div class=\"product-details\">\n\t\t<div class=\"product-details-container\">\n<h3 class=\"product-title\">\n\t<a href=\"https:\/\/www.dantza.com\/fr\/produit\/melocoton-lata-1-kg\/\">\n\t\tP\u00eache Conserve 1 Kg\t<\/a>\n<\/h3>\n<div class=\"fusion-price-rating\">\n\n\t\t<\/div>\n\t<\/div>\n<\/div>\n\n\t<\/div> \n\n\n<\/div>\n<\/li>\n<li class=\"product type-product post-1107 status-publish last instock product_cat-frutas has-post-thumbnail shipping-taxable product-type-simple product-grid-view\">\n\t<div class=\"fusion-product-wrapper\">\n\n<div class=\"fusion-clean-product-image-wrapper\">\n\t<div  class=\"fusion-image-wrapper fusion-image-size-fixed\" aria-haspopup=\"true\">\n\t\t\t\t\t\t\t<a href=\"https:\/\/www.dantza.com\/fr\/produit\/melocoton-lata-1-2-kg\/\" aria-label=\"P\u00eache Conserve 1\/2 Kg\">\n\t\t\t\t\t\t\t<img decoding=\"async\" width=\"500\" height=\"500\" src=\"https:\/\/www.dantza.com\/wp-content\/uploads\/2023\/05\/Melocoton_lata_1-2Kg_2000x2000-500x500.jpg\" class=\"attachment-woocommerce_thumbnail size-woocommerce_thumbnail lazyload wp-post-image\" alt=\"Comprar Melocot\u00f3n lata 1,2kg | Sabor aut\u00e9ntico\" srcset=\"data:image\/svg+xml,%3Csvg%20xmlns%3D%27http%3A%2F%2Fwww.w3.org%2F2000%2Fsvg%27%20width%3D%272000%27%20height%3D%272000%27%20viewBox%3D%270%200%202000%202000%27%3E%3Crect%20width%3D%272000%27%20height%3D%272000%27%20fill-opacity%3D%220%22%2F%3E%3C%2Fsvg%3E\" data-orig-src=\"https:\/\/www.dantza.com\/wp-content\/uploads\/2023\/05\/Melocoton_lata_1-2Kg_2000x2000-500x500.jpg\" data-srcset=\"https:\/\/www.dantza.com\/wp-content\/uploads\/2023\/05\/Melocoton_lata_1-2Kg_2000x2000-12x12.jpg 12w, https:\/\/www.dantza.com\/wp-content\/uploads\/2023\/05\/Melocoton_lata_1-2Kg_2000x2000-66x66.jpg 66w, https:\/\/www.dantza.com\/wp-content\/uploads\/2023\/05\/Melocoton_lata_1-2Kg_2000x2000-150x150.jpg 150w, https:\/\/www.dantza.com\/wp-content\/uploads\/2023\/05\/Melocoton_lata_1-2Kg_2000x2000-200x200.jpg 200w, https:\/\/www.dantza.com\/wp-content\/uploads\/2023\/05\/Melocoton_lata_1-2Kg_2000x2000-300x300.jpg 300w, https:\/\/www.dantza.com\/wp-content\/uploads\/2023\/05\/Melocoton_lata_1-2Kg_2000x2000-400x400.jpg 400w, https:\/\/www.dantza.com\/wp-content\/uploads\/2023\/05\/Melocoton_lata_1-2Kg_2000x2000-500x500.jpg 500w, https:\/\/www.dantza.com\/wp-content\/uploads\/2023\/05\/Melocoton_lata_1-2Kg_2000x2000-600x600.jpg 600w, https:\/\/www.dantza.com\/wp-content\/uploads\/2023\/05\/Melocoton_lata_1-2Kg_2000x2000-700x700.jpg 700w, https:\/\/www.dantza.com\/wp-content\/uploads\/2023\/05\/Melocoton_lata_1-2Kg_2000x2000-768x768.jpg 768w, https:\/\/www.dantza.com\/wp-content\/uploads\/2023\/05\/Melocoton_lata_1-2Kg_2000x2000-800x800.jpg 800w, https:\/\/www.dantza.com\/wp-content\/uploads\/2023\/05\/Melocoton_lata_1-2Kg_2000x2000-1024x1024.jpg 1024w, https:\/\/www.dantza.com\/wp-content\/uploads\/2023\/05\/Melocoton_lata_1-2Kg_2000x2000-1200x1200.jpg 1200w, https:\/\/www.dantza.com\/wp-content\/uploads\/2023\/05\/Melocoton_lata_1-2Kg_2000x2000-1536x1536.jpg 1536w\" data-sizes=\"auto\" title=\"\" data-orig-><div class=\"cart-loading\"><i class=\"awb-icon-spinner\" aria-hidden=\"true\"><\/i><\/div>\t\t\t<\/a>\n\t\t\t\t\t\t\t<\/div>\n<\/div>\n<div class=\"fusion-product-content\">\n\t<div class=\"product-details\">\n\t\t<div class=\"product-details-container\">\n<h3 class=\"product-title\">\n\t<a href=\"https:\/\/www.dantza.com\/fr\/produit\/melocoton-lata-1-2-kg\/\">\n\t\tP\u00eache Conserve 1\/2 Kg\t<\/a>\n<\/h3>\n<div class=\"fusion-price-rating\">\n\n\t\t<\/div>\n\t<\/div>\n<\/div>\n\n\t<\/div> \n\n\n<\/div>\n<\/li>\n<li class=\"product type-product post-1154 status-publish first instock product_cat-fruta product_cat-frutas product_cat-serie-oro has-post-thumbnail shipping-taxable product-type-simple product-grid-view\">\n\t<div class=\"fusion-product-wrapper\">\n\n<div class=\"fusion-clean-product-image-wrapper\">\n\t<div  class=\"fusion-image-wrapper fusion-image-size-fixed\" aria-haspopup=\"true\">\n\t\t\t\t\t\t\t<a href=\"https:\/\/www.dantza.com\/fr\/produit\/melocoton-entero\/\" aria-label=\"P\u00eache enti\u00e8re\">\n\t\t\t\t\t\t\t<img decoding=\"async\" width=\"500\" height=\"500\" src=\"https:\/\/www.dantza.com\/wp-content\/uploads\/2023\/05\/Melocoton_entero_2000x2000-500x500.jpg\" class=\"attachment-woocommerce_thumbnail size-woocommerce_thumbnail lazyload wp-post-image\" alt=\"Comprar Melocot\u00f3n entero | Conserva dulce\" srcset=\"data:image\/svg+xml,%3Csvg%20xmlns%3D%27http%3A%2F%2Fwww.w3.org%2F2000%2Fsvg%27%20width%3D%272000%27%20height%3D%272000%27%20viewBox%3D%270%200%202000%202000%27%3E%3Crect%20width%3D%272000%27%20height%3D%272000%27%20fill-opacity%3D%220%22%2F%3E%3C%2Fsvg%3E\" data-orig-src=\"https:\/\/www.dantza.com\/wp-content\/uploads\/2023\/05\/Melocoton_entero_2000x2000-500x500.jpg\" data-srcset=\"https:\/\/www.dantza.com\/wp-content\/uploads\/2023\/05\/Melocoton_entero_2000x2000-12x12.jpg 12w, https:\/\/www.dantza.com\/wp-content\/uploads\/2023\/05\/Melocoton_entero_2000x2000-66x66.jpg 66w, https:\/\/www.dantza.com\/wp-content\/uploads\/2023\/05\/Melocoton_entero_2000x2000-150x150.jpg 150w, https:\/\/www.dantza.com\/wp-content\/uploads\/2023\/05\/Melocoton_entero_2000x2000-200x200.jpg 200w, https:\/\/www.dantza.com\/wp-content\/uploads\/2023\/05\/Melocoton_entero_2000x2000-300x300.jpg 300w, https:\/\/www.dantza.com\/wp-content\/uploads\/2023\/05\/Melocoton_entero_2000x2000-400x400.jpg 400w, https:\/\/www.dantza.com\/wp-content\/uploads\/2023\/05\/Melocoton_entero_2000x2000-500x500.jpg 500w, https:\/\/www.dantza.com\/wp-content\/uploads\/2023\/05\/Melocoton_entero_2000x2000-600x600.jpg 600w, https:\/\/www.dantza.com\/wp-content\/uploads\/2023\/05\/Melocoton_entero_2000x2000-700x700.jpg 700w, https:\/\/www.dantza.com\/wp-content\/uploads\/2023\/05\/Melocoton_entero_2000x2000-768x768.jpg 768w, https:\/\/www.dantza.com\/wp-content\/uploads\/2023\/05\/Melocoton_entero_2000x2000-800x800.jpg 800w, https:\/\/www.dantza.com\/wp-content\/uploads\/2023\/05\/Melocoton_entero_2000x2000-1024x1024.jpg 1024w, https:\/\/www.dantza.com\/wp-content\/uploads\/2023\/05\/Melocoton_entero_2000x2000-1200x1200.jpg 1200w, https:\/\/www.dantza.com\/wp-content\/uploads\/2023\/05\/Melocoton_entero_2000x2000-1536x1536.jpg 1536w\" data-sizes=\"auto\" title=\"\" data-orig-><div class=\"cart-loading\"><i class=\"awb-icon-spinner\" aria-hidden=\"true\"><\/i><\/div>\t\t\t<\/a>\n\t\t\t\t\t\t\t<\/div>\n<\/div>\n<div class=\"fusion-product-content\">\n\t<div class=\"product-details\">\n\t\t<div class=\"product-details-container\">\n<h3 class=\"product-title\">\n\t<a href=\"https:\/\/www.dantza.com\/fr\/produit\/melocoton-entero\/\">\n\t\tP\u00eache enti\u00e8re\t<\/a>\n<\/h3>\n<div class=\"fusion-price-rating\">\n\n\t\t<\/div>\n\t<\/div>\n<\/div>\n\n\t<\/div> \n\n\n<\/div>\n<\/li>\n<\/ul><div class=\"fusion-woo-product-grid-pagination fusion-clearfix\"><\/div><\/div><\/div><\/div><\/div><\/div><div class=\"fusion-fullwidth fullwidth-box fusion-builder-row-4 fusion-flex-container has-pattern-background has-mask-background nonhundred-percent-fullwidth non-hundred-percent-height-scrolling\" style=\"--awb-border-radius-top-left:0px;--awb-border-radius-top-right:0px;--awb-border-radius-bottom-right:0px;--awb-border-radius-bottom-left:0px;--awb-flex-wrap:wrap;\" ><div class=\"fusion-builder-row fusion-row fusion-flex-align-items-flex-start fusion-flex-content-wrap\" style=\"max-width:1248px;margin-left: calc(-4% \/ 2 );margin-right: calc(-4% \/ 2 );\"><\/div><\/div><\/p>","protected":false},"excerpt":{"rendered":"","protected":false},"author":1,"featured_media":0,"parent":12,"menu_order":0,"comment_status":"closed","ping_status":"closed","template":"100-width.php","meta":{"footnotes":""},"class_list":["post-1510","page","type-page","status-publish","hentry"],"_links":{"self":[{"href":"https:\/\/www.dantza.com\/fr\/wp-json\/wp\/v2\/pages\/1510","targetHints":{"allow":["GET"]}}],"collection":[{"href":"https:\/\/www.dantza.com\/fr\/wp-json\/wp\/v2\/pages"}],"about":[{"href":"https:\/\/www.dantza.com\/fr\/wp-json\/wp\/v2\/types\/page"}],"author":[{"embeddable":true,"href":"https:\/\/www.dantza.com\/fr\/wp-json\/wp\/v2\/users\/1"}],"replies":[{"embeddable":true,"href":"https:\/\/www.dantza.com\/fr\/wp-json\/wp\/v2\/comments?post=1510"}],"version-history":[{"count":4,"href":"https:\/\/www.dantza.com\/fr\/wp-json\/wp\/v2\/pages\/1510\/revisions"}],"predecessor-version":[{"id":3826,"href":"https:\/\/www.dantza.com\/fr\/wp-json\/wp\/v2\/pages\/1510\/revisions\/3826"}],"up":[{"embeddable":true,"href":"https:\/\/www.dantza.com\/fr\/wp-json\/wp\/v2\/pages\/12"}],"wp:attachment":[{"href":"https:\/\/www.dantza.com\/fr\/wp-json\/wp\/v2\/media?parent=1510"}],"curies":[{"name":"wp","href":"https:\/\/api.w.org\/{rel}","templated":true}]}}