{"id":284,"date":"2021-01-19T10:44:45","date_gmt":"2021-01-19T10:44:45","guid":{"rendered":"https:\/\/new.dantza.com\/?page_id=284"},"modified":"2025-11-26T14:35:33","modified_gmt":"2025-11-26T14:35:33","slug":"privacy-policy","status":"publish","type":"page","link":"https:\/\/www.dantza.com\/fr\/privacy-policy\/","title":{"rendered":"Informations LOPD"},"content":{"rendered":"<div class=\"fusion-fullwidth fullwidth-box fusion-builder-row-1 fusion-flex-container nonhundred-percent-fullwidth non-hundred-percent-height-scrolling\" style=\"--awb-border-radius-top-left:0px;--awb-border-radius-top-right:0px;--awb-border-radius-bottom-right:0px;--awb-border-radius-bottom-left:0px;--awb-padding-top:90px;--awb-padding-bottom:90px;--awb-flex-wrap:wrap;\" ><div class=\"fusion-builder-row fusion-row fusion-flex-align-items-flex-start fusion-flex-content-wrap\" style=\"max-width:1248px;margin-left: calc(-4% \/ 2 );margin-right: calc(-4% \/ 2 );\"><div class=\"fusion-layout-column fusion_builder_column fusion-builder-column-0 fusion_builder_column_1_1 1_1 fusion-flex-column fusion-animated\" style=\"--awb-padding-right:90px;--awb-padding-right-small:0px;--awb-bg-size:cover;--awb-width-large:100%;--awb-margin-top-large:0px;--awb-spacing-right-large:1.92%;--awb-margin-bottom-large:20px;--awb-spacing-left-large:1.92%;--awb-width-medium:100%;--awb-order-medium:0;--awb-spacing-right-medium:1.92%;--awb-spacing-left-medium:1.92%;--awb-width-small:100%;--awb-order-small:0;--awb-spacing-right-small:1.92%;--awb-spacing-left-small:1.92%;\" data-animationtype=\"fadeInUp\" data-animationduration=\"1.0\" data-animationoffset=\"top-into-view\"><div class=\"fusion-column-wrapper fusion-column-has-shadow fusion-flex-justify-content-flex-start fusion-content-layout-column\"><div class=\"fusion-title title fusion-title-1 fusion-sep-none fusion-title-text fusion-title-size-two\" style=\"--awb-margin-top-small:0px;--awb-margin-bottom-small:10px;--awb-font-size:var(--awb-typography1-font-size);\"><h2 class=\"fusion-title-heading title-heading-left sm-text-align-center fusion-responsive-typography-calculated\" style=\"font-family:var(--awb-typography1-font-family);font-weight:var(--awb-typography1-font-weight);font-style:var(--awb-typography1-font-style);margin:0;letter-spacing:var(--awb-typography1-letter-spacing);text-transform:var(--awb-typography1-text-transform);font-size:1em;--fontSize:60;line-height:var(--awb-typography1-line-height);\">CLAUSE D'INFORMATION \u00c9LARGIE SUR LE CONSENTEMENT ET LE TRANSFERT DE LA L\u00c9GISLATION SUR LA PROTECTION DES DONN\u00c9ES<\/h2><\/div><div class=\"fusion-text fusion-text-1 sm-text-align-center\"><h5><strong><u>Clause d'information \u00e9tendue:<\/u><\/strong><\/h5>\n<ol>\n<li class=\"translation-block\">Les donn\u00e9es personnelles que vous nous fournissez seront trait\u00e9es par DANTZA, Liste des informations avec les d\u00e9tails de l'activit\u00e9. Coordonn\u00e9es de notre d\u00e9l\u00e9gu\u00e9 \u00e0 la protection des donn\u00e9es: <a href=\"mailto:dpd@grupoan.com\" target=\"_self\" rel=\"noopener\">dpd@grupoan.com<\/a><\/li>\n<li>\u00c0 cet \u00e9gard, nous vous informons que la base juridique du traitement de vos donn\u00e9es personnelles est le consentement que vous nous avez donn\u00e9 ou l'ex\u00e9cution d'un contrat de service.<\/li>\n<li>La dur\u00e9e de conservation de vos donn\u00e9es \u00e0 caract\u00e8re personnel est celle de l'obligation l\u00e9gale. Ce d\u00e9lai est au moins \u00e9gal au d\u00e9lai de prescription pr\u00e9vu pour les actions en justice \u00e9tablies par la loi dans chaque cas, et au d\u00e9lai qui peut en tout \u00e9tat de cause \u00eatre pr\u00e9vu par des lois ou r\u00e8glements sp\u00e9ciaux correspondant au statut professionnel du responsable du traitement des donn\u00e9es ou du sous-traitant.<\/li>\n<li>Puede ejercitar sus derechos de acceso, rectificaci\u00f3n, cancelaci\u00f3n, limitaci\u00f3n, portabilidad y oposici\u00f3n ante el Delegado de Protecci\u00f3n de Datos de DANTZA mediante env\u00edo de correo electr\u00f3nico a dpd@datnza.com o por correo postal dirigi\u00e9ndose a Campo de Tajonar s\/n \u2013 31192 Tajonar (Navarra) (A\/A. Delegado de Protecci\u00f3n de Datos), en cualquier caso mediante solicitud escrita suficientemente acreditada.<\/li>\n<li>Nous vous informons \u00e9galement de votre droit d'introduire une r\u00e9clamation aupr\u00e8s de l'autorit\u00e9 de contr\u00f4le comp\u00e9tente.<\/li>\n<li>Ce consentement peut \u00eatre r\u00e9voqu\u00e9 \u00e0 tout moment en \u00e9crivant \u00e0 l'adresse susmentionn\u00e9e par tout moyen permettant de prouver sa bonne r\u00e9ception. \u00c0 cet \u00e9gard, vous \u00eates inform\u00e9 que cette r\u00e9vocation n'affectera pas la validit\u00e9 et\/ou la l\u00e9galit\u00e9 du traitement et\/ou de la mission effectu\u00e9s avant le retrait de votre consentement.<\/li>\n<\/ol>\n<p>Toutes ces informations sont communiqu\u00e9es conform\u00e9ment aux dispositions du r\u00e8glement g\u00e9n\u00e9ral europ\u00e9en sur la protection des donn\u00e9es \u00e0 caract\u00e8re personnel.<\/p>\n<\/div><\/div><\/div><\/div><\/div>","protected":false},"excerpt":{"rendered":"","protected":false},"author":1,"featured_media":0,"parent":0,"menu_order":0,"comment_status":"closed","ping_status":"closed","template":"100-width.php","meta":{"footnotes":""},"class_list":["post-284","page","type-page","status-publish","hentry"],"_links":{"self":[{"href":"https:\/\/www.dantza.com\/fr\/wp-json\/wp\/v2\/pages\/284","targetHints":{"allow":["GET"]}}],"collection":[{"href":"https:\/\/www.dantza.com\/fr\/wp-json\/wp\/v2\/pages"}],"about":[{"href":"https:\/\/www.dantza.com\/fr\/wp-json\/wp\/v2\/types\/page"}],"author":[{"embeddable":true,"href":"https:\/\/www.dantza.com\/fr\/wp-json\/wp\/v2\/users\/1"}],"replies":[{"embeddable":true,"href":"https:\/\/www.dantza.com\/fr\/wp-json\/wp\/v2\/comments?post=284"}],"version-history":[{"count":5,"href":"https:\/\/www.dantza.com\/fr\/wp-json\/wp\/v2\/pages\/284\/revisions"}],"predecessor-version":[{"id":4229,"href":"https:\/\/www.dantza.com\/fr\/wp-json\/wp\/v2\/pages\/284\/revisions\/4229"}],"wp:attachment":[{"href":"https:\/\/www.dantza.com\/fr\/wp-json\/wp\/v2\/media?parent=284"}],"curies":[{"name":"wp","href":"https:\/\/api.w.org\/{rel}","templated":true}]}}