{"id":3036,"date":"2023-05-15T20:02:36","date_gmt":"2023-05-15T20:02:36","guid":{"rendered":"https:\/\/new.dantza.com\/?page_id=3036"},"modified":"2025-11-26T14:34:30","modified_gmt":"2025-11-26T14:34:30","slug":"aviso-legal","status":"publish","type":"page","link":"https:\/\/www.dantza.com\/fr\/aviso-legal\/","title":{"rendered":"Avis juridique"},"content":{"rendered":"<div class=\"fusion-fullwidth fullwidth-box fusion-builder-row-1 fusion-flex-container nonhundred-percent-fullwidth non-hundred-percent-height-scrolling\" style=\"--awb-border-radius-top-left:0px;--awb-border-radius-top-right:0px;--awb-border-radius-bottom-right:0px;--awb-border-radius-bottom-left:0px;--awb-padding-top:90px;--awb-padding-bottom:90px;--awb-flex-wrap:wrap;\" ><div class=\"fusion-builder-row fusion-row fusion-flex-align-items-flex-start fusion-flex-content-wrap\" style=\"max-width:1248px;margin-left: calc(-4% \/ 2 );margin-right: calc(-4% \/ 2 );\"><div class=\"fusion-layout-column fusion_builder_column fusion-builder-column-0 fusion_builder_column_1_1 1_1 fusion-flex-column fusion-animated\" style=\"--awb-padding-right:90px;--awb-padding-right-small:0px;--awb-bg-size:cover;--awb-width-large:100%;--awb-margin-top-large:0px;--awb-spacing-right-large:1.92%;--awb-margin-bottom-large:20px;--awb-spacing-left-large:1.92%;--awb-width-medium:100%;--awb-order-medium:0;--awb-spacing-right-medium:1.92%;--awb-spacing-left-medium:1.92%;--awb-width-small:100%;--awb-order-small:0;--awb-spacing-right-small:1.92%;--awb-spacing-left-small:1.92%;\" data-animationtype=\"fadeInUp\" data-animationduration=\"1.0\" data-animationoffset=\"top-into-view\"><div class=\"fusion-column-wrapper fusion-column-has-shadow fusion-flex-justify-content-flex-start fusion-content-layout-column\"><div class=\"fusion-text fusion-text-1 sm-text-align-center\"><p>AN, S.COOP. (GRUPO AN) est le propri\u00e9taire de ce portail. C.I.F. F-31097280<\/p>\n<\/div><div class=\"fusion-title title fusion-title-1 fusion-sep-none fusion-title-text fusion-title-size-two\" style=\"--awb-margin-top-small:0px;--awb-margin-bottom-small:10px;--awb-font-size:var(--awb-typography1-font-size);\"><h2 class=\"fusion-title-heading title-heading-left sm-text-align-center fusion-responsive-typography-calculated\" style=\"font-family:var(--awb-typography1-font-family);font-weight:var(--awb-typography1-font-weight);font-style:var(--awb-typography1-font-style);margin:0;letter-spacing:var(--awb-typography1-letter-spacing);text-transform:var(--awb-typography1-text-transform);font-size:1em;--fontSize:60;line-height:var(--awb-typography1-line-height);\">PROTECTION DES DONN\u00c9ES PERSONNELLES<\/h2><\/div><div class=\"fusion-text fusion-text-2 sm-text-align-center\"><p>Conform\u00e9ment \u00e0 la r\u00e9glementation sur la protection des donn\u00e9es personnelles, nous vous informons que les informations que DANTZA re\u00e7oit des utilisateurs du site web ou des liens \"e-mail\" sont trait\u00e9es avec la plus grande confidentialit\u00e9.<span class=\"Apple-converted-space\">\u00a0<\/span><\/p>\n<p class=\"translation-block\">Les donn\u00e9es seront trait\u00e9es par Conservas Dantza S.A., inscrite au Registre du Commerce de Navarre, Tome 581, 345 G\u00e9n\u00e9ral de la Section 3 du Livre des Soci\u00e9t\u00e9s, Folio 32, Feuille n\u00ba 5.996, Inscription 1\u00aa - C.I.F. A-31-180006-0. Le contact de notre d\u00e9l\u00e9gu\u00e9 \u00e0 la protection des donn\u00e9es :\u00a0<a href=\"mailto:dpd@grupoan.com\" target=\"_self\">dpd@grupoan.com<\/a>. La base juridique du traitement de vos donn\u00e9es personnelles est le consentement que vous nous avez donn\u00e9 dans le cadre de l'ex\u00e9cution d'un contrat de service.<span class=\"Apple-converted-space\">\u00a0<\/span><\/p>\n<p>Vous pouvez exercer vos droits d'acc\u00e8s, de rectification, d'annulation, de limitation, de portabilit\u00e9 et d'opposition aupr\u00e8s du d\u00e9l\u00e9gu\u00e9 \u00e0 la protection des donn\u00e9es de DANTZA en envoyant un courrier \u00e9lectronique \u00e0 l'adresse suivante\u00a0<a href=\"mailto:dpd@grupoan.com\">dpd@grupoan.com<\/a> o por correo postal dirigi\u00e9ndose a Campo de Tajonar s\/n \u2013 31192 Tajonar (Navarra) (A\/A. Delegado de Protecci\u00f3n de Datos), en cualquier caso mediante solicitud escrita suficientemente acreditada.<\/p>\n<p>Nous vous informons \u00e9galement de votre droit d'introduire une r\u00e9clamation aupr\u00e8s de l'autorit\u00e9 de contr\u00f4le comp\u00e9tente.<\/p>\n<h2><strong>LIMITATION DE LA RESPONSABILIT\u00c9<\/strong><\/h2>\n<p>DANTZA n'est pas responsable des dommages, directs ou indirects, r\u00e9sultant de l'utilisation de ce portail, y compris les dommages caus\u00e9s aux syst\u00e8mes informatiques, l'introduction de virus et les dommages caus\u00e9s par toute d\u00e9cision prise sur la base des informations contenues dans ce portail. DANTZA recommande de demander une confirmation \u00e9crite des informations, si n\u00e9cessaire.<\/p>\n<p>DANTZA ne garantit pas que ses pages sont op\u00e9rationnelles, ni que leur contenu est complet, exact ou fiable \u00e0 tout moment.<\/p>\n<h2><strong>POLITIQUE EN MATI\u00c8RE DE COOKIES<\/strong><\/h2>\n<p>Notre site web utilise des cookies pour mesurer et analyser les habitudes de navigation de nos utilisateurs. Les cookies sont de petits fichiers de donn\u00e9es qui nous permettent de comparer et de comprendre la fa\u00e7on dont vous naviguez sur notre site web. Gr\u00e2ce \u00e0 eux, nous nous souvenons de vos pr\u00e9f\u00e9rences afin que vous puissiez b\u00e9n\u00e9ficier d'une meilleure exp\u00e9rience en ligne lors de votre prochaine visite. Les cookies ne stockent en aucun cas des donn\u00e9es personnelles ou des informations permettant de vous identifier.<\/p>\n<p>Si vous acceptez express\u00e9ment notre politique en mati\u00e8re de cookies lors de la phase d'enregistrement et\/ou si vous continuez \u00e0 naviguer sur le site en parcourant diff\u00e9rentes pages, en utilisant la barre de d\u00e9filement ou en acc\u00e9dant \u00e0 diff\u00e9rentes zones et diff\u00e9rents menus, il sera d\u00e9duit de cette action que vous acceptez l'installation et l'utilisation de cookies.<\/p>\n<p>Pour plus d'informations sur notre politique en mati\u00e8re de cookies, consultez le site\u00a0<a href=\"https:\/\/www.dantza.com\/fr\/politica-de-cookies\/\">www.dantza.com\/politica-de-cookies\/<\/a><\/p>\n<\/div><\/div><\/div><\/div><\/div>","protected":false},"excerpt":{"rendered":"","protected":false},"author":1,"featured_media":0,"parent":0,"menu_order":0,"comment_status":"closed","ping_status":"closed","template":"100-width.php","meta":{"footnotes":""},"class_list":["post-3036","page","type-page","status-publish","hentry"],"_links":{"self":[{"href":"https:\/\/www.dantza.com\/fr\/wp-json\/wp\/v2\/pages\/3036","targetHints":{"allow":["GET"]}}],"collection":[{"href":"https:\/\/www.dantza.com\/fr\/wp-json\/wp\/v2\/pages"}],"about":[{"href":"https:\/\/www.dantza.com\/fr\/wp-json\/wp\/v2\/types\/page"}],"author":[{"embeddable":true,"href":"https:\/\/www.dantza.com\/fr\/wp-json\/wp\/v2\/users\/1"}],"replies":[{"embeddable":true,"href":"https:\/\/www.dantza.com\/fr\/wp-json\/wp\/v2\/comments?post=3036"}],"version-history":[{"count":4,"href":"https:\/\/www.dantza.com\/fr\/wp-json\/wp\/v2\/pages\/3036\/revisions"}],"predecessor-version":[{"id":4228,"href":"https:\/\/www.dantza.com\/fr\/wp-json\/wp\/v2\/pages\/3036\/revisions\/4228"}],"wp:attachment":[{"href":"https:\/\/www.dantza.com\/fr\/wp-json\/wp\/v2\/media?parent=3036"}],"curies":[{"name":"wp","href":"https:\/\/api.w.org\/{rel}","templated":true}]}}