{"id":1097,"date":"2023-05-06T10:26:01","date_gmt":"2023-05-06T10:26:01","guid":{"rendered":"https:\/\/new.dantza.com\/?post_type=product&#038;p=1097"},"modified":"2025-12-18T05:59:04","modified_gmt":"2025-12-18T05:59:04","slug":"esparrago-igp-navarra-lata-1-kg","status":"publish","type":"product","link":"https:\/\/www.dantza.com\/fr\/produit\/esparrago-igp-navarra-lata-1-kg\/","title":{"rendered":"Asperge DO Navarre Conserve Kilo"},"content":{"rendered":"<p data-start=\"595\" data-end=\"870\">Nuestro <strong data-start=\"603\" data-end=\"636\">Esp\u00e1rrago IGP Navarra en lata<\/strong> est\u00e1 amparado por la <strong data-start=\"658\" data-end=\"701\">Indicaci\u00f3n Geogr\u00e1fica Protegida Navarra<\/strong>, que certifica su <strong data-start=\"720\" data-end=\"765\">origen, calidad y elaboraci\u00f3n tradicional<\/strong>. Procede exclusivamente de huertas navarras y se cultiva bajo estrictos controles del Consejo Regulador.<\/p>\n<p data-start=\"872\" data-end=\"1134\">Estos <a href=\"https:\/\/www.dantza.com\/fr\/productos\/esparrago-do-navarra-extra\/\"><strong data-start=\"878\" data-end=\"915\">esp\u00e1rragos blancos de Navarra IGP<\/strong><\/a> se recolectan manualmente en su punto \u00f3ptimo, se pelan cuidadosamente y se envasan en lata para conservar su <strong data-start=\"1025\" data-end=\"1086\">color blanco caracter\u00edstico, textura tierna y sabor suave<\/strong>, con el ligero amargor final que los distingue.<\/p>\n<p data-start=\"1136\" data-end=\"1306\">El <strong data-start=\"1139\" data-end=\"1163\">formato lata de 1 kg<\/strong> es ideal para <strong data-start=\"1178\" data-end=\"1223\">consumo dom\u00e9stico exigente y restauraci\u00f3n<\/strong>, ofreciendo una cantidad equilibrada de un producto gourmet de origen certificado.<\/p>\n<h4 data-start=\"1308\" data-end=\"1340\">Caracter\u00edsticas principales<\/h4>\n<ul data-start=\"1341\" data-end=\"1517\">\n<li data-start=\"1341\" data-end=\"1372\">\n<p data-start=\"1343\" data-end=\"1372\"><strong data-start=\"1343\" data-end=\"1372\">Esp\u00e1rrago con IGP Navarra<\/strong><\/p>\n<\/li>\n<li data-start=\"1373\" data-end=\"1415\">\n<p data-start=\"1375\" data-end=\"1415\">Esp\u00e1rrago blanco en lata de alta calidad<\/p>\n<\/li>\n<li data-start=\"1416\" data-end=\"1436\">\n<p data-start=\"1418\" data-end=\"1436\">Recolecci\u00f3n manual<\/p>\n<\/li>\n<li data-start=\"1437\" data-end=\"1465\">\n<p data-start=\"1439\" data-end=\"1465\">Textura tierna y homog\u00e9nea<\/p>\n<\/li>\n<li data-start=\"1466\" data-end=\"1490\">\n<p data-start=\"1468\" data-end=\"1490\">Sabor suave y delicado<\/p>\n<\/li>\n<li data-start=\"1491\" data-end=\"1517\">\n<p data-start=\"1493\" data-end=\"1517\">Formato pr\u00e1ctico de 1 kg<\/p>\n<\/li>\n<\/ul>\n<h4 data-start=\"1519\" data-end=\"1536\">Ingredients<\/h4>\n<p data-start=\"1537\" data-end=\"1583\">Esp\u00e1rrago blanco de Navarra (IGP), agua y sal.<\/p>\n<h4 data-start=\"1585\" data-end=\"1604\">Modo de empleo<\/h4>\n<p data-start=\"1605\" data-end=\"1766\">Producto listo para consumir. Perfecto para servir en fr\u00edo con aceite de oliva, mayonesa o vinagreta, como entrante, guarnici\u00f3n o ingrediente en recetas gourmet.<\/p>\n<h4 data-start=\"1768\" data-end=\"1785\">Conservaci\u00f3n<\/h4>\n<p data-start=\"1786\" data-end=\"1887\">Conservar en lugar fresco y seco. Una vez abierto, mantener refrigerado y consumir antes de 48 horas.<\/p>","protected":false},"excerpt":{"rendered":"<h5>Asperge DO Navarre Conserve 1 Kg (4-6, 6-10 et 10-14)<\/h5>\n<p><strong>Asperges de Navarre<\/strong><br \/>\nLes asperges de Navarre sont une r\u00e9f\u00e9rence mondiale et constituent le tr\u00e9sor le plus repr\u00e9sentatif du potager navarrais. Les agriculteurs membres de Grupo AN les cultivent avec soin dans la zone exclusive prot\u00e9g\u00e9e par le Conseil r\u00e9gulateur de l\u2019appellation d\u2019origine.<\/p>","protected":false},"featured_media":3048,"template":"","meta":[],"product_brand":[],"product_cat":[42,41],"product_tag":[],"class_list":{"0":"post-1097","1":"product","2":"type-product","3":"status-publish","4":"has-post-thumbnail","6":"product_cat-entero-extra-igp-navarra","7":"product_cat-esparrago-de-navarra","9":"first","10":"instock","11":"shipping-taxable","12":"product-type-simple"},"_links":{"self":[{"href":"https:\/\/www.dantza.com\/fr\/wp-json\/wp\/v2\/product\/1097","targetHints":{"allow":["GET"]}}],"collection":[{"href":"https:\/\/www.dantza.com\/fr\/wp-json\/wp\/v2\/product"}],"about":[{"href":"https:\/\/www.dantza.com\/fr\/wp-json\/wp\/v2\/types\/product"}],"wp:featuredmedia":[{"embeddable":true,"href":"https:\/\/www.dantza.com\/fr\/wp-json\/wp\/v2\/media\/3048"}],"wp:attachment":[{"href":"https:\/\/www.dantza.com\/fr\/wp-json\/wp\/v2\/media?parent=1097"}],"wp:term":[{"taxonomy":"product_brand","embeddable":true,"href":"https:\/\/www.dantza.com\/fr\/wp-json\/wp\/v2\/product_brand?post=1097"},{"taxonomy":"product_cat","embeddable":true,"href":"https:\/\/www.dantza.com\/fr\/wp-json\/wp\/v2\/product_cat?post=1097"},{"taxonomy":"product_tag","embeddable":true,"href":"https:\/\/www.dantza.com\/fr\/wp-json\/wp\/v2\/product_tag?post=1097"}],"curies":[{"name":"wp","href":"https:\/\/api.w.org\/{rel}","templated":true}]}}