{"id":1100,"date":"2023-05-06T10:26:01","date_gmt":"2023-05-06T10:26:01","guid":{"rendered":"https:\/\/new.dantza.com\/?post_type=product&#038;p=1100"},"modified":"2025-12-18T06:04:39","modified_gmt":"2025-12-18T06:04:39","slug":"yemas-igp-navarra-frasco-b-250","status":"publish","type":"product","link":"https:\/\/www.dantza.com\/fr\/produit\/yemas-igp-navarra-frasco-b-250\/","title":{"rendered":"Pointes d\u2019asperges DO Navarre pot B-250"},"content":{"rendered":"<p data-start=\"731\" data-end=\"1036\">Nuestras <strong data-start=\"740\" data-end=\"771\">Yemas IGP Navarra en frasco<\/strong> est\u00e1n amparadas por la <strong data-start=\"795\" data-end=\"838\">Indicaci\u00f3n Geogr\u00e1fica Protegida Navarra<\/strong>, sello que garantiza su <strong data-start=\"863\" data-end=\"908\">origen, calidad y elaboraci\u00f3n tradicional<\/strong>. Proceden exclusivamente de esp\u00e1rragos blancos cultivados en huertas navarras y controlados por el Consejo Regulador de la IGP.<\/p>\n<p data-start=\"1038\" data-end=\"1331\">Las <a href=\"https:\/\/www.dantza.com\/fr\/productos\/esparrago-do-navarra-extra\/\"><strong data-start=\"1042\" data-end=\"1079\">yemas de esp\u00e1rrago de Navarra IGP<\/strong><\/a> corresponden a la <strong data-start=\"1098\" data-end=\"1143\">parte m\u00e1s tierna y delicada del esp\u00e1rrago<\/strong>, seleccionadas cuidadosamente por su textura excepcional, sabor suave y ausencia de fibras. Se envasan en <strong data-start=\"1250\" data-end=\"1271\">frasco de cristal<\/strong>, lo que permite apreciar su calidad y presentaci\u00f3n gourmet.<\/p>\n<p data-start=\"1333\" data-end=\"1516\">El <strong data-start=\"1336\" data-end=\"1360\">formato frasco B-250<\/strong> es ideal para <strong data-start=\"1375\" data-end=\"1458\">consumo dom\u00e9stico exigente, restauraci\u00f3n de calidad y presentaciones especiales<\/strong>, donde se busca un producto exclusivo y de m\u00e1xima finura.<\/p>\n<h4 data-start=\"1518\" data-end=\"1550\">Caracter\u00edsticas principales<\/h4>\n<ul data-start=\"1551\" data-end=\"1766\">\n<li data-start=\"1551\" data-end=\"1591\">\n<p data-start=\"1553\" data-end=\"1591\"><strong data-start=\"1553\" data-end=\"1591\">Yemas de esp\u00e1rrago con IGP Navarra<\/strong><\/p>\n<\/li>\n<li data-start=\"1592\" data-end=\"1639\">\n<p data-start=\"1594\" data-end=\"1639\">Parte m\u00e1s tierna y noble del esp\u00e1rrago blanco<\/p>\n<\/li>\n<li data-start=\"1640\" data-end=\"1672\">\n<p data-start=\"1642\" data-end=\"1672\">Envasadas en frasco de cristal<\/p>\n<\/li>\n<li data-start=\"1673\" data-end=\"1703\">\n<p data-start=\"1675\" data-end=\"1703\">Textura extremadamente suave<\/p>\n<\/li>\n<li data-start=\"1704\" data-end=\"1731\">\n<p data-start=\"1706\" data-end=\"1731\">Sabor delicado y elegante<\/p>\n<\/li>\n<li data-start=\"1732\" data-end=\"1766\">\n<p data-start=\"1734\" data-end=\"1766\">Producto gourmet de alta calidad<\/p>\n<\/li>\n<\/ul>\n<h4 data-start=\"1768\" data-end=\"1785\">Ingredients<\/h4>\n<p data-start=\"1786\" data-end=\"1841\">Yemas de esp\u00e1rrago blanco de Navarra (IGP), agua y sal.<\/p>\n<h4 data-start=\"1843\" data-end=\"1862\">Modo de empleo<\/h4>\n<p data-start=\"1863\" data-end=\"2060\">Producto listo para consumir. Perfectas para servir en fr\u00edo como entrante gourmet, acompa\u00f1adas de aceite de oliva virgen extra, mayonesa suave o vinagreta ligera, as\u00ed como en platos de alta cocina.<\/p>\n<h4 data-start=\"2062\" data-end=\"2079\">Conservaci\u00f3n<\/h4>\n<p data-start=\"2080\" data-end=\"2181\">Conservar en lugar fresco y seco. Una vez abierto, mantener refrigerado y consumir antes de 48 horas.<\/p>","protected":false},"excerpt":{"rendered":"<h5>Pointes d\u2019asperges DO Navarre pot B-250 (tr\u00e8s grosses, grosses, moyennes)<\/h5>\n<p><strong>Asperges de Navarre<\/strong><br \/>\nLes asperges de Navarre sont une r\u00e9f\u00e9rence mondiale et constituent le tr\u00e9sor le plus repr\u00e9sentatif du potager navarrais. Les agriculteurs membres de Grupo AN les cultivent avec soin dans la zone exclusive prot\u00e9g\u00e9e par le Conseil r\u00e9gulateur de l\u2019appellation d\u2019origine.<\/p>","protected":false},"featured_media":3054,"template":"","meta":[],"product_brand":[],"product_cat":[43],"product_tag":[],"class_list":{"0":"post-1100","1":"product","2":"type-product","3":"status-publish","4":"has-post-thumbnail","6":"product_cat-yemas-extra-igp-navarra","8":"first","9":"instock","10":"shipping-taxable","11":"product-type-simple"},"_links":{"self":[{"href":"https:\/\/www.dantza.com\/fr\/wp-json\/wp\/v2\/product\/1100","targetHints":{"allow":["GET"]}}],"collection":[{"href":"https:\/\/www.dantza.com\/fr\/wp-json\/wp\/v2\/product"}],"about":[{"href":"https:\/\/www.dantza.com\/fr\/wp-json\/wp\/v2\/types\/product"}],"wp:featuredmedia":[{"embeddable":true,"href":"https:\/\/www.dantza.com\/fr\/wp-json\/wp\/v2\/media\/3054"}],"wp:attachment":[{"href":"https:\/\/www.dantza.com\/fr\/wp-json\/wp\/v2\/media?parent=1100"}],"wp:term":[{"taxonomy":"product_brand","embeddable":true,"href":"https:\/\/www.dantza.com\/fr\/wp-json\/wp\/v2\/product_brand?post=1100"},{"taxonomy":"product_cat","embeddable":true,"href":"https:\/\/www.dantza.com\/fr\/wp-json\/wp\/v2\/product_cat?post=1100"},{"taxonomy":"product_tag","embeddable":true,"href":"https:\/\/www.dantza.com\/fr\/wp-json\/wp\/v2\/product_tag?post=1100"}],"curies":[{"name":"wp","href":"https:\/\/api.w.org\/{rel}","templated":true}]}}