{"id":1101,"date":"2023-05-06T10:26:01","date_gmt":"2023-05-06T10:26:01","guid":{"rendered":"https:\/\/new.dantza.com\/?post_type=product&#038;p=1101"},"modified":"2025-12-18T06:10:42","modified_gmt":"2025-12-18T06:10:42","slug":"piquillo-lata-1-2-kg","status":"publish","type":"product","link":"https:\/\/www.dantza.com\/fr\/produit\/piquillo-lata-1-2-kg\/","title":{"rendered":"Piquillo Conserve 1\/2 Kg"},"content":{"rendered":"<p data-start=\"596\" data-end=\"819\">Nuestro <strong data-start=\"604\" data-end=\"624\">Piquillo en lata<\/strong> en <strong data-start=\"628\" data-end=\"646\">formato 1,2 kg<\/strong> est\u00e1 elaborado a partir de <a href=\"https:\/\/www.dantza.com\/fr\/productos\/pimiento-de-piquillo\/\"><strong data-start=\"674\" data-end=\"729\">pimientos del piquillo cuidadosamente seleccionados<\/strong><\/a>, pensados para ofrecer una excelente relaci\u00f3n entre calidad, cantidad y comodidad de uso.<\/p>\n<p data-start=\"821\" data-end=\"1073\">Los pimientos del piquillo se asan y se conservan cuidadosamente para mantener su <strong data-start=\"903\" data-end=\"976\">color rojo intenso, textura carnosa y sabor suave y ligeramente dulce<\/strong>, caracter\u00edsticas que hacen de este producto un imprescindible en la cocina diaria y profesional.<\/p>\n<p data-start=\"1075\" data-end=\"1272\">El <strong data-start=\"1078\" data-end=\"1104\">formato lata de 1,2 kg<\/strong> es ideal para <strong data-start=\"1119\" data-end=\"1158\">familias, hosteler\u00eda y restauraci\u00f3n<\/strong>, as\u00ed como para recetas que requieren mayor cantidad de producto sin renunciar a una presentaci\u00f3n y sabor \u00f3ptimos.<\/p>\n<h4 data-start=\"1274\" data-end=\"1306\">Caracter\u00edsticas principales<\/h4>\n<ul data-start=\"1307\" data-end=\"1501\">\n<li data-start=\"1307\" data-end=\"1343\">\n<p data-start=\"1309\" data-end=\"1343\">Pimientos del piquillo en conserva<\/p>\n<\/li>\n<li data-start=\"1344\" data-end=\"1382\">\n<p data-start=\"1346\" data-end=\"1382\"><strong data-start=\"1346\" data-end=\"1382\">Formato grande en lata de 1,2 kg<\/strong><\/p>\n<\/li>\n<li data-start=\"1383\" data-end=\"1411\">\n<p data-start=\"1385\" data-end=\"1411\">Textura carnosa y uniforme<\/p>\n<\/li>\n<li data-start=\"1412\" data-end=\"1439\">\n<p data-start=\"1414\" data-end=\"1439\">Sabor dulce y equilibrado<\/p>\n<\/li>\n<li data-start=\"1440\" data-end=\"1460\">\n<p data-start=\"1442\" data-end=\"1460\">Color rojo intenso<\/p>\n<\/li>\n<li data-start=\"1461\" data-end=\"1501\">\n<p data-start=\"1463\" data-end=\"1501\">Ideal para uso dom\u00e9stico y profesional<\/p>\n<\/li>\n<\/ul>\n<h4 data-start=\"1503\" data-end=\"1520\">Ingredients<\/h4>\n<p data-start=\"1521\" data-end=\"1555\">Pimiento del piquillo, agua y sal.<\/p>\n<h4 data-start=\"1557\" data-end=\"1576\">Modo de empleo<\/h4>\n<p data-start=\"1577\" data-end=\"1750\">Producto listo para consumir. Perfecto para servir en fr\u00edo con aceite de oliva, como entrante o guarnici\u00f3n, as\u00ed como para rellenos, ensaladas, salteados y platos preparados.<\/p>\n<h4 data-start=\"1752\" data-end=\"1769\">Conservaci\u00f3n<\/h4>\n<p data-start=\"1770\" data-end=\"1871\">Conservar en lugar fresco y seco. Una vez abierto, mantener refrigerado y consumir antes de 48 horas.<\/p>","protected":false},"excerpt":{"rendered":"<h5>Piquillo Conserve 1\/2 Kg<\/h5>\n<p><strong>Piquillos<\/strong><br \/>\nDe Navarre ou de Lodosa. Des poivrons \u00e9labor\u00e9s de mani\u00e8re tr\u00e8s minutieuse, en passant du feu \u00e0 l\u2019\u00e9pluchage, sans rin\u00e7age pour conserver toute leur saveur.<\/p>","protected":false},"featured_media":3059,"template":"","meta":[],"product_brand":[],"product_cat":[45,44],"product_tag":[],"class_list":{"0":"post-1101","1":"product","2":"type-product","3":"status-publish","4":"has-post-thumbnail","6":"product_cat-navarra","7":"product_cat-pimiento-de-piquillo","9":"first","10":"instock","11":"shipping-taxable","12":"product-type-simple"},"_links":{"self":[{"href":"https:\/\/www.dantza.com\/fr\/wp-json\/wp\/v2\/product\/1101","targetHints":{"allow":["GET"]}}],"collection":[{"href":"https:\/\/www.dantza.com\/fr\/wp-json\/wp\/v2\/product"}],"about":[{"href":"https:\/\/www.dantza.com\/fr\/wp-json\/wp\/v2\/types\/product"}],"wp:featuredmedia":[{"embeddable":true,"href":"https:\/\/www.dantza.com\/fr\/wp-json\/wp\/v2\/media\/3059"}],"wp:attachment":[{"href":"https:\/\/www.dantza.com\/fr\/wp-json\/wp\/v2\/media?parent=1101"}],"wp:term":[{"taxonomy":"product_brand","embeddable":true,"href":"https:\/\/www.dantza.com\/fr\/wp-json\/wp\/v2\/product_brand?post=1101"},{"taxonomy":"product_cat","embeddable":true,"href":"https:\/\/www.dantza.com\/fr\/wp-json\/wp\/v2\/product_cat?post=1101"},{"taxonomy":"product_tag","embeddable":true,"href":"https:\/\/www.dantza.com\/fr\/wp-json\/wp\/v2\/product_tag?post=1101"}],"curies":[{"name":"wp","href":"https:\/\/api.w.org\/{rel}","templated":true}]}}