{"id":1103,"date":"2023-05-06T10:26:01","date_gmt":"2023-05-06T10:26:01","guid":{"rendered":"https:\/\/new.dantza.com\/?post_type=product&#038;p=1103"},"modified":"2025-12-18T06:09:27","modified_gmt":"2025-12-18T06:09:27","slug":"piquillo-lodosa-tiras-f-314","status":"publish","type":"product","link":"https:\/\/www.dantza.com\/fr\/produit\/piquillo-lodosa-tiras-f-314\/","title":{"rendered":"Piquillo Lodosa Tiras F-314"},"content":{"rendered":"<p data-start=\"698\" data-end=\"918\">Nuestro <strong data-start=\"706\" data-end=\"728\">Piquillo de Lodosa<\/strong> se elabora a partir de <strong data-start=\"752\" data-end=\"837\"><a href=\"https:\/\/www.dantza.com\/fr\/productos\/pimiento-de-piquillo\/\">pimientos del piquillo cultivados<\/a> en el entorno de la localidad navarra de Lodosa<\/strong>, reconocida por la excelencia de este producto emblem\u00e1tico de la huerta navarra.<\/p>\n<p data-start=\"920\" data-end=\"1205\">Estos <strong data-start=\"926\" data-end=\"958\">piquillos de Lodosa en tiras<\/strong> se seleccionan cuidadosamente, se asan de forma tradicional y se cortan en <strong data-start=\"1034\" data-end=\"1053\">tiras uniformes<\/strong>, manteniendo su <strong data-start=\"1070\" data-end=\"1137\">color rojo intenso, textura carnosa y sabor dulce y equilibrado<\/strong>, con el ligero toque ahumado caracter\u00edstico del aut\u00e9ntico piquillo.<\/p>\n<p data-start=\"1207\" data-end=\"1401\">El <strong data-start=\"1210\" data-end=\"1248\">formato F-314 en frasco de cristal<\/strong> es ideal para <strong data-start=\"1263\" data-end=\"1344\">uso dom\u00e9stico, restauraci\u00f3n y recetas donde se busca comodidad y presentaci\u00f3n<\/strong>, como ensaladas, salteados, pintxos y platos preparados.<\/p>\n<h4 data-start=\"1403\" data-end=\"1435\">Caracter\u00edsticas principales<\/h4>\n<ul data-start=\"1436\" data-end=\"1612\">\n<li data-start=\"1436\" data-end=\"1460\">\n<p data-start=\"1438\" data-end=\"1460\"><strong data-start=\"1438\" data-end=\"1460\">Piquillo de Lodosa<\/strong><\/p>\n<\/li>\n<li data-start=\"1461\" data-end=\"1493\">\n<p data-start=\"1463\" data-end=\"1493\">Pimiento del piquillo en tiras<\/p>\n<\/li>\n<li data-start=\"1494\" data-end=\"1519\">\n<p data-start=\"1496\" data-end=\"1519\">Textura carnosa y suave<\/p>\n<\/li>\n<li data-start=\"1520\" data-end=\"1555\">\n<p data-start=\"1522\" data-end=\"1555\">Sabor dulce y ligeramente ahumado<\/p>\n<\/li>\n<li data-start=\"1556\" data-end=\"1587\">\n<p data-start=\"1558\" data-end=\"1587\">Envasado en frasco de cristal<\/p>\n<\/li>\n<li data-start=\"1588\" data-end=\"1612\">\n<p data-start=\"1590\" data-end=\"1612\">Formato pr\u00e1ctico F-314<\/p>\n<\/li>\n<\/ul>\n<h4 data-start=\"1614\" data-end=\"1631\">Ingredients<\/h4>\n<p data-start=\"1632\" data-end=\"1676\">Pimiento del piquillo de Lodosa, agua y sal.<\/p>\n<h4 data-start=\"1678\" data-end=\"1697\">Modo de empleo<\/h4>\n<p data-start=\"1698\" data-end=\"1836\">Producto listo para consumir. Ideal para ensaladas, revueltos, guarniciones, pintxos, rellenos o como acompa\u00f1amiento de carnes y pescados.<\/p>\n<h4 data-start=\"1838\" data-end=\"1855\">Conservaci\u00f3n<\/h4>\n<p data-start=\"1856\" data-end=\"1957\">Conservar en lugar fresco y seco. Una vez abierto, mantener refrigerado y consumir antes de 48 horas.<\/p>","protected":false},"excerpt":{"rendered":"<h5>Piquillo Lodosa Tiras F-314<\/h5>\n<p><strong>Piquillos<\/strong><br \/>\nDe Navarre ou de Lodosa. Des poivrons \u00e9labor\u00e9s de mani\u00e8re tr\u00e8s minutieuse, en passant du feu \u00e0 l\u2019\u00e9pluchage, sans rin\u00e7age pour conserver toute leur saveur.<\/p>","protected":false},"featured_media":3416,"template":"","meta":[],"product_brand":[],"product_cat":[47,44],"product_tag":[],"class_list":{"0":"post-1103","1":"product","2":"type-product","3":"status-publish","4":"has-post-thumbnail","6":"product_cat-lodosa-extra","7":"product_cat-pimiento-de-piquillo","9":"first","10":"instock","11":"shipping-taxable","12":"product-type-simple"},"_links":{"self":[{"href":"https:\/\/www.dantza.com\/fr\/wp-json\/wp\/v2\/product\/1103","targetHints":{"allow":["GET"]}}],"collection":[{"href":"https:\/\/www.dantza.com\/fr\/wp-json\/wp\/v2\/product"}],"about":[{"href":"https:\/\/www.dantza.com\/fr\/wp-json\/wp\/v2\/types\/product"}],"wp:featuredmedia":[{"embeddable":true,"href":"https:\/\/www.dantza.com\/fr\/wp-json\/wp\/v2\/media\/3416"}],"wp:attachment":[{"href":"https:\/\/www.dantza.com\/fr\/wp-json\/wp\/v2\/media?parent=1103"}],"wp:term":[{"taxonomy":"product_brand","embeddable":true,"href":"https:\/\/www.dantza.com\/fr\/wp-json\/wp\/v2\/product_brand?post=1103"},{"taxonomy":"product_cat","embeddable":true,"href":"https:\/\/www.dantza.com\/fr\/wp-json\/wp\/v2\/product_cat?post=1103"},{"taxonomy":"product_tag","embeddable":true,"href":"https:\/\/www.dantza.com\/fr\/wp-json\/wp\/v2\/product_tag?post=1103"}],"curies":[{"name":"wp","href":"https:\/\/api.w.org\/{rel}","templated":true}]}}