{"id":1109,"date":"2023-05-06T10:26:02","date_gmt":"2023-05-06T10:26:02","guid":{"rendered":"https:\/\/new.dantza.com\/?post_type=product&#038;p=1109"},"modified":"2025-12-18T05:36:18","modified_gmt":"2025-12-18T05:36:18","slug":"melocoton-lata-1-kg","status":"publish","type":"product","link":"https:\/\/www.dantza.com\/fr\/produit\/melocoton-lata-1-kg\/","title":{"rendered":"P\u00eache Conserve 1 Kg"},"content":{"rendered":"<p data-start=\"581\" data-end=\"821\">Nuestro <strong data-start=\"589\" data-end=\"610\">melocot\u00f3n en lata<\/strong> en <strong data-start=\"614\" data-end=\"630\">formato 1 kg<\/strong> est\u00e1 elaborado con <strong data-start=\"650\" data-end=\"694\">melocotones cuidadosamente seleccionados<\/strong>, recolectados en su punto \u00f3ptimo de maduraci\u00f3n y conservados en alm\u00edbar para preservar su sabor dulce, aroma y textura jugosa.<\/p>\n<p data-start=\"823\" data-end=\"1082\">Este formato resulta ideal para <strong data-start=\"855\" data-end=\"876\">consumo dom\u00e9stico<\/strong>, ofreciendo una cantidad equilibrada para disfrutar en casa sin desperdicio. El melocot\u00f3n se presenta en <strong data-start=\"982\" data-end=\"1003\">mitades uniformes<\/strong>, listas para consumir o utilizar en m\u00faltiples recetas de reposter\u00eda y postres.<\/p>\n<h4 data-start=\"1084\" data-end=\"1116\">Caracter\u00edsticas principales<\/h4>\n<ul data-start=\"1117\" data-end=\"1317\">\n<li data-start=\"1117\" data-end=\"1152\">\n<p data-start=\"1119\" data-end=\"1152\">Melocot\u00f3n en lata de alta calidad<\/p>\n<\/li>\n<li data-start=\"1153\" data-end=\"1183\">\n<p data-start=\"1155\" data-end=\"1183\">Formato pr\u00e1ctico de <strong data-start=\"1175\" data-end=\"1183\">1 kg<\/strong><\/p>\n<\/li>\n<li data-start=\"1184\" data-end=\"1217\">\n<p data-start=\"1186\" data-end=\"1217\">Mitades de melocot\u00f3n en alm\u00edbar<\/p>\n<\/li>\n<li data-start=\"1218\" data-end=\"1242\">\n<p data-start=\"1220\" data-end=\"1242\">Textura firme y jugosa<\/p>\n<\/li>\n<li data-start=\"1243\" data-end=\"1266\">\n<p data-start=\"1245\" data-end=\"1266\">Sabor dulce y natural<\/p>\n<\/li>\n<li data-start=\"1267\" data-end=\"1317\">\n<p data-start=\"1269\" data-end=\"1317\">Ideal para postres, macedonias y recetas caseras<\/p>\n<\/li>\n<\/ul>\n<h4 data-start=\"1319\" data-end=\"1336\">Ingredients<\/h4>\n<p data-start=\"1337\" data-end=\"1362\">Melocot\u00f3n, agua y az\u00facar.<\/p>\n<h4 data-start=\"1364\" data-end=\"1383\">Modo de empleo<\/h4>\n<p data-start=\"1384\" data-end=\"1531\">Producto listo para consumir. Perfecto para servir fr\u00edo, acompa\u00f1ar yogures, preparar tartas, bizcochos, ensaladas de fruta o postres tradicionales.<\/p>\n<h4 data-start=\"1533\" data-end=\"1550\">Conservaci\u00f3n<\/h4>\n<p data-start=\"1551\" data-end=\"1652\">Conservar en lugar fresco y seco. Una vez abierto, mantener refrigerado y consumir antes de 48 horas.<\/p>","protected":false},"excerpt":{"rendered":"<h5>P\u00eache Conserve 1 Kg<\/h5>\n<p><strong>P\u00eache<\/strong><br \/>\nP\u00eaches fra\u00eechement cueillies par les agriculteurs de Grupo AN, mises en conserve le jour m\u00eame de leur cueillette en gardant toute leur saveur et leurs propri\u00e9t\u00e9s. Fruits naturels pr\u00eats \u00e0 consommer avec une l\u00e9g\u00e8re touche sirupeuse.<\/p>","protected":false},"featured_media":3085,"template":"","meta":[],"product_brand":[],"product_cat":[48],"product_tag":[],"class_list":{"0":"post-1109","1":"product","2":"type-product","3":"status-publish","4":"has-post-thumbnail","6":"product_cat-frutas","8":"first","9":"instock","10":"shipping-taxable","11":"product-type-simple"},"_links":{"self":[{"href":"https:\/\/www.dantza.com\/fr\/wp-json\/wp\/v2\/product\/1109","targetHints":{"allow":["GET"]}}],"collection":[{"href":"https:\/\/www.dantza.com\/fr\/wp-json\/wp\/v2\/product"}],"about":[{"href":"https:\/\/www.dantza.com\/fr\/wp-json\/wp\/v2\/types\/product"}],"wp:featuredmedia":[{"embeddable":true,"href":"https:\/\/www.dantza.com\/fr\/wp-json\/wp\/v2\/media\/3085"}],"wp:attachment":[{"href":"https:\/\/www.dantza.com\/fr\/wp-json\/wp\/v2\/media?parent=1109"}],"wp:term":[{"taxonomy":"product_brand","embeddable":true,"href":"https:\/\/www.dantza.com\/fr\/wp-json\/wp\/v2\/product_brand?post=1109"},{"taxonomy":"product_cat","embeddable":true,"href":"https:\/\/www.dantza.com\/fr\/wp-json\/wp\/v2\/product_cat?post=1109"},{"taxonomy":"product_tag","embeddable":true,"href":"https:\/\/www.dantza.com\/fr\/wp-json\/wp\/v2\/product_tag?post=1109"}],"curies":[{"name":"wp","href":"https:\/\/api.w.org\/{rel}","templated":true}]}}