{"id":1110,"date":"2023-05-06T10:26:02","date_gmt":"2023-05-06T10:26:02","guid":{"rendered":"https:\/\/new.dantza.com\/?post_type=product&#038;p=1110"},"modified":"2025-12-18T05:37:24","modified_gmt":"2025-12-18T05:37:24","slug":"alubia-blanca","status":"publish","type":"product","link":"https:\/\/www.dantza.com\/fr\/produit\/alubia-blanca\/","title":{"rendered":"Haricot blanc"},"content":{"rendered":"<p data-start=\"554\" data-end=\"855\">Nuestra <strong data-start=\"562\" data-end=\"579\">alubia blanca<\/strong> es una legumbre de alta calidad, cuidadosamente seleccionada y <strong data-start=\"643\" data-end=\"672\">cocida en su punto \u00f3ptimo<\/strong> para ofrecer una textura suave, piel fina y sabor delicado. Se conserva de forma natural para mantener todas sus propiedades y facilitar una preparaci\u00f3n r\u00e1pida y c\u00f3moda en la cocina.<\/p>\n<p data-start=\"857\" data-end=\"1103\">La <strong data-start=\"860\" data-end=\"896\">alubia blanca cocida en conserva<\/strong> es ideal para quienes buscan una alimentaci\u00f3n saludable sin renunciar a recetas tradicionales. Perfecta para guisos, potajes, ensaladas templadas o platos de cuchara, tanto en el hogar como en restauraci\u00f3n.<\/p>\n<h4 data-start=\"1105\" data-end=\"1137\">Caracter\u00edsticas principales<\/h4>\n<ul data-start=\"1138\" data-end=\"1323\">\n<li data-start=\"1138\" data-end=\"1176\">\n<p data-start=\"1140\" data-end=\"1176\">Alubia blanca cocida de alta calidad<\/p>\n<\/li>\n<li data-start=\"1177\" data-end=\"1205\">\n<p data-start=\"1179\" data-end=\"1205\">Textura tierna y piel fina<\/p>\n<\/li>\n<li data-start=\"1206\" data-end=\"1229\">\n<p data-start=\"1208\" data-end=\"1229\">Sabor suave y natural<\/p>\n<\/li>\n<li data-start=\"1230\" data-end=\"1251\">\n<p data-start=\"1232\" data-end=\"1251\">Lista para consumir<\/p>\n<\/li>\n<li data-start=\"1252\" data-end=\"1292\">\n<p data-start=\"1254\" data-end=\"1292\">Ideal para guisos, potajes y ensaladas<\/p>\n<\/li>\n<li data-start=\"1293\" data-end=\"1323\">\n<p data-start=\"1295\" data-end=\"1323\">Producto vegetal en conserva<\/p>\n<\/li>\n<\/ul>\n<h4 data-start=\"1325\" data-end=\"1342\">Ingredients<\/h4>\n<p data-start=\"1343\" data-end=\"1369\">Alubia blanca, agua y sal.<\/p>\n<h4 data-start=\"1371\" data-end=\"1390\">Modo de empleo<\/h4>\n<p data-start=\"1391\" data-end=\"1533\">Producto listo para usar. Puede consumirse directamente o calentarse y a\u00f1adirse a guisos, potajes, ensaladas, arroces y recetas tradicionales.<\/p>\n<h4 data-start=\"1535\" data-end=\"1552\">Conservaci\u00f3n<\/h4>\n<p data-start=\"1553\" data-end=\"1654\">Conservar en lugar fresco y seco. Una vez abierto, mantener refrigerado y consumir antes de 48 horas.<\/p>","protected":false},"excerpt":{"rendered":"<p style=\"text-align: right;\"><a>RETOUR<\/a><\/p>\n<h5>Haricot blanc<\/h5>\n<p><strong>L\u00e9gumes secs<\/strong><br \/>\nLes classiques sont une valeur s\u00fbre. Pr\u00e9par\u00e9s avec soin pour ne pas perdre leur saveur d\u2019origine et conserver toutes leurs propri\u00e9t\u00e9s sans ajout de conservateurs.<\/p>","protected":false},"featured_media":3626,"template":"","meta":[],"product_brand":[],"product_cat":[49],"product_tag":[],"class_list":{"0":"post-1110","1":"product","2":"type-product","3":"status-publish","4":"has-post-thumbnail","6":"product_cat-legumbre","8":"first","9":"instock","10":"shipping-taxable","11":"product-type-simple"},"_links":{"self":[{"href":"https:\/\/www.dantza.com\/fr\/wp-json\/wp\/v2\/product\/1110","targetHints":{"allow":["GET"]}}],"collection":[{"href":"https:\/\/www.dantza.com\/fr\/wp-json\/wp\/v2\/product"}],"about":[{"href":"https:\/\/www.dantza.com\/fr\/wp-json\/wp\/v2\/types\/product"}],"wp:featuredmedia":[{"embeddable":true,"href":"https:\/\/www.dantza.com\/fr\/wp-json\/wp\/v2\/media\/3626"}],"wp:attachment":[{"href":"https:\/\/www.dantza.com\/fr\/wp-json\/wp\/v2\/media?parent=1110"}],"wp:term":[{"taxonomy":"product_brand","embeddable":true,"href":"https:\/\/www.dantza.com\/fr\/wp-json\/wp\/v2\/product_brand?post=1110"},{"taxonomy":"product_cat","embeddable":true,"href":"https:\/\/www.dantza.com\/fr\/wp-json\/wp\/v2\/product_cat?post=1110"},{"taxonomy":"product_tag","embeddable":true,"href":"https:\/\/www.dantza.com\/fr\/wp-json\/wp\/v2\/product_tag?post=1110"}],"curies":[{"name":"wp","href":"https:\/\/api.w.org\/{rel}","templated":true}]}}