{"id":1126,"date":"2023-05-06T10:26:05","date_gmt":"2023-05-06T10:26:05","guid":{"rendered":"https:\/\/new.dantza.com\/?post_type=product&#038;p=1126"},"modified":"2025-12-18T08:53:22","modified_gmt":"2025-12-18T08:53:22","slug":"cardo","status":"publish","type":"product","link":"https:\/\/www.dantza.com\/fr\/produit\/cardo\/","title":{"rendered":"Cardon"},"content":{"rendered":"<p data-start=\"580\" data-end=\"788\">Nuestro <strong data-start=\"588\" data-end=\"597\">cardo<\/strong> est\u00e1 elaborado a partir de <strong data-start=\"625\" data-end=\"664\">cardos cuidadosamente seleccionados<\/strong>, limpiados y cocidos en su punto \u00f3ptimo para conservar su <strong data-start=\"723\" data-end=\"787\">sabor suave y caracter\u00edstico, textura tierna y color natural<\/strong>.<\/p>\n<p data-start=\"790\" data-end=\"994\">El <strong data-start=\"793\" data-end=\"814\">cardo en conserva<\/strong> es una soluci\u00f3n pr\u00e1ctica para disfrutar de una de las verduras m\u00e1s tradicionales de la cocina espa\u00f1ola durante todo el a\u00f1o, sin necesidad de largos procesos de limpieza y cocci\u00f3n.<\/p>\n<p data-start=\"996\" data-end=\"1132\">Ideal para preparar <strong data-start=\"1016\" data-end=\"1036\">recetas cl\u00e1sicas<\/strong>, especialmente en \u00e9pocas festivas, el cardo Dantza ofrece calidad, comodidad y sabor aut\u00e9ntico.<\/p>\n<h4 data-start=\"1134\" data-end=\"1166\">Caracter\u00edsticas principales<\/h4>\n<ul data-start=\"1167\" data-end=\"1343\">\n<li data-start=\"1167\" data-end=\"1190\">\n<p data-start=\"1169\" data-end=\"1190\"><strong data-start=\"1169\" data-end=\"1190\">Cardo en conserva<\/strong><\/p>\n<\/li>\n<li data-start=\"1191\" data-end=\"1223\">\n<p data-start=\"1193\" data-end=\"1223\">Verdura cocida de alta calidad<\/p>\n<\/li>\n<li data-start=\"1224\" data-end=\"1251\">\n<p data-start=\"1226\" data-end=\"1251\">Textura tierna y uniforme<\/p>\n<\/li>\n<li data-start=\"1252\" data-end=\"1286\">\n<p data-start=\"1254\" data-end=\"1286\">Sabor suave y ligeramente amargo<\/p>\n<\/li>\n<li data-start=\"1287\" data-end=\"1308\">\n<p data-start=\"1289\" data-end=\"1308\">Listo para consumir<\/p>\n<\/li>\n<li data-start=\"1309\" data-end=\"1343\">\n<p data-start=\"1311\" data-end=\"1343\">Ideal para recetas tradicionales<\/p>\n<\/li>\n<\/ul>\n<h4 data-start=\"1345\" data-end=\"1362\">Ingredients<\/h4>\n<p data-start=\"1363\" data-end=\"1381\">Cardo, agua y sal.<\/p>\n<h4 data-start=\"1383\" data-end=\"1402\">Modo de empleo<\/h4>\n<p data-start=\"1403\" data-end=\"1552\">Producto listo para usar. Puede calentarse y utilizarse en recetas tradicionales como cardo con almendras, cardo con jam\u00f3n, guisos o como guarnici\u00f3n.<\/p>\n<h4 data-start=\"1554\" data-end=\"1571\">Conservaci\u00f3n<\/h4>\n<p data-start=\"1572\" data-end=\"1673\">Conservar en lugar fresco y seco. Una vez abierto, mantener refrigerado y consumir antes de 48 horas.<\/p>","protected":false},"excerpt":{"rendered":"<h5>Cardon<\/h5>\n<p><strong>L\u00e9gumes de notre potager<\/strong><br \/>\nIls proviennent de notre propre potager navarrais et sont soigneusement pr\u00e9par\u00e9s et mis en conserve afin de pr\u00e9server toute leur saveur d\u2019origine.<\/p>","protected":false},"featured_media":3062,"template":"","meta":[],"product_brand":[],"product_cat":[55,50],"product_tag":[],"class_list":{"0":"post-1126","1":"product","2":"type-product","3":"status-publish","4":"has-post-thumbnail","6":"product_cat-tradicion","7":"product_cat-verdura","9":"first","10":"instock","11":"shipping-taxable","12":"product-type-simple"},"_links":{"self":[{"href":"https:\/\/www.dantza.com\/fr\/wp-json\/wp\/v2\/product\/1126","targetHints":{"allow":["GET"]}}],"collection":[{"href":"https:\/\/www.dantza.com\/fr\/wp-json\/wp\/v2\/product"}],"about":[{"href":"https:\/\/www.dantza.com\/fr\/wp-json\/wp\/v2\/types\/product"}],"wp:featuredmedia":[{"embeddable":true,"href":"https:\/\/www.dantza.com\/fr\/wp-json\/wp\/v2\/media\/3062"}],"wp:attachment":[{"href":"https:\/\/www.dantza.com\/fr\/wp-json\/wp\/v2\/media?parent=1126"}],"wp:term":[{"taxonomy":"product_brand","embeddable":true,"href":"https:\/\/www.dantza.com\/fr\/wp-json\/wp\/v2\/product_brand?post=1126"},{"taxonomy":"product_cat","embeddable":true,"href":"https:\/\/www.dantza.com\/fr\/wp-json\/wp\/v2\/product_cat?post=1126"},{"taxonomy":"product_tag","embeddable":true,"href":"https:\/\/www.dantza.com\/fr\/wp-json\/wp\/v2\/product_tag?post=1126"}],"curies":[{"name":"wp","href":"https:\/\/api.w.org\/{rel}","templated":true}]}}