{"id":1136,"date":"2023-05-06T10:26:06","date_gmt":"2023-05-06T10:26:06","guid":{"rendered":"https:\/\/new.dantza.com\/?post_type=product&#038;p=1136"},"modified":"2025-12-18T06:50:10","modified_gmt":"2025-12-18T06:50:10","slug":"tomate-frito","status":"publish","type":"product","link":"https:\/\/www.dantza.com\/fr\/produit\/tomate-frito\/","title":{"rendered":"Tomate cuisin\u00e9e"},"content":{"rendered":"<p data-start=\"597\" data-end=\"814\">Nuestro <strong data-start=\"605\" data-end=\"621\">tomate frito<\/strong> se elabora siguiendo una <strong data-start=\"647\" data-end=\"669\">receta tradicional<\/strong>, a partir de <strong data-start=\"683\" data-end=\"708\">tomates seleccionados<\/strong>, cocinados lentamente para conseguir una salsa de <strong data-start=\"759\" data-end=\"813\">sabor intenso, textura equilibrada y color natural<\/strong>.<\/p>\n<p data-start=\"816\" data-end=\"1017\">El <strong data-start=\"819\" data-end=\"847\">tomate frito en conserva<\/strong> es un b\u00e1sico imprescindible en la cocina diaria, ideal para preparar <strong data-start=\"917\" data-end=\"959\">platos tradicionales y recetas r\u00e1pidas<\/strong>, manteniendo el aut\u00e9ntico sabor del tomate bien cocinado.<\/p>\n<p data-start=\"1019\" data-end=\"1227\">Gracias a su cuidada elaboraci\u00f3n, el tomate frito Dantza ofrece una <strong data-start=\"1087\" data-end=\"1119\">salsa vers\u00e1til y equilibrada<\/strong>, perfecta para acompa\u00f1ar pastas, arroces, huevos, carnes, pescados, sofritos y todo tipo de platos caseros.<\/p>\n<h4 data-start=\"1229\" data-end=\"1261\">Caracter\u00edsticas principales<\/h4>\n<ul data-start=\"1262\" data-end=\"1427\">\n<li data-start=\"1262\" data-end=\"1292\">\n<p data-start=\"1264\" data-end=\"1292\"><strong data-start=\"1264\" data-end=\"1292\">Tomate frito tradicional<\/strong><\/p>\n<\/li>\n<li data-start=\"1293\" data-end=\"1330\">\n<p data-start=\"1295\" data-end=\"1330\">Elaborado con tomates seleccionados<\/p>\n<\/li>\n<li data-start=\"1331\" data-end=\"1346\">\n<p data-start=\"1333\" data-end=\"1346\">Cocci\u00f3n lenta<\/p>\n<\/li>\n<li data-start=\"1347\" data-end=\"1372\">\n<p data-start=\"1349\" data-end=\"1372\">Sabor intenso y natural<\/p>\n<\/li>\n<li data-start=\"1373\" data-end=\"1400\">\n<p data-start=\"1375\" data-end=\"1400\">Textura suave y homog\u00e9nea<\/p>\n<\/li>\n<li data-start=\"1401\" data-end=\"1427\">\n<p data-start=\"1403\" data-end=\"1427\">Producto listo para usar<\/p>\n<\/li>\n<\/ul>\n<h4 data-start=\"1429\" data-end=\"1446\">Ingredients<\/h4>\n<p data-start=\"1447\" data-end=\"1522\">Tomate, aceite, az\u00facar y sal.<br data-start=\"1476\" data-end=\"1479\" \/><em data-start=\"1479\" data-end=\"1522\">(Ajustar ingredientes exactos si procede)<\/em><\/p>\n<h4 data-start=\"1524\" data-end=\"1543\">Modo de empleo<\/h4>\n<p data-start=\"1544\" data-end=\"1702\">Producto listo para consumir. Ideal para acompa\u00f1ar pastas, arroces, pizzas, huevos fritos, carnes, pescados y como base para sofritos y recetas tradicionales.<\/p>\n<h4 data-start=\"1704\" data-end=\"1721\">Conservaci\u00f3n<\/h4>\n<p data-start=\"1722\" data-end=\"1821\">Conservar en lugar fresco y seco. Una vez abierto, mantener refrigerado y consumir antes de 5 d\u00edas.<\/p>","protected":false},"excerpt":{"rendered":"<h5>Tomate Frito (3Kg, 1 Kg, 1\/2 Kg)<\/h5>\n<p><strong>Tomates 100 % naturelles<\/strong><br \/>\n\u00cdntegramente producido por los agricultores socios y en cuya elaboraci\u00f3n se combina perfectamente la tradici\u00f3n y la tecnolog\u00eda m\u00e1s moderna. Un producto 100% natural de sabor excepcional y disponible en una amplia variedad de gama: tomate entero pelado, triturado, troceado y frito.<\/p>","protected":false},"featured_media":3472,"template":"","meta":[],"product_brand":[],"product_cat":[58],"product_tag":[],"class_list":{"0":"post-1136","1":"product","2":"type-product","3":"status-publish","4":"has-post-thumbnail","6":"product_cat-frito","8":"first","9":"instock","10":"shipping-taxable","11":"product-type-simple"},"_links":{"self":[{"href":"https:\/\/www.dantza.com\/fr\/wp-json\/wp\/v2\/product\/1136","targetHints":{"allow":["GET"]}}],"collection":[{"href":"https:\/\/www.dantza.com\/fr\/wp-json\/wp\/v2\/product"}],"about":[{"href":"https:\/\/www.dantza.com\/fr\/wp-json\/wp\/v2\/types\/product"}],"wp:featuredmedia":[{"embeddable":true,"href":"https:\/\/www.dantza.com\/fr\/wp-json\/wp\/v2\/media\/3472"}],"wp:attachment":[{"href":"https:\/\/www.dantza.com\/fr\/wp-json\/wp\/v2\/media?parent=1136"}],"wp:term":[{"taxonomy":"product_brand","embeddable":true,"href":"https:\/\/www.dantza.com\/fr\/wp-json\/wp\/v2\/product_brand?post=1136"},{"taxonomy":"product_cat","embeddable":true,"href":"https:\/\/www.dantza.com\/fr\/wp-json\/wp\/v2\/product_cat?post=1136"},{"taxonomy":"product_tag","embeddable":true,"href":"https:\/\/www.dantza.com\/fr\/wp-json\/wp\/v2\/product_tag?post=1136"}],"curies":[{"name":"wp","href":"https:\/\/api.w.org\/{rel}","templated":true}]}}