{"id":1138,"date":"2023-05-06T10:26:06","date_gmt":"2023-05-06T10:26:06","guid":{"rendered":"https:\/\/new.dantza.com\/?post_type=product&#038;p=1138"},"modified":"2025-12-18T06:50:57","modified_gmt":"2025-12-18T06:50:57","slug":"tomate-triturado","status":"publish","type":"product","link":"https:\/\/www.dantza.com\/fr\/produit\/tomate-triturado\/","title":{"rendered":"Tomate en coulis"},"content":{"rendered":"<p data-start=\"600\" data-end=\"817\">Nuestro <strong data-start=\"608\" data-end=\"628\">tomate triturado<\/strong> est\u00e1 elaborado a partir de <strong data-start=\"656\" data-end=\"704\">tomates maduros cuidadosamente seleccionados<\/strong>, triturados y conservados de forma natural para mantener su <strong data-start=\"765\" data-end=\"816\">sabor fresco, color intenso y textura homog\u00e9nea<\/strong>.<\/p>\n<p data-start=\"819\" data-end=\"1019\">El <strong data-start=\"822\" data-end=\"854\">tomate triturado en conserva<\/strong> es la base ideal para multitud de recetas, ya que permite cocinar salsas, sofritos y guisos desde cero, controlando el punto de cocci\u00f3n y los ingredientes a\u00f1adidos.<\/p>\n<p data-start=\"1021\" data-end=\"1181\">Gracias a su versatilidad, el tomate triturado Dantza es perfecto tanto para la <strong data-start=\"1101\" data-end=\"1118\">cocina diaria<\/strong> como para recetas tradicionales y elaboraciones m\u00e1s complejas.<\/p>\n<h4 data-start=\"1183\" data-end=\"1215\">Caracter\u00edsticas principales<\/h4>\n<ul data-start=\"1216\" data-end=\"1389\">\n<li data-start=\"1216\" data-end=\"1246\">\n<p data-start=\"1218\" data-end=\"1246\"><strong data-start=\"1218\" data-end=\"1246\">Tomate triturado natural<\/strong><\/p>\n<\/li>\n<li data-start=\"1247\" data-end=\"1284\">\n<p data-start=\"1249\" data-end=\"1284\">Elaborado con tomates seleccionados<\/p>\n<\/li>\n<li data-start=\"1285\" data-end=\"1309\">\n<p data-start=\"1287\" data-end=\"1309\">Sabor fresco e intenso<\/p>\n<\/li>\n<li data-start=\"1310\" data-end=\"1329\">\n<p data-start=\"1312\" data-end=\"1329\">Textura homog\u00e9nea<\/p>\n<\/li>\n<li data-start=\"1330\" data-end=\"1350\">\n<p data-start=\"1332\" data-end=\"1350\">Sin cocci\u00f3n previa<\/p>\n<\/li>\n<li data-start=\"1351\" data-end=\"1389\">\n<p data-start=\"1353\" data-end=\"1389\">Ideal como base para salsas y guisos<\/p>\n<\/li>\n<\/ul>\n<h4 data-start=\"1391\" data-end=\"1408\">Ingredients<\/h4>\n<p data-start=\"1409\" data-end=\"1416\">Tomate.<\/p>\n<p data-start=\"1418\" data-end=\"1463\"><em data-start=\"1418\" data-end=\"1463\">(Ajustar si lleva sal u otros ingredientes)<\/em><\/p>\n<h4 data-start=\"1465\" data-end=\"1484\">Modo de empleo<\/h4>\n<p data-start=\"1485\" data-end=\"1657\">Producto listo para usar. Ideal para preparar sofritos, salsas de tomate, guisos, arroces, pastas, pizzas y recetas caseras. Cocinar al gusto para obtener el punto deseado.<\/p>\n<h4 data-start=\"1659\" data-end=\"1676\">Conservaci\u00f3n<\/h4>\n<p data-start=\"1677\" data-end=\"1778\">Conservar en lugar fresco y seco. Una vez abierto, mantener refrigerado y consumir antes de 3\u20135 d\u00edas.<\/p>","protected":false},"excerpt":{"rendered":"<h5>Tomate en coulis (5Kg, 3 Kg, 1 Kg, 1\/2 Kg)<\/h5>\n<p><strong>Tomates 100 % naturelles<\/strong><br \/>\n\u00cdntegramente producido por los agricultores socios y en cuya elaboraci\u00f3n se combina perfectamente la tradici\u00f3n y la tecnolog\u00eda m\u00e1s moderna. Un producto 100% natural de sabor excepcional y disponible en una amplia variedad de gama: tomate entero pelado, triturado, troceado y frito.<\/p>","protected":false},"featured_media":3591,"template":"","meta":[],"product_brand":[],"product_cat":[59],"product_tag":[],"class_list":{"0":"post-1138","1":"product","2":"type-product","3":"status-publish","4":"has-post-thumbnail","6":"product_cat-triturado","8":"first","9":"instock","10":"shipping-taxable","11":"product-type-simple"},"_links":{"self":[{"href":"https:\/\/www.dantza.com\/fr\/wp-json\/wp\/v2\/product\/1138","targetHints":{"allow":["GET"]}}],"collection":[{"href":"https:\/\/www.dantza.com\/fr\/wp-json\/wp\/v2\/product"}],"about":[{"href":"https:\/\/www.dantza.com\/fr\/wp-json\/wp\/v2\/types\/product"}],"wp:featuredmedia":[{"embeddable":true,"href":"https:\/\/www.dantza.com\/fr\/wp-json\/wp\/v2\/media\/3591"}],"wp:attachment":[{"href":"https:\/\/www.dantza.com\/fr\/wp-json\/wp\/v2\/media?parent=1138"}],"wp:term":[{"taxonomy":"product_brand","embeddable":true,"href":"https:\/\/www.dantza.com\/fr\/wp-json\/wp\/v2\/product_brand?post=1138"},{"taxonomy":"product_cat","embeddable":true,"href":"https:\/\/www.dantza.com\/fr\/wp-json\/wp\/v2\/product_cat?post=1138"},{"taxonomy":"product_tag","embeddable":true,"href":"https:\/\/www.dantza.com\/fr\/wp-json\/wp\/v2\/product_tag?post=1138"}],"curies":[{"name":"wp","href":"https:\/\/api.w.org\/{rel}","templated":true}]}}