{"id":1139,"date":"2023-05-06T10:26:06","date_gmt":"2023-05-06T10:26:06","guid":{"rendered":"https:\/\/new.dantza.com\/?post_type=product&#038;p=1139"},"modified":"2025-12-18T06:53:36","modified_gmt":"2025-12-18T06:53:36","slug":"tomate-troceado","status":"publish","type":"product","link":"https:\/\/www.dantza.com\/fr\/produit\/tomate-troceado\/","title":{"rendered":"Tomate en cubes"},"content":{"rendered":"<p data-start=\"548\" data-end=\"782\">Nuestro <strong data-start=\"556\" data-end=\"575\">tomate troceado<\/strong> est\u00e1 elaborado a partir de <strong data-start=\"603\" data-end=\"651\">tomates maduros cuidadosamente seleccionados<\/strong>, cortados en <strong data-start=\"665\" data-end=\"685\">trozos uniformes<\/strong> y conservados de forma natural para mantener su <strong data-start=\"734\" data-end=\"781\">sabor fresco, color intenso y textura firme<\/strong>.<\/p>\n<p data-start=\"784\" data-end=\"1022\">El <strong data-start=\"787\" data-end=\"818\">tomate troceado en conserva<\/strong> es ideal para recetas en las que se desea apreciar el <strong data-start=\"873\" data-end=\"892\">trozo de tomate<\/strong>, aportando cuerpo y textura al plato. Es una base perfecta para guisos, arroces, sofritos, salsas caseras y platos tradicionales.<\/p>\n<p data-start=\"1024\" data-end=\"1174\">Gracias a su formato, el tomate troceado Dantza permite una <strong data-start=\"1084\" data-end=\"1106\">cocci\u00f3n controlada<\/strong>, conservando mejor la estructura del tomate durante la preparaci\u00f3n.<\/p>\n<h4 data-start=\"1176\" data-end=\"1208\">Caracter\u00edsticas principales<\/h4>\n<ul data-start=\"1209\" data-end=\"1391\">\n<li data-start=\"1209\" data-end=\"1238\">\n<p data-start=\"1211\" data-end=\"1238\"><strong data-start=\"1211\" data-end=\"1238\">Tomate troceado natural<\/strong><\/p>\n<\/li>\n<li data-start=\"1239\" data-end=\"1277\">\n<p data-start=\"1241\" data-end=\"1277\">Tomates cortados en trozos uniformes<\/p>\n<\/li>\n<li data-start=\"1278\" data-end=\"1307\">\n<p data-start=\"1280\" data-end=\"1307\">Textura firme y consistente<\/p>\n<\/li>\n<li data-start=\"1308\" data-end=\"1332\">\n<p data-start=\"1310\" data-end=\"1332\">Sabor fresco y natural<\/p>\n<\/li>\n<li data-start=\"1333\" data-end=\"1353\">\n<p data-start=\"1335\" data-end=\"1353\">Sin cocci\u00f3n previa<\/p>\n<\/li>\n<li data-start=\"1354\" data-end=\"1391\">\n<p data-start=\"1356\" data-end=\"1391\">Ideal para guisos, arroces y salsas<\/p>\n<\/li>\n<\/ul>\n<h4 data-start=\"1467\" data-end=\"1486\">Modo de empleo<\/h4>\n<p data-start=\"1487\" data-end=\"1646\">Producto listo para usar. Perfecto para sofritos, guisos, arroces, pastas, pizzas y recetas donde se busca mantener el trozo de tomate visible tras la cocci\u00f3n.<\/p>\n<h4 data-start=\"1648\" data-end=\"1665\">Conservaci\u00f3n<\/h4>\n<p data-start=\"1666\" data-end=\"1767\">Conservar en lugar fresco y seco. Una vez abierto, mantener refrigerado y consumir antes de 3\u20135 d\u00edas.<\/p>","protected":false},"excerpt":{"rendered":"<h5>Tomate en cubes (5Kg, 3 Kg, 1 Kg, 1\/2 Kg)<\/h5>\n<p><strong>Tomates 100 % naturelles<\/strong><br \/>\n\u00cdntegramente producido por los agricultores socios y en cuya elaboraci\u00f3n se combina perfectamente la tradici\u00f3n y la tecnolog\u00eda m\u00e1s moderna. Un producto 100% natural de sabor excepcional y disponible en una amplia variedad de gama: tomate entero pelado, triturado, troceado y frito.<\/p>","protected":false},"featured_media":3474,"template":"","meta":[],"product_brand":[],"product_cat":[60],"product_tag":[],"class_list":{"0":"post-1139","1":"product","2":"type-product","3":"status-publish","4":"has-post-thumbnail","6":"product_cat-troceado","8":"first","9":"instock","10":"shipping-taxable","11":"product-type-simple"},"_links":{"self":[{"href":"https:\/\/www.dantza.com\/fr\/wp-json\/wp\/v2\/product\/1139","targetHints":{"allow":["GET"]}}],"collection":[{"href":"https:\/\/www.dantza.com\/fr\/wp-json\/wp\/v2\/product"}],"about":[{"href":"https:\/\/www.dantza.com\/fr\/wp-json\/wp\/v2\/types\/product"}],"wp:featuredmedia":[{"embeddable":true,"href":"https:\/\/www.dantza.com\/fr\/wp-json\/wp\/v2\/media\/3474"}],"wp:attachment":[{"href":"https:\/\/www.dantza.com\/fr\/wp-json\/wp\/v2\/media?parent=1139"}],"wp:term":[{"taxonomy":"product_brand","embeddable":true,"href":"https:\/\/www.dantza.com\/fr\/wp-json\/wp\/v2\/product_brand?post=1139"},{"taxonomy":"product_cat","embeddable":true,"href":"https:\/\/www.dantza.com\/fr\/wp-json\/wp\/v2\/product_cat?post=1139"},{"taxonomy":"product_tag","embeddable":true,"href":"https:\/\/www.dantza.com\/fr\/wp-json\/wp\/v2\/product_tag?post=1139"}],"curies":[{"name":"wp","href":"https:\/\/api.w.org\/{rel}","templated":true}]}}