{"id":1144,"date":"2023-05-06T10:26:06","date_gmt":"2023-05-06T10:26:06","guid":{"rendered":"https:\/\/new.dantza.com\/?post_type=product&#038;p=1144"},"modified":"2025-12-18T07:03:53","modified_gmt":"2025-12-18T07:03:53","slug":"ratatouille-pisto","status":"publish","type":"product","link":"https:\/\/www.dantza.com\/fr\/produit\/ratatouille-pisto\/","title":{"rendered":"Ratatouille"},"content":{"rendered":"<p data-start=\"683\" data-end=\"892\">Nuestro <strong data-start=\"691\" data-end=\"712\">ratatouille pisto<\/strong> es un <strong data-start=\"719\" data-end=\"784\">plato vegetal elaborado con una cuidada selecci\u00f3n de verduras<\/strong>, cocinadas lentamente para conseguir una <strong data-start=\"826\" data-end=\"891\">mezcla equilibrada de sabores, textura melosa y aroma natural<\/strong>.<\/p>\n<p data-start=\"894\" data-end=\"1114\">Inspirado en la <strong data-start=\"910\" data-end=\"937\">ratatouille tradicional<\/strong> y en el <strong data-start=\"946\" data-end=\"967\">pisto de verduras<\/strong>, este producto combina lo mejor de ambos platos: verduras troceadas, cocinadas en su punto justo y listas para disfrutar de forma r\u00e1pida y c\u00f3moda.<\/p>\n<p data-start=\"1116\" data-end=\"1287\">El <strong data-start=\"1119\" data-end=\"1146\">ratatouille en conserva<\/strong> es ideal como <strong data-start=\"1161\" data-end=\"1188\">plato principal vegetal<\/strong>, guarnici\u00f3n o base para recetas, ofreciendo una opci\u00f3n saludable y vers\u00e1til para la cocina diaria.<\/p>\n<h4 data-start=\"1289\" data-end=\"1316\">Verduras seleccionadas<\/h4>\n<p data-start=\"1317\" data-end=\"1345\">Seg\u00fan receta, puede incluir:<\/p>\n<ul data-start=\"1346\" data-end=\"1409\">\n<li data-start=\"1346\" data-end=\"1356\">\n<p data-start=\"1348\" data-end=\"1356\">Tomates<\/p>\n<\/li>\n<li data-start=\"1357\" data-end=\"1370\">\n<p data-start=\"1359\" data-end=\"1370\">Calabac\u00edn<\/p>\n<\/li>\n<li data-start=\"1371\" data-end=\"1384\">\n<p data-start=\"1373\" data-end=\"1384\">Berenjena<\/p>\n<\/li>\n<li data-start=\"1385\" data-end=\"1397\">\n<p data-start=\"1387\" data-end=\"1397\">Pimiento<\/p>\n<\/li>\n<li data-start=\"1398\" data-end=\"1409\">\n<p data-start=\"1400\" data-end=\"1409\">Cebolla<\/p>\n<\/li>\n<\/ul>\n<h4 data-start=\"1411\" data-end=\"1443\">Caracter\u00edsticas principales<\/h4>\n<ul data-start=\"1444\" data-end=\"1650\">\n<li data-start=\"1444\" data-end=\"1481\">\n<p data-start=\"1446\" data-end=\"1481\"><strong data-start=\"1446\" data-end=\"1481\">Ratatouille \/ pisto de verduras<\/strong><\/p>\n<\/li>\n<li data-start=\"1482\" data-end=\"1517\">\n<p data-start=\"1484\" data-end=\"1517\">Plato vegetal listo para consumir<\/p>\n<\/li>\n<li data-start=\"1518\" data-end=\"1549\">\n<p data-start=\"1520\" data-end=\"1549\">Verduras cocinadas lentamente<\/p>\n<\/li>\n<li data-start=\"1550\" data-end=\"1574\">\n<p data-start=\"1552\" data-end=\"1574\">Textura suave y melosa<\/p>\n<\/li>\n<li data-start=\"1575\" data-end=\"1604\">\n<p data-start=\"1577\" data-end=\"1604\">Sabor equilibrado y natural<\/p>\n<\/li>\n<li data-start=\"1605\" data-end=\"1650\">\n<p data-start=\"1607\" data-end=\"1650\">Ideal como plato principal o acompa\u00f1amiento<\/p>\n<\/li>\n<\/ul>\n<h4 data-start=\"1759\" data-end=\"1778\">Modo de empleo<\/h4>\n<p data-start=\"1779\" data-end=\"1972\">Producto listo para consumir. Puede calentarse y servirse directamente, utilizarse como guarnici\u00f3n, acompa\u00f1ar carnes y pescados o emplearse como base para huevos, arroces y platos vegetarianos.<\/p>\n<h4 data-start=\"1974\" data-end=\"1991\">Conservaci\u00f3n<\/h4>\n<p data-start=\"1992\" data-end=\"2093\">Conservar en lugar fresco y seco. Una vez abierto, mantener refrigerado y consumir antes de 48 horas.<\/p>","protected":false},"excerpt":{"rendered":"<h5>Ratatouille<\/h5>\n<p><strong>Sauces<\/strong><br \/>\nUne vari\u00e9t\u00e9 compl\u00e8te de d\u00e9licieuses sauces naturelles \u00e0 base de tomates d\u2019une qualit\u00e9 optimale pour une cuisine saine et savoureuse.<\/p>","protected":false},"featured_media":3083,"template":"","meta":[],"product_brand":[],"product_cat":[63],"product_tag":[],"class_list":{"0":"post-1144","1":"product","2":"type-product","3":"status-publish","4":"has-post-thumbnail","6":"product_cat-tradicionales","8":"first","9":"instock","10":"shipping-taxable","11":"product-type-simple"},"_links":{"self":[{"href":"https:\/\/www.dantza.com\/fr\/wp-json\/wp\/v2\/product\/1144","targetHints":{"allow":["GET"]}}],"collection":[{"href":"https:\/\/www.dantza.com\/fr\/wp-json\/wp\/v2\/product"}],"about":[{"href":"https:\/\/www.dantza.com\/fr\/wp-json\/wp\/v2\/types\/product"}],"wp:featuredmedia":[{"embeddable":true,"href":"https:\/\/www.dantza.com\/fr\/wp-json\/wp\/v2\/media\/3083"}],"wp:attachment":[{"href":"https:\/\/www.dantza.com\/fr\/wp-json\/wp\/v2\/media?parent=1144"}],"wp:term":[{"taxonomy":"product_brand","embeddable":true,"href":"https:\/\/www.dantza.com\/fr\/wp-json\/wp\/v2\/product_brand?post=1144"},{"taxonomy":"product_cat","embeddable":true,"href":"https:\/\/www.dantza.com\/fr\/wp-json\/wp\/v2\/product_cat?post=1144"},{"taxonomy":"product_tag","embeddable":true,"href":"https:\/\/www.dantza.com\/fr\/wp-json\/wp\/v2\/product_tag?post=1144"}],"curies":[{"name":"wp","href":"https:\/\/api.w.org\/{rel}","templated":true}]}}