{"id":1147,"date":"2023-05-06T10:26:06","date_gmt":"2023-05-06T10:26:06","guid":{"rendered":"https:\/\/new.dantza.com\/?post_type=product&#038;p=1147"},"modified":"2025-12-18T06:49:17","modified_gmt":"2025-12-18T06:49:17","slug":"piquillo-pandereta","status":"publish","type":"product","link":"https:\/\/www.dantza.com\/fr\/produit\/piquillo-pandereta\/","title":{"rendered":"Piquillo Pandereta"},"content":{"rendered":"<p data-start=\"643\" data-end=\"912\">Nuestro <strong data-start=\"651\" data-end=\"673\">piquillo pandereta<\/strong> est\u00e1 elaborado con <a href=\"https:\/\/www.dantza.com\/fr\/productos\/pimiento-de-piquillo\/\"><strong data-start=\"693\" data-end=\"748\">pimientos del piquillo cuidadosamente seleccionados<\/strong><\/a>, presentados en <strong data-start=\"765\" data-end=\"786\">formato pandereta<\/strong>, un envase plano y amplio que permite disponer los pimientos de forma ordenada, evitando roturas y mejorando la presentaci\u00f3n.<\/p>\n<p data-start=\"914\" data-end=\"1151\">El <strong data-start=\"917\" data-end=\"938\">formato pandereta<\/strong> es especialmente apreciado en <strong data-start=\"969\" data-end=\"1021\">hosteler\u00eda, restauraci\u00f3n y servicios de catering<\/strong>, ya que facilita el manejo del producto, conserva mejor la forma del piquillo y permite una presentaci\u00f3n m\u00e1s cuidada en el plato.<\/p>\n<p data-start=\"1153\" data-end=\"1371\">Los pimientos del piquillo se elaboran de forma tradicional para mantener su <strong data-start=\"1230\" data-end=\"1303\">color rojo intenso, textura carnosa y sabor suave y ligeramente dulce<\/strong>, convirti\u00e9ndolos en un ingrediente vers\u00e1til para m\u00faltiples recetas.<\/p>\n<h4 data-start=\"1373\" data-end=\"1405\">Caracter\u00edsticas principales<\/h4>\n<ul data-start=\"1406\" data-end=\"1622\">\n<li data-start=\"1406\" data-end=\"1441\">\n<p data-start=\"1408\" data-end=\"1441\"><strong data-start=\"1408\" data-end=\"1441\">Piquillo en formato pandereta<\/strong><\/p>\n<\/li>\n<li data-start=\"1442\" data-end=\"1493\">\n<p data-start=\"1444\" data-end=\"1493\">Pimientos del piquillo enteros y bien presentados<\/p>\n<\/li>\n<li data-start=\"1494\" data-end=\"1522\">\n<p data-start=\"1496\" data-end=\"1522\">Textura carnosa y uniforme<\/p>\n<\/li>\n<li data-start=\"1523\" data-end=\"1550\">\n<p data-start=\"1525\" data-end=\"1550\">Sabor dulce y equilibrado<\/p>\n<\/li>\n<li data-start=\"1551\" data-end=\"1583\">\n<p data-start=\"1553\" data-end=\"1583\">Envase plano que evita roturas<\/p>\n<\/li>\n<li data-start=\"1584\" data-end=\"1622\">\n<p data-start=\"1586\" data-end=\"1622\">Ideal para hosteler\u00eda y restauraci\u00f3n<\/p>\n<\/li>\n<\/ul>\n<h4 data-start=\"1624\" data-end=\"1641\">Ingredients<\/h4>\n<p data-start=\"1642\" data-end=\"1676\">Pimiento del piquillo, agua y sal.<\/p>\n<h4 data-start=\"1678\" data-end=\"1697\">Modo de empleo<\/h4>\n<p data-start=\"1698\" data-end=\"1884\">Producto listo para consumir. Perfecto para servir en fr\u00edo con aceite de oliva, utilizar en rellenos, pintxos, ensaladas, guarniciones o platos preparados donde la presentaci\u00f3n es clave.<\/p>\n<h4 data-start=\"1886\" data-end=\"1903\">Conservaci\u00f3n<\/h4>\n<p data-start=\"1904\" data-end=\"2005\">Conservar en lugar fresco y seco. Una vez abierto, mantener refrigerado y consumir antes de 48 horas.<\/p>","protected":false},"excerpt":{"rendered":"<h5>Piquillo Pandereta<\/h5>\n<p><strong>Sp\u00e9cial Foodservice<\/strong><br \/>\nLes meilleurs produits de notre potager directement dans votre \u00e9tablissement. Les produits de toujours dans des formats sp\u00e9ciaux.<\/p>","protected":false},"featured_media":3467,"template":"","meta":[],"product_brand":[],"product_cat":[67],"product_tag":[],"class_list":{"0":"post-1147","1":"product","2":"type-product","3":"status-publish","4":"has-post-thumbnail","6":"product_cat-piquillo","8":"first","9":"instock","10":"shipping-taxable","11":"product-type-simple"},"_links":{"self":[{"href":"https:\/\/www.dantza.com\/fr\/wp-json\/wp\/v2\/product\/1147","targetHints":{"allow":["GET"]}}],"collection":[{"href":"https:\/\/www.dantza.com\/fr\/wp-json\/wp\/v2\/product"}],"about":[{"href":"https:\/\/www.dantza.com\/fr\/wp-json\/wp\/v2\/types\/product"}],"wp:featuredmedia":[{"embeddable":true,"href":"https:\/\/www.dantza.com\/fr\/wp-json\/wp\/v2\/media\/3467"}],"wp:attachment":[{"href":"https:\/\/www.dantza.com\/fr\/wp-json\/wp\/v2\/media?parent=1147"}],"wp:term":[{"taxonomy":"product_brand","embeddable":true,"href":"https:\/\/www.dantza.com\/fr\/wp-json\/wp\/v2\/product_brand?post=1147"},{"taxonomy":"product_cat","embeddable":true,"href":"https:\/\/www.dantza.com\/fr\/wp-json\/wp\/v2\/product_cat?post=1147"},{"taxonomy":"product_tag","embeddable":true,"href":"https:\/\/www.dantza.com\/fr\/wp-json\/wp\/v2\/product_tag?post=1147"}],"curies":[{"name":"wp","href":"https:\/\/api.w.org\/{rel}","templated":true}]}}