{"id":1149,"date":"2023-05-06T10:26:07","date_gmt":"2023-05-06T10:26:07","guid":{"rendered":"https:\/\/new.dantza.com\/?post_type=product&#038;p=1149"},"modified":"2025-11-24T12:22:27","modified_gmt":"2025-11-24T12:22:27","slug":"esparrago-igp-navarra-frasco-5-8","status":"publish","type":"product","link":"https:\/\/www.dantza.com\/fr\/produit\/esparrago-igp-navarra-frasco-5-8\/","title":{"rendered":"Asperge DO Navarre Pot 5\/8"},"content":{"rendered":"","protected":false},"excerpt":{"rendered":"<p style=\"text-align: right;\"><a>RETOUR<\/a><\/p>\n<h5>Esp\u00e1rrago DO Navarra Frasco 5\/8 Frutos Extra grueso<\/h5>\n<p class=\"translation-block\"><strong>Serie Oro: une s\u00e9lection tri\u00e9e sur le volet<\/strong><br>\nLa gamme Serie Oro de Dantza a \u00e9t\u00e9 cr\u00e9\u00e9e pour se surpasser en termes de qualit\u00e9 et pour satisfaire les exigences des palais les plus raffin\u00e9s. Il s\u2019agit de produits d\u2019origine certifi\u00e9e, s\u00e9lectionn\u00e9s au d\u00e9tail, prot\u00e9g\u00e9s par les conseils de r\u00e9gulation et cultiv\u00e9s par des agriculteurs du groupe.<br>\nAsperges de Navarre, artichauts de Tudela, piquillos de Lodosa et autres r\u00e9f\u00e9rences d\u2019exception, telles que les p\u00eaches ou l\u2019huile d\u2019olive vierge extra.<\/p>","protected":false},"featured_media":3044,"template":"","meta":[],"product_brand":[],"product_cat":[69,68],"product_tag":[],"class_list":{"0":"post-1149","1":"product","2":"type-product","3":"status-publish","4":"has-post-thumbnail","6":"product_cat-esparrago-igp-navarra-extra","7":"product_cat-serie-oro","9":"first","10":"instock","11":"shipping-taxable","12":"product-type-simple"},"_links":{"self":[{"href":"https:\/\/www.dantza.com\/fr\/wp-json\/wp\/v2\/product\/1149","targetHints":{"allow":["GET"]}}],"collection":[{"href":"https:\/\/www.dantza.com\/fr\/wp-json\/wp\/v2\/product"}],"about":[{"href":"https:\/\/www.dantza.com\/fr\/wp-json\/wp\/v2\/types\/product"}],"wp:featuredmedia":[{"embeddable":true,"href":"https:\/\/www.dantza.com\/fr\/wp-json\/wp\/v2\/media\/3044"}],"wp:attachment":[{"href":"https:\/\/www.dantza.com\/fr\/wp-json\/wp\/v2\/media?parent=1149"}],"wp:term":[{"taxonomy":"product_brand","embeddable":true,"href":"https:\/\/www.dantza.com\/fr\/wp-json\/wp\/v2\/product_brand?post=1149"},{"taxonomy":"product_cat","embeddable":true,"href":"https:\/\/www.dantza.com\/fr\/wp-json\/wp\/v2\/product_cat?post=1149"},{"taxonomy":"product_tag","embeddable":true,"href":"https:\/\/www.dantza.com\/fr\/wp-json\/wp\/v2\/product_tag?post=1149"}],"curies":[{"name":"wp","href":"https:\/\/api.w.org\/{rel}","templated":true}]}}