{"id":1150,"date":"2023-05-06T10:26:07","date_gmt":"2023-05-06T10:26:07","guid":{"rendered":"https:\/\/new.dantza.com\/?post_type=product&#038;p=1150"},"modified":"2025-12-18T06:12:45","modified_gmt":"2025-12-18T06:12:45","slug":"esparrago-igp-navarra-frasco-8-10","status":"publish","type":"product","link":"https:\/\/www.dantza.com\/fr\/produit\/esparrago-igp-navarra-frasco-8-10\/","title":{"rendered":"Asperge DO Navarre Pot 8\/10"},"content":{"rendered":"<p data-start=\"656\" data-end=\"970\">Nuestro <strong data-start=\"664\" data-end=\"699\">Esp\u00e1rrago IGP Navarra en frasco<\/strong> con <strong data-start=\"704\" data-end=\"720\">calibre 8\u201310<\/strong> est\u00e1 amparado por la <strong data-start=\"742\" data-end=\"785\">Indicaci\u00f3n Geogr\u00e1fica Protegida Navarra<\/strong>, sello que garantiza su <strong data-start=\"810\" data-end=\"865\">origen, calidad y m\u00e9todo de elaboraci\u00f3n tradicional<\/strong>. Procede exclusivamente de huertas navarras y se somete a los controles del Consejo Regulador de la IGP.<\/p>\n<p data-start=\"972\" data-end=\"1295\">Estos <strong data-start=\"978\" data-end=\"1028\"><a href=\"https:\/\/www.dantza.com\/fr\/productos\/esparrago-do-navarra-extra\/\">esp\u00e1rragos blancos de Navarra IGP<\/a> calibre 8\u201310<\/strong> corresponden a <strong data-start=\"1044\" data-end=\"1070\">piezas de mayor grosor<\/strong>, muy valoradas por su <strong data-start=\"1093\" data-end=\"1148\">textura tierna, carnosidad y excelente presentaci\u00f3n<\/strong>. Se recolectan manualmente, se pelan con cuidado y se envasan en <strong data-start=\"1214\" data-end=\"1235\">frasco de cristal<\/strong>, permitiendo apreciar visualmente su calidad y uniformidad.<\/p>\n<p data-start=\"1297\" data-end=\"1466\">Este formato es ideal para <strong data-start=\"1324\" data-end=\"1394\">consumo gourmet, restauraci\u00f3n de alto nivel y ocasiones especiales<\/strong>, donde el calibre y la presentaci\u00f3n del esp\u00e1rrago marcan la diferencia.<\/p>\n<h4 data-start=\"1468\" data-end=\"1500\">Caracter\u00edsticas principales<\/h4>\n<ul data-start=\"1501\" data-end=\"1708\">\n<li data-start=\"1501\" data-end=\"1532\">\n<p data-start=\"1503\" data-end=\"1532\"><strong data-start=\"1503\" data-end=\"1532\">Esp\u00e1rrago con IGP Navarra<\/strong><\/p>\n<\/li>\n<li data-start=\"1533\" data-end=\"1570\">\n<p data-start=\"1535\" data-end=\"1570\">Calibre <strong data-start=\"1543\" data-end=\"1551\">8\u201310<\/strong> (esp\u00e1rrago grueso)<\/p>\n<\/li>\n<li data-start=\"1571\" data-end=\"1605\">\n<p data-start=\"1573\" data-end=\"1605\">Esp\u00e1rrago blanco de alta calidad<\/p>\n<\/li>\n<li data-start=\"1606\" data-end=\"1637\">\n<p data-start=\"1608\" data-end=\"1637\">Envasado en frasco de cristal<\/p>\n<\/li>\n<li data-start=\"1638\" data-end=\"1658\">\n<p data-start=\"1640\" data-end=\"1658\">Recolecci\u00f3n manual<\/p>\n<\/li>\n<li data-start=\"1659\" data-end=\"1685\">\n<p data-start=\"1661\" data-end=\"1685\">Textura tierna y carnosa<\/p>\n<\/li>\n<li data-start=\"1686\" data-end=\"1708\">\n<p data-start=\"1688\" data-end=\"1708\">Presentaci\u00f3n gourmet<\/p>\n<\/li>\n<\/ul>\n<h4 data-start=\"1710\" data-end=\"1727\">Ingredients<\/h4>\n<p data-start=\"1728\" data-end=\"1774\">Esp\u00e1rrago blanco de Navarra (IGP), agua y sal.<\/p>\n<h4 data-start=\"1776\" data-end=\"1795\">Modo de empleo<\/h4>\n<p data-start=\"1796\" data-end=\"1960\">Producto listo para consumir. Perfecto para servir en fr\u00edo como entrante premium, acompa\u00f1ado de aceite de oliva virgen extra, mayonesa suave o vinagretas delicadas.<\/p>\n<h4 data-start=\"1962\" data-end=\"1979\">Conservaci\u00f3n<\/h4>\n<p data-start=\"1980\" data-end=\"2081\">Conservar en lugar fresco y seco. Una vez abierto, mantener refrigerado y consumir antes de 48 horas.<\/p>","protected":false},"excerpt":{"rendered":"<h5>Esp\u00e1rrago DO Navarra Frasco 8\/10 frutos Muy gruesos<\/h5>\n<p class=\"translation-block\"><strong>Serie Oro: une s\u00e9lection tri\u00e9e sur le volet<\/strong><br>\nLa gamme Serie Oro de Dantza a \u00e9t\u00e9 cr\u00e9\u00e9e pour se surpasser en termes de qualit\u00e9 et pour satisfaire les exigences des palais les plus raffin\u00e9s. Il s\u2019agit de produits d\u2019origine certifi\u00e9e, s\u00e9lectionn\u00e9s au d\u00e9tail, prot\u00e9g\u00e9s par les conseils de r\u00e9gulation et cultiv\u00e9s par des agriculteurs du groupe.<br>\nAsperges de Navarre, artichauts de Tudela, piquillos de Lodosa et autres r\u00e9f\u00e9rences d\u2019exception, telles que les p\u00eaches ou l\u2019huile d\u2019olive vierge extra.<\/p>","protected":false},"featured_media":3527,"template":"","meta":[],"product_brand":[],"product_cat":[69,68],"product_tag":[],"class_list":{"0":"post-1150","1":"product","2":"type-product","3":"status-publish","4":"has-post-thumbnail","6":"product_cat-esparrago-igp-navarra-extra","7":"product_cat-serie-oro","9":"first","10":"instock","11":"shipping-taxable","12":"product-type-simple"},"_links":{"self":[{"href":"https:\/\/www.dantza.com\/fr\/wp-json\/wp\/v2\/product\/1150","targetHints":{"allow":["GET"]}}],"collection":[{"href":"https:\/\/www.dantza.com\/fr\/wp-json\/wp\/v2\/product"}],"about":[{"href":"https:\/\/www.dantza.com\/fr\/wp-json\/wp\/v2\/types\/product"}],"wp:featuredmedia":[{"embeddable":true,"href":"https:\/\/www.dantza.com\/fr\/wp-json\/wp\/v2\/media\/3527"}],"wp:attachment":[{"href":"https:\/\/www.dantza.com\/fr\/wp-json\/wp\/v2\/media?parent=1150"}],"wp:term":[{"taxonomy":"product_brand","embeddable":true,"href":"https:\/\/www.dantza.com\/fr\/wp-json\/wp\/v2\/product_brand?post=1150"},{"taxonomy":"product_cat","embeddable":true,"href":"https:\/\/www.dantza.com\/fr\/wp-json\/wp\/v2\/product_cat?post=1150"},{"taxonomy":"product_tag","embeddable":true,"href":"https:\/\/www.dantza.com\/fr\/wp-json\/wp\/v2\/product_tag?post=1150"}],"curies":[{"name":"wp","href":"https:\/\/api.w.org\/{rel}","templated":true}]}}