{"id":1153,"date":"2023-05-06T10:26:07","date_gmt":"2023-05-06T10:26:07","guid":{"rendered":"https:\/\/new.dantza.com\/?post_type=product&#038;p=1153"},"modified":"2025-12-18T06:21:46","modified_gmt":"2025-12-18T06:21:46","slug":"piquillo-do-lodosa-frasco-b-250","status":"publish","type":"product","link":"https:\/\/www.dantza.com\/fr\/produit\/piquillo-do-lodosa-frasco-b-250\/","title":{"rendered":"Piquillo DO Lodosa Pot B-250"},"content":{"rendered":"<p data-start=\"633\" data-end=\"931\">Nuestro <strong data-start=\"641\" data-end=\"675\">Piquillo D.O. Lodosa en frasco<\/strong> est\u00e1 amparado por la <strong data-start=\"697\" data-end=\"740\">Denominaci\u00f3n de Origen Protegida Lodosa<\/strong>, garant\u00eda de origen, calidad y elaboraci\u00f3n tradicional. Se cultiva exclusivamente en el entorno de la localidad navarra de Lodosa y se somete a los estrictos controles del Consejo Regulador.<\/p>\n<p data-start=\"933\" data-end=\"1259\">Estos <a href=\"https:\/\/www.dantza.com\/fr\/productos\/pimiento-de-piquillo\/\"><strong data-start=\"939\" data-end=\"980\">pimientos del piquillo de Lodosa D.O.<\/strong><\/a> se recolectan manualmente en su punto \u00f3ptimo de maduraci\u00f3n, se asan con llama directa y se pelan uno a uno sin agua para conservar intacto su sabor. Se envasan en <strong data-start=\"1144\" data-end=\"1165\">frasco de cristal<\/strong>, lo que permite apreciar su <strong data-start=\"1194\" data-end=\"1258\">color rojo intenso, textura carnosa y excelente presentaci\u00f3n<\/strong>.<\/p>\n<p data-start=\"1261\" data-end=\"1452\">El <strong data-start=\"1264\" data-end=\"1288\">formato frasco B-250<\/strong> es ideal para <strong data-start=\"1303\" data-end=\"1381\">consumo dom\u00e9stico exigente, restauraci\u00f3n gourmet y presentaciones cuidadas<\/strong>, donde se valora tanto la calidad del producto como su aspecto visual.<\/p>\n<h4 data-start=\"1454\" data-end=\"1486\">Caracter\u00edsticas principales<\/h4>\n<ul data-start=\"1487\" data-end=\"1727\">\n<li data-start=\"1487\" data-end=\"1535\">\n<p data-start=\"1489\" data-end=\"1535\"><strong data-start=\"1489\" data-end=\"1535\">Piquillo con Denominaci\u00f3n de Origen Lodosa<\/strong><\/p>\n<\/li>\n<li data-start=\"1536\" data-end=\"1586\">\n<p data-start=\"1538\" data-end=\"1586\">Pimiento del piquillo asado de forma tradicional<\/p>\n<\/li>\n<li data-start=\"1587\" data-end=\"1614\">\n<p data-start=\"1589\" data-end=\"1614\">Pelado artesanal sin agua<\/p>\n<\/li>\n<li data-start=\"1615\" data-end=\"1640\">\n<p data-start=\"1617\" data-end=\"1640\">Textura carnosa y suave<\/p>\n<\/li>\n<li data-start=\"1641\" data-end=\"1679\">\n<p data-start=\"1643\" data-end=\"1679\">Sabor dulce con ligero toque ahumado<\/p>\n<\/li>\n<li data-start=\"1680\" data-end=\"1711\">\n<p data-start=\"1682\" data-end=\"1711\">Envasado en frasco de cristal<\/p>\n<\/li>\n<li data-start=\"1712\" data-end=\"1727\">\n<p data-start=\"1714\" data-end=\"1727\">Formato B-250<\/p>\n<\/li>\n<\/ul>\n<h4 data-start=\"1729\" data-end=\"1746\">Ingredients<\/h4>\n<p data-start=\"1747\" data-end=\"1798\">Pimiento del piquillo de Lodosa (D.O.), agua y sal.<\/p>\n<h4 data-start=\"1800\" data-end=\"1819\">Modo de empleo<\/h4>\n<p data-start=\"1820\" data-end=\"1973\">Producto listo para consumir. Perfecto para servir en fr\u00edo con aceite de oliva, como entrante, para rellenos, ensaladas, pintxos o platos de alta cocina.<\/p>\n<h4 data-start=\"1975\" data-end=\"1992\">Conservaci\u00f3n<\/h4>\n<p data-start=\"1993\" data-end=\"2094\">Conservar en lugar fresco y seco. Una vez abierto, mantener refrigerado y consumir antes de 48 horas.<\/p>","protected":false},"excerpt":{"rendered":"<h5>Piquillo DO Lodosa Pot B-250<\/h5>\n<p class=\"translation-block\"><strong>Serie Oro: une s\u00e9lection tri\u00e9e sur le volet<\/strong><br>\nLa gamme Serie Oro de Dantza a \u00e9t\u00e9 cr\u00e9\u00e9e pour se surpasser en termes de qualit\u00e9 et pour satisfaire les exigences des palais les plus raffin\u00e9s. Il s\u2019agit de produits d\u2019origine certifi\u00e9e, s\u00e9lectionn\u00e9s au d\u00e9tail, prot\u00e9g\u00e9s par les conseils de r\u00e9gulation et cultiv\u00e9s par des agriculteurs du groupe.<br>\nAsperges de Navarre, artichauts de Tudela, piquillos de Lodosa et autres r\u00e9f\u00e9rences d\u2019exception, telles que les p\u00eaches ou l\u2019huile d\u2019olive vierge extra.<\/p>","protected":false},"featured_media":3535,"template":"","meta":[],"product_brand":[],"product_cat":[70,68],"product_tag":[],"class_list":{"0":"post-1153","1":"product","2":"type-product","3":"status-publish","4":"has-post-thumbnail","6":"product_cat-piquillo-do-lodosa-extra","7":"product_cat-serie-oro","9":"first","10":"instock","11":"shipping-taxable","12":"product-type-simple"},"_links":{"self":[{"href":"https:\/\/www.dantza.com\/fr\/wp-json\/wp\/v2\/product\/1153","targetHints":{"allow":["GET"]}}],"collection":[{"href":"https:\/\/www.dantza.com\/fr\/wp-json\/wp\/v2\/product"}],"about":[{"href":"https:\/\/www.dantza.com\/fr\/wp-json\/wp\/v2\/types\/product"}],"wp:featuredmedia":[{"embeddable":true,"href":"https:\/\/www.dantza.com\/fr\/wp-json\/wp\/v2\/media\/3535"}],"wp:attachment":[{"href":"https:\/\/www.dantza.com\/fr\/wp-json\/wp\/v2\/media?parent=1153"}],"wp:term":[{"taxonomy":"product_brand","embeddable":true,"href":"https:\/\/www.dantza.com\/fr\/wp-json\/wp\/v2\/product_brand?post=1153"},{"taxonomy":"product_cat","embeddable":true,"href":"https:\/\/www.dantza.com\/fr\/wp-json\/wp\/v2\/product_cat?post=1153"},{"taxonomy":"product_tag","embeddable":true,"href":"https:\/\/www.dantza.com\/fr\/wp-json\/wp\/v2\/product_tag?post=1153"}],"curies":[{"name":"wp","href":"https:\/\/api.w.org\/{rel}","templated":true}]}}