{"id":1154,"date":"2023-05-06T10:26:07","date_gmt":"2023-05-06T10:26:07","guid":{"rendered":"https:\/\/new.dantza.com\/?post_type=product&#038;p=1154"},"modified":"2025-12-18T06:43:25","modified_gmt":"2025-12-18T06:43:25","slug":"melocoton-entero","status":"publish","type":"product","link":"https:\/\/www.dantza.com\/fr\/produit\/melocoton-entero\/","title":{"rendered":"P\u00eache enti\u00e8re"},"content":{"rendered":"<p data-start=\"537\" data-end=\"771\">Nuestro <strong data-start=\"545\" data-end=\"565\">melocot\u00f3n entero<\/strong> est\u00e1 elaborado a partir de <strong data-start=\"593\" data-end=\"637\">melocotones cuidadosamente seleccionados<\/strong>, recolectados en su punto \u00f3ptimo de maduraci\u00f3n y conservados enteros para mantener su <strong data-start=\"724\" data-end=\"770\">forma natural, sabor dulce y textura firme<\/strong>.<\/p>\n<p data-start=\"773\" data-end=\"985\">El <strong data-start=\"776\" data-end=\"808\">melocot\u00f3n entero en conserva<\/strong> es ideal para <strong data-start=\"823\" data-end=\"920\">presentaciones especiales, reposter\u00eda, hosteler\u00eda y recetas donde se busca una pieza completa<\/strong>, ofreciendo una est\u00e9tica cuidada y un resultado final excelente.<\/p>\n<p data-start=\"987\" data-end=\"1111\">Se conserva en <strong data-start=\"1002\" data-end=\"1013\">alm\u00edbar<\/strong>, lo que garantiza una conservaci\u00f3n \u00f3ptima y realza el sabor natural de la fruta sin enmascararlo.<\/p>\n<h4 data-start=\"1113\" data-end=\"1145\">Caracter\u00edsticas principales<\/h4>\n<ul data-start=\"1146\" data-end=\"1335\">\n<li data-start=\"1146\" data-end=\"1180\">\n<p data-start=\"1148\" data-end=\"1180\"><strong data-start=\"1148\" data-end=\"1180\">Melocot\u00f3n entero en conserva<\/strong><\/p>\n<\/li>\n<li data-start=\"1181\" data-end=\"1217\">\n<p data-start=\"1183\" data-end=\"1217\">Fruta seleccionada de alta calidad<\/p>\n<\/li>\n<li data-start=\"1218\" data-end=\"1241\">\n<p data-start=\"1220\" data-end=\"1241\">Conservado en alm\u00edbar<\/p>\n<\/li>\n<li data-start=\"1242\" data-end=\"1266\">\n<p data-start=\"1244\" data-end=\"1266\">Textura firme y jugosa<\/p>\n<\/li>\n<li data-start=\"1267\" data-end=\"1294\">\n<p data-start=\"1269\" data-end=\"1294\">Sabor dulce y equilibrado<\/p>\n<\/li>\n<li data-start=\"1295\" data-end=\"1335\">\n<p data-start=\"1297\" data-end=\"1335\">Ideal para reposter\u00eda y presentaciones<\/p>\n<\/li>\n<\/ul>\n<h4 data-start=\"1337\" data-end=\"1354\">Ingredients<\/h4>\n<p data-start=\"1355\" data-end=\"1380\">Melocot\u00f3n, agua y az\u00facar.<\/p>\n<h4 data-start=\"1382\" data-end=\"1401\">Modo de empleo<\/h4>\n<p data-start=\"1402\" data-end=\"1554\">Producto listo para consumir. Perfecto para servir entero como postre, rellenar, utilizar en reposter\u00eda, tartas, macedonias o platos dulces y creativos.<\/p>\n<h4 data-start=\"1556\" data-end=\"1573\">Conservaci\u00f3n<\/h4>\n<p data-start=\"1574\" data-end=\"1675\">Conservar en lugar fresco y seco. Una vez abierto, mantener refrigerado y consumir antes de 48 horas.<\/p>","protected":false},"excerpt":{"rendered":"<h5>P\u00eache enti\u00e8re<\/h5>\n<p class=\"translation-block\"><strong>Serie Oro: une s\u00e9lection tri\u00e9e sur le volet<\/strong><br>\nLa gamme Serie Oro de Dantza a \u00e9t\u00e9 cr\u00e9\u00e9e pour se surpasser en termes de qualit\u00e9 et pour satisfaire les exigences des palais les plus raffin\u00e9s. Il s\u2019agit de produits d\u2019origine certifi\u00e9e, s\u00e9lectionn\u00e9s au d\u00e9tail, prot\u00e9g\u00e9s par les conseils de r\u00e9gulation et cultiv\u00e9s par des agriculteurs du groupe.<br>\nAsperges de Navarre, artichauts de Tudela, piquillos de Lodosa et autres r\u00e9f\u00e9rences d\u2019exception, telles que les p\u00eaches ou l\u2019huile d\u2019olive vierge extra.<\/p>","protected":false},"featured_media":3047,"template":"","meta":[],"product_brand":[],"product_cat":[71,48,68],"product_tag":[],"class_list":{"0":"post-1154","1":"product","2":"type-product","3":"status-publish","4":"has-post-thumbnail","6":"product_cat-fruta","7":"product_cat-frutas","8":"product_cat-serie-oro","10":"first","11":"instock","12":"shipping-taxable","13":"product-type-simple"},"_links":{"self":[{"href":"https:\/\/www.dantza.com\/fr\/wp-json\/wp\/v2\/product\/1154","targetHints":{"allow":["GET"]}}],"collection":[{"href":"https:\/\/www.dantza.com\/fr\/wp-json\/wp\/v2\/product"}],"about":[{"href":"https:\/\/www.dantza.com\/fr\/wp-json\/wp\/v2\/types\/product"}],"wp:featuredmedia":[{"embeddable":true,"href":"https:\/\/www.dantza.com\/fr\/wp-json\/wp\/v2\/media\/3047"}],"wp:attachment":[{"href":"https:\/\/www.dantza.com\/fr\/wp-json\/wp\/v2\/media?parent=1154"}],"wp:term":[{"taxonomy":"product_brand","embeddable":true,"href":"https:\/\/www.dantza.com\/fr\/wp-json\/wp\/v2\/product_brand?post=1154"},{"taxonomy":"product_cat","embeddable":true,"href":"https:\/\/www.dantza.com\/fr\/wp-json\/wp\/v2\/product_cat?post=1154"},{"taxonomy":"product_tag","embeddable":true,"href":"https:\/\/www.dantza.com\/fr\/wp-json\/wp\/v2\/product_tag?post=1154"}],"curies":[{"name":"wp","href":"https:\/\/api.w.org\/{rel}","templated":true}]}}