{"id":1159,"date":"2023-05-06T10:26:10","date_gmt":"2023-05-06T10:26:10","guid":{"rendered":"https:\/\/new.dantza.com\/?post_type=product&#038;p=1159"},"modified":"2025-12-18T09:43:53","modified_gmt":"2025-12-18T09:43:53","slug":"aceite-050-l-arbequina","status":"publish","type":"product","link":"https:\/\/www.dantza.com\/fr\/produit\/aceite-050-l-arbequina\/","title":{"rendered":"Huile 0,50 L Arbequina"},"content":{"rendered":"<p data-start=\"588\" data-end=\"788\">Nuestro <strong data-start=\"596\" data-end=\"616\">aceite arbequina<\/strong> es un <strong data-start=\"623\" data-end=\"655\">aceite de oliva virgen extra<\/strong> elaborado a partir de <strong data-start=\"678\" data-end=\"716\">aceitunas de la variedad arbequina<\/strong>, reconocida por producir aceites <strong data-start=\"750\" data-end=\"787\">suaves, arom\u00e1ticos y equilibrados<\/strong>.<\/p>\n<p data-start=\"790\" data-end=\"998\">El <strong data-start=\"793\" data-end=\"822\">aceite de oliva arbequina<\/strong> se caracteriza por su <strong data-start=\"845\" data-end=\"869\">bajo amargor y picor<\/strong>, con notas frutadas y un sabor delicado, lo que lo convierte en una opci\u00f3n ideal tanto para consumir en crudo como para cocinar.<\/p>\n<p data-start=\"1000\" data-end=\"1180\">Presentado en <strong data-start=\"1014\" data-end=\"1040\">formato de 0,50 litros<\/strong>, este aceite arbequina es perfecto para el uso diario en cocina y para quienes buscan un aceite de calidad con un perfil suave y agradable.<\/p>\n<h4 data-start=\"1182\" data-end=\"1214\">Caracter\u00edsticas principales<\/h4>\n<ul data-start=\"1215\" data-end=\"1396\">\n<li data-start=\"1215\" data-end=\"1259\">\n<p data-start=\"1217\" data-end=\"1259\"><strong data-start=\"1217\" data-end=\"1259\">Aceite de oliva virgen extra arbequina<\/strong><\/p>\n<\/li>\n<li data-start=\"1260\" data-end=\"1287\">\n<p data-start=\"1262\" data-end=\"1287\">Sabor suave y equilibrado<\/p>\n<\/li>\n<li data-start=\"1288\" data-end=\"1310\">\n<p data-start=\"1290\" data-end=\"1310\">Bajo amargor y picor<\/p>\n<\/li>\n<li data-start=\"1311\" data-end=\"1340\">\n<p data-start=\"1313\" data-end=\"1340\">Notas frutadas y arom\u00e1ticas<\/p>\n<\/li>\n<li data-start=\"1341\" data-end=\"1379\">\n<p data-start=\"1343\" data-end=\"1379\">Ideal para consumo en crudo y cocina<\/p>\n<\/li>\n<li data-start=\"1380\" data-end=\"1396\">\n<p data-start=\"1382\" data-end=\"1396\">Formato 0,50 L<\/p>\n<\/li>\n<\/ul>\n<h4 data-start=\"1398\" data-end=\"1420\">Usos recomendados<\/h4>\n<p data-start=\"1421\" data-end=\"1458\">El aceite arbequina es perfecto para:<\/p>\n<ul data-start=\"1459\" data-end=\"1571\">\n<li data-start=\"1459\" data-end=\"1481\">\n<p data-start=\"1461\" data-end=\"1481\">Ensaladas y verduras<\/p>\n<\/li>\n<li data-start=\"1482\" data-end=\"1503\">\n<p data-start=\"1484\" data-end=\"1503\">Pescados y mariscos<\/p>\n<\/li>\n<li data-start=\"1504\" data-end=\"1531\">\n<p data-start=\"1506\" data-end=\"1531\">Mayonesas y salsas suaves<\/p>\n<\/li>\n<li data-start=\"1532\" data-end=\"1544\">\n<p data-start=\"1534\" data-end=\"1544\">Reposter\u00eda<\/p>\n<\/li>\n<li data-start=\"1545\" data-end=\"1571\">\n<p data-start=\"1547\" data-end=\"1571\">Consumo en crudo con pan<\/p>\n<\/li>\n<\/ul>\n<h4 data-start=\"1573\" data-end=\"1590\">Ingredients<\/h4>\n<p data-start=\"1591\" data-end=\"1646\">Aceite de oliva virgen extra 100% (variedad arbequina).<\/p>\n<h4 data-start=\"1648\" data-end=\"1665\">Conservaci\u00f3n<\/h4>\n<p data-start=\"1666\" data-end=\"1768\">Conservar en lugar fresco y seco, protegido de la luz y del calor para preservar todas sus cualidades.<\/p>","protected":false},"excerpt":{"rendered":"<h5>Huile 0,50 L Arbequina<\/h5>\n<p class=\"translation-block\"><strong>Serie Oro: une s\u00e9lection tri\u00e9e sur le volet<\/strong><br>\nLa gamme Serie Oro de Dantza a \u00e9t\u00e9 cr\u00e9\u00e9e pour se surpasser en termes de qualit\u00e9 et pour satisfaire les exigences des palais les plus raffin\u00e9s. Il s\u2019agit de produits d\u2019origine certifi\u00e9e, s\u00e9lectionn\u00e9s au d\u00e9tail, prot\u00e9g\u00e9s par les conseils de r\u00e9gulation et cultiv\u00e9s par des agriculteurs du groupe.<br>\nAsperges de Navarre, artichauts de Tudela, piquillos de Lodosa et autres r\u00e9f\u00e9rences d\u2019exception, telles que les p\u00eaches ou l\u2019huile d\u2019olive vierge extra.<\/p>","protected":false},"featured_media":3714,"template":"","meta":[],"product_brand":[],"product_cat":[73,68],"product_tag":[],"class_list":{"0":"post-1159","1":"product","2":"type-product","3":"status-publish","4":"has-post-thumbnail","6":"product_cat-aceite","7":"product_cat-serie-oro","9":"first","10":"instock","11":"shipping-taxable","12":"product-type-simple"},"_links":{"self":[{"href":"https:\/\/www.dantza.com\/fr\/wp-json\/wp\/v2\/product\/1159","targetHints":{"allow":["GET"]}}],"collection":[{"href":"https:\/\/www.dantza.com\/fr\/wp-json\/wp\/v2\/product"}],"about":[{"href":"https:\/\/www.dantza.com\/fr\/wp-json\/wp\/v2\/types\/product"}],"wp:featuredmedia":[{"embeddable":true,"href":"https:\/\/www.dantza.com\/fr\/wp-json\/wp\/v2\/media\/3714"}],"wp:attachment":[{"href":"https:\/\/www.dantza.com\/fr\/wp-json\/wp\/v2\/media?parent=1159"}],"wp:term":[{"taxonomy":"product_brand","embeddable":true,"href":"https:\/\/www.dantza.com\/fr\/wp-json\/wp\/v2\/product_brand?post=1159"},{"taxonomy":"product_cat","embeddable":true,"href":"https:\/\/www.dantza.com\/fr\/wp-json\/wp\/v2\/product_cat?post=1159"},{"taxonomy":"product_tag","embeddable":true,"href":"https:\/\/www.dantza.com\/fr\/wp-json\/wp\/v2\/product_tag?post=1159"}],"curies":[{"name":"wp","href":"https:\/\/api.w.org\/{rel}","templated":true}]}}