{"id":1162,"date":"2023-05-06T10:26:10","date_gmt":"2023-05-06T10:26:10","guid":{"rendered":"https:\/\/new.dantza.com\/?post_type=product&#038;p=1162"},"modified":"2025-12-18T09:46:22","modified_gmt":"2025-12-18T09:46:22","slug":"piquillo-relleno-de-merluza-y-gambas","status":"publish","type":"product","link":"https:\/\/www.dantza.com\/fr\/produit\/piquillo-relleno-de-merluza-y-gambas\/","title":{"rendered":"Piquillo farci de merlu et crevettes"},"content":{"rendered":"<p data-start=\"678\" data-end=\"960\">Nuestro <a href=\"https:\/\/www.dantza.com\/fr\/productos\/pimiento-de-piquillo\/\"><strong data-start=\"686\" data-end=\"726\">piquillo relleno de merluza y gambas<\/strong><\/a> est\u00e1 elaborado con <strong data-start=\"746\" data-end=\"801\">pimientos del piquillo cuidadosamente seleccionados<\/strong>, rellenos con una <strong data-start=\"820\" data-end=\"866\">suave y sabrosa mezcla de merluza y gambas<\/strong>, preparada siguiendo una <strong data-start=\"892\" data-end=\"914\">receta tradicional<\/strong> que realza el sabor del pescado y el marisco.<\/p>\n<p data-start=\"962\" data-end=\"1211\">Los <strong data-start=\"966\" data-end=\"1033\">pimientos del piquillo rellenos de merluza y gambas en conserva<\/strong> son una opci\u00f3n perfecta para quienes buscan un <strong data-start=\"1081\" data-end=\"1120\">plato preparado de calidad superior<\/strong>, f\u00e1cil de calentar y servir, ideal tanto para ocasiones especiales como para el d\u00eda a d\u00eda.<\/p>\n<p data-start=\"1213\" data-end=\"1407\">Gracias a su cuidada elaboraci\u00f3n, este producto ofrece una <strong data-start=\"1272\" data-end=\"1303\">textura tierna del piquillo<\/strong> y un <strong data-start=\"1309\" data-end=\"1352\">relleno cremoso, delicado y equilibrado<\/strong>, convirti\u00e9ndolo en una propuesta gastron\u00f3mica premium.<\/p>\n<h4 data-start=\"1409\" data-end=\"1441\">Caracter\u00edsticas principales<\/h4>\n<ul data-start=\"1442\" data-end=\"1649\">\n<li data-start=\"1442\" data-end=\"1486\">\n<p data-start=\"1444\" data-end=\"1486\"><strong data-start=\"1444\" data-end=\"1486\">Piquillos rellenos de merluza y gambas<\/strong><\/p>\n<\/li>\n<li data-start=\"1487\" data-end=\"1524\">\n<p data-start=\"1489\" data-end=\"1524\">Plato preparado listo para consumir<\/p>\n<\/li>\n<li data-start=\"1525\" data-end=\"1563\">\n<p data-start=\"1527\" data-end=\"1563\">Relleno cremoso de pescado y marisco<\/p>\n<\/li>\n<li data-start=\"1564\" data-end=\"1591\">\n<p data-start=\"1566\" data-end=\"1591\">Piquillo tierno y carnoso<\/p>\n<\/li>\n<li data-start=\"1592\" data-end=\"1612\">\n<p data-start=\"1594\" data-end=\"1612\">Receta tradicional<\/p>\n<\/li>\n<li data-start=\"1613\" data-end=\"1649\">\n<p data-start=\"1615\" data-end=\"1649\">Ideal como plato principal gourmet<\/p>\n<\/li>\n<\/ul>\n<h4 data-start=\"1794\" data-end=\"1813\">Modo de empleo<\/h4>\n<p data-start=\"1814\" data-end=\"1916\">Calentar a fuego suave o en microondas y servir. Puede acompa\u00f1arse de salsa suave o guarnici\u00f3n ligera.<\/p>\n<h4 data-start=\"1918\" data-end=\"1935\">Conservaci\u00f3n<\/h4>\n<p data-start=\"1936\" data-end=\"2040\">Conservar en lugar fresco y seco. Una vez abierto, mantener refrigerado y consumir antes de 24\u201348 horas.<\/p>","protected":false},"excerpt":{"rendered":"<h5>Piquillo farci de merlu et crevettes<\/h5>\n<p><strong>Piquillos<\/strong><br \/>\nDe Navarre ou de Lodosa. Des poivrons \u00e9labor\u00e9s de mani\u00e8re tr\u00e8s minutieuse, en passant du feu \u00e0 l\u2019\u00e9pluchage, sans rin\u00e7age pour conserver toute leur saveur.<\/p>","protected":false},"featured_media":1277,"template":"","meta":[],"product_brand":[],"product_cat":[44,74],"product_tag":[],"class_list":{"0":"post-1162","1":"product","2":"type-product","3":"status-publish","4":"has-post-thumbnail","6":"product_cat-pimiento-de-piquillo","7":"product_cat-rellenos","9":"first","10":"instock","11":"shipping-taxable","12":"product-type-simple"},"_links":{"self":[{"href":"https:\/\/www.dantza.com\/fr\/wp-json\/wp\/v2\/product\/1162","targetHints":{"allow":["GET"]}}],"collection":[{"href":"https:\/\/www.dantza.com\/fr\/wp-json\/wp\/v2\/product"}],"about":[{"href":"https:\/\/www.dantza.com\/fr\/wp-json\/wp\/v2\/types\/product"}],"wp:featuredmedia":[{"embeddable":true,"href":"https:\/\/www.dantza.com\/fr\/wp-json\/wp\/v2\/media\/1277"}],"wp:attachment":[{"href":"https:\/\/www.dantza.com\/fr\/wp-json\/wp\/v2\/media?parent=1162"}],"wp:term":[{"taxonomy":"product_brand","embeddable":true,"href":"https:\/\/www.dantza.com\/fr\/wp-json\/wp\/v2\/product_brand?post=1162"},{"taxonomy":"product_cat","embeddable":true,"href":"https:\/\/www.dantza.com\/fr\/wp-json\/wp\/v2\/product_cat?post=1162"},{"taxonomy":"product_tag","embeddable":true,"href":"https:\/\/www.dantza.com\/fr\/wp-json\/wp\/v2\/product_tag?post=1162"}],"curies":[{"name":"wp","href":"https:\/\/api.w.org\/{rel}","templated":true}]}}