{"id":1171,"date":"2023-05-06T10:26:10","date_gmt":"2023-05-06T10:26:10","guid":{"rendered":"https:\/\/new.dantza.com\/?post_type=product&#038;p=1171"},"modified":"2025-12-18T10:10:38","modified_gmt":"2025-12-18T10:10:38","slug":"tomate-frito-3kg","status":"publish","type":"product","link":"https:\/\/www.dantza.com\/fr\/produit\/tomate-frito-3kg\/","title":{"rendered":"Tomate cuisin\u00e9e 3Kg"},"content":{"rendered":"<p data-start=\"435\" data-end=\"775\">Nuestro <strong data-start=\"443\" data-end=\"459\">tomate frito<\/strong> en formato <strong data-start=\"471\" data-end=\"479\">3 kg<\/strong> est\u00e1 elaborado con <strong data-start=\"499\" data-end=\"532\">tomates maduros seleccionados<\/strong>, cocinados lentamente siguiendo una <strong data-start=\"569\" data-end=\"591\">receta tradicional<\/strong> para obtener un sabor equilibrado, textura homog\u00e9nea y un color intenso. Es una soluci\u00f3n pr\u00e1ctica y rentable, pensada especialmente para <strong data-start=\"729\" data-end=\"774\">hosteler\u00eda, restauraci\u00f3n y colectividades<\/strong>.<\/p>\n<p data-start=\"777\" data-end=\"1001\">Este <strong data-start=\"782\" data-end=\"810\">tomate frito en conserva<\/strong> mantiene todo el sabor del tomate cocinado, siendo una base ideal para multitud de recetas. Su formato grande garantiza <strong data-start=\"931\" data-end=\"1000\">rendimiento, ahorro de tiempo y regularidad en cocina profesional<\/strong>.<\/p>\n<h3 data-start=\"1395\" data-end=\"1424\">Ventajas del formato 3 kg<\/h3>\n<ul data-start=\"1425\" data-end=\"1587\">\n<li data-start=\"1425\" data-end=\"1455\">\n<p data-start=\"1427\" data-end=\"1455\">Ideal para uso profesional<\/p>\n<\/li>\n<li data-start=\"1456\" data-end=\"1481\">\n<p data-start=\"1458\" data-end=\"1481\">Excelente rendimiento<\/p>\n<\/li>\n<li data-start=\"1482\" data-end=\"1518\">\n<p data-start=\"1484\" data-end=\"1518\">Sabor constante en cada servicio<\/p>\n<\/li>\n<li data-start=\"1519\" data-end=\"1549\">\n<p data-start=\"1521\" data-end=\"1549\">Ahorro de tiempo en cocina<\/p>\n<\/li>\n<li data-start=\"1550\" data-end=\"1587\">\n<p data-start=\"1552\" data-end=\"1587\">Perfecto para grandes elaboraciones<\/p>\n<\/li>\n<\/ul>\n<h3 data-start=\"1594\" data-end=\"1615\">Usos recomendados<\/h3>\n<ul data-start=\"1616\" data-end=\"1766\">\n<li data-start=\"1616\" data-end=\"1635\">\n<p data-start=\"1618\" data-end=\"1635\">Pasta y arroces<\/p>\n<\/li>\n<li data-start=\"1636\" data-end=\"1667\">\n<p data-start=\"1638\" data-end=\"1667\">Bases para pizzas y lasa\u00f1as<\/p>\n<\/li>\n<li data-start=\"1668\" data-end=\"1690\">\n<p data-start=\"1670\" data-end=\"1690\">Guisos y estofados<\/p>\n<\/li>\n<li data-start=\"1691\" data-end=\"1728\">\n<p data-start=\"1693\" data-end=\"1728\">Huevos fritos y platos combinados<\/p>\n<\/li>\n<li data-start=\"1729\" data-end=\"1766\">\n<p data-start=\"1731\" data-end=\"1766\">Cocina profesional y colectividades<\/p>\n<\/li>\n<\/ul>\n<h3 data-start=\"1773\" data-end=\"1789\">Conservaci\u00f3n<\/h3>\n<p data-start=\"1790\" data-end=\"1906\">Conservar en lugar fresco y seco. Una vez abierto el envase, mantener refrigerado y consumir en un m\u00e1ximo de 5 d\u00edas.<\/p>","protected":false},"excerpt":{"rendered":"<p style=\"text-align: right;\"><a>RETOUR<\/a><\/p>\n<h5>Tomate cuisin\u00e9e 3Kg<\/h5>\n<p><strong>Sp\u00e9cial Foodservice<\/strong><br \/>\nLes meilleurs produits de notre potager directement dans votre \u00e9tablissement. Les produits de toujours dans des formats sp\u00e9ciaux.<\/p>","protected":false},"featured_media":3078,"template":"","meta":[],"product_brand":[],"product_cat":[76],"product_tag":[],"class_list":{"0":"post-1171","1":"product","2":"type-product","3":"status-publish","4":"has-post-thumbnail","6":"product_cat-tomate-foodservice","8":"first","9":"instock","10":"shipping-taxable","11":"product-type-simple"},"_links":{"self":[{"href":"https:\/\/www.dantza.com\/fr\/wp-json\/wp\/v2\/product\/1171","targetHints":{"allow":["GET"]}}],"collection":[{"href":"https:\/\/www.dantza.com\/fr\/wp-json\/wp\/v2\/product"}],"about":[{"href":"https:\/\/www.dantza.com\/fr\/wp-json\/wp\/v2\/types\/product"}],"wp:featuredmedia":[{"embeddable":true,"href":"https:\/\/www.dantza.com\/fr\/wp-json\/wp\/v2\/media\/3078"}],"wp:attachment":[{"href":"https:\/\/www.dantza.com\/fr\/wp-json\/wp\/v2\/media?parent=1171"}],"wp:term":[{"taxonomy":"product_brand","embeddable":true,"href":"https:\/\/www.dantza.com\/fr\/wp-json\/wp\/v2\/product_brand?post=1171"},{"taxonomy":"product_cat","embeddable":true,"href":"https:\/\/www.dantza.com\/fr\/wp-json\/wp\/v2\/product_cat?post=1171"},{"taxonomy":"product_tag","embeddable":true,"href":"https:\/\/www.dantza.com\/fr\/wp-json\/wp\/v2\/product_tag?post=1171"}],"curies":[{"name":"wp","href":"https:\/\/api.w.org\/{rel}","templated":true}]}}